{"id":18,"date":"2015-03-02T08:04:41","date_gmt":"2015-03-02T08:04:41","guid":{"rendered":"http:\/\/blog.cofan.es\/electroval-es\/?page_id=16"},"modified":"2024-09-05T14:53:41","modified_gmt":"2024-09-05T14:53:41","slug":"productos-y-servicios","status":"publish","type":"page","link":"https:\/\/blog.cofan.es\/electroval\/productos-y-servicios\/","title":{"rendered":"Productos y Servicios"},"content":{"rendered":"<div class=\"wpb-content-wrapper\"><p>[vc_row css_animation=&#8221;&#8221; row_type=&#8221;row&#8221; use_row_as_full_screen_section=&#8221;no&#8221; type=&#8221;full_width&#8221; angled_section=&#8221;no&#8221; text_align=&#8221;left&#8221; background_image_as_pattern=&#8221;without_pattern&#8221; bg_color=&#8221;#f6f6f6&#8243;][vc_column el_class=&#8221;productos&#8221;][vc_column_text]<\/p>\n<h2 style=\"text-align: center;\"><span style=\"color: #000000;\">AMPLIA GAMA DE PRODUCTOS Y SERVICIOS A TU DISPOSICI\u00d3N<\/span><\/h2>\n<p style=\"text-align: center;\"><span style=\"color: #000000;\">Ponemos a tu disposici\u00f3n las mejores marcas del sector y un asesoramiento t\u00e9cnico personalizado.<\/span><\/p>\n<p>[\/vc_column_text][\/vc_column][\/vc_row][vc_row css_animation=&#8221;&#8221; row_type=&#8221;row&#8221; use_row_as_full_screen_section=&#8221;no&#8221; type=&#8221;full_width&#8221; angled_section=&#8221;no&#8221; text_align=&#8221;left&#8221; background_image_as_pattern=&#8221;without_pattern&#8221; css=&#8221;.vc_custom_1482335026502{padding-top: 30px !important;}&#8221;][vc_column width=&#8221;1\/3&#8243;][vc_column_text]<\/p>\n<h3 style=\"text-align: left;\"><span style=\"color: #000000;\">SUMINISTRO INDUSTRIAL, FERRETER\u00cdA Y BRICOLAJE<\/span><\/h3>\n<p>[\/vc_column_text][vc_row_inner row_type=&#8221;row&#8221; type=&#8221;full_width&#8221; text_align=&#8221;left&#8221; css_animation=&#8221;&#8221; css=&#8221;.vc_custom_1482335085951{padding-top: 15px !important;}&#8221;][vc_column_inner][vc_column_text]<\/p>\n<p style=\"text-align: center;\"><a href=\"\/productos-y-servicios\/\"><img loading=\"lazy\" decoding=\"async\" class=\"alignnone size-full wp-image-363 alignleft\" src=\"\/wp-content\/uploads\/sites\/23\/2015\/03\/ferreteria-cofan-productos.jpg\" alt=\"ferreteria-cofan-productos\" width=\"347\" height=\"248\" srcset=\"https:\/\/blog.cofan.es\/electroval\/wp-content\/uploads\/sites\/23\/2015\/03\/ferreteria-cofan-productos.jpg 347w, https:\/\/blog.cofan.es\/electroval\/wp-content\/uploads\/sites\/23\/2015\/03\/ferreteria-cofan-productos-300x214.jpg 300w, https:\/\/blog.cofan.es\/electroval\/wp-content\/uploads\/sites\/23\/2015\/03\/ferreteria-cofan-productos-70x50.jpg 70w\" sizes=\"auto, (max-width: 347px) 100vw, 347px\" \/><\/a><\/p>\n<p>[\/vc_column_text][\/vc_column_inner][\/vc_row_inner][vc_row_inner row_type=&#8221;row&#8221; type=&#8221;full_width&#8221; text_align=&#8221;left&#8221; css_animation=&#8221;&#8221; css=&#8221;.vc_custom_1482335182657{padding-top: 15px !important;}&#8221;][vc_column_inner][vc_column_text]<span style=\"color: #000000;\">Nos caracterizamos por ofrecer una amplia gama de productos. En nuestra tienda siempre encontrar\u00e1 lo que viene buscando.<\/span>[\/vc_column_text][\/vc_column_inner][\/vc_row_inner][\/vc_column][vc_column width=&#8221;1\/3&#8243;][vc_column_text]<\/p>\n<h3 style=\"text-align: left;\"><span style=\"color: #000000;\">DISTRIBUIDOR OFICIAL Y SERVICIO T\u00c9CNICO<\/span><\/h3>\n<p>[\/vc_column_text][vc_row_inner row_type=&#8221;row&#8221; type=&#8221;full_width&#8221; text_align=&#8221;left&#8221; css_animation=&#8221;&#8221; css=&#8221;.vc_custom_1482335114949{padding-top: 15px !important;}&#8221;][vc_column_inner][vc_column_text]<\/p>\n<p style=\"text-align: center;\"><a href=\"\/distribuidor-oficial-y-servicio-tecnico\/\"><img loading=\"lazy\" decoding=\"async\" class=\"size-full wp-image-364 alignleft\" src=\"\/wp-content\/uploads\/sites\/23\/2015\/03\/productos-distribuidor-stihl-viking-metabo.jpg\" alt=\"productos-distribuidor-stihl-viking-metabo\" width=\"347\" height=\"248\" srcset=\"https:\/\/blog.cofan.es\/electroval\/wp-content\/uploads\/sites\/23\/2015\/03\/productos-distribuidor-stihl-viking-metabo.jpg 347w, https:\/\/blog.cofan.es\/electroval\/wp-content\/uploads\/sites\/23\/2015\/03\/productos-distribuidor-stihl-viking-metabo-300x214.jpg 300w, https:\/\/blog.cofan.es\/electroval\/wp-content\/uploads\/sites\/23\/2015\/03\/productos-distribuidor-stihl-viking-metabo-70x50.jpg 70w\" sizes=\"auto, (max-width: 347px) 100vw, 347px\" \/><\/a><\/p>\n<p>[\/vc_column_text][\/vc_column_inner][\/vc_row_inner][vc_row_inner row_type=&#8221;row&#8221; type=&#8221;full_width&#8221; text_align=&#8221;left&#8221; css_animation=&#8221;&#8221; css=&#8221;.vc_custom_1482335229679{padding-top: 15px !important;}&#8221;][vc_column_inner][vc_column_text]<span style=\"color: #000000;\">Distribuidor Oficial y Servicio T\u00e9cnico STIHL, VIKING y METABO. Nuestro objetivo es ofrecerte las m\u00e1quinas que mejor se adapten a tus necesidades.<\/span>[\/vc_column_text][\/vc_column_inner][\/vc_row_inner][\/vc_column][vc_column width=&#8221;1\/3&#8243;][vc_column_text]<\/p>\n<h3 style=\"text-align: left;\"><span style=\"color: #000000;\">OFRECEMOS SERVICIO DE REPARACI\u00d3N Y FABRICACI\u00d3N<\/span><\/h3>\n<p>[\/vc_column_text][vc_row_inner row_type=&#8221;row&#8221; type=&#8221;full_width&#8221; text_align=&#8221;left&#8221; css_animation=&#8221;&#8221; css=&#8221;.vc_custom_1482335119703{padding-top: 15px !important;}&#8221;][vc_column_inner][vc_column_text]<a href=\"\/servicio-de-reparacion\/\"><img loading=\"lazy\" decoding=\"async\" class=\"size-full wp-image-365 alignleft\" src=\"\/wp-content\/uploads\/sites\/23\/2015\/03\/servicios-bobinado.jpg\" alt=\"servicios-bobinado\" width=\"347\" height=\"248\" srcset=\"https:\/\/blog.cofan.es\/electroval\/wp-content\/uploads\/sites\/23\/2015\/03\/servicios-bobinado.jpg 347w, https:\/\/blog.cofan.es\/electroval\/wp-content\/uploads\/sites\/23\/2015\/03\/servicios-bobinado-300x214.jpg 300w, https:\/\/blog.cofan.es\/electroval\/wp-content\/uploads\/sites\/23\/2015\/03\/servicios-bobinado-70x50.jpg 70w\" sizes=\"auto, (max-width: 347px) 100vw, 347px\" \/><\/a>[\/vc_column_text][\/vc_column_inner][\/vc_row_inner][vc_row_inner row_type=&#8221;row&#8221; type=&#8221;full_width&#8221; text_align=&#8221;left&#8221; css_animation=&#8221;&#8221; css=&#8221;.vc_custom_1482335182657{padding-top: 15px !important;}&#8221;][vc_column_inner][vc_column_text]<span style=\"color: #000000;\">Ponemos a tu disposici\u00f3n nuestro servicio de reparaci\u00f3n, incluyendo servicios como el bobinado de motores y la fabricaci\u00f3n de latiguillos hidr\u00e1ulicos.<\/span>[\/vc_column_text][\/vc_column_inner][\/vc_row_inner][\/vc_column][\/vc_row][vc_row css_animation=&#8221;&#8221; row_type=&#8221;row&#8221; use_row_as_full_screen_section=&#8221;no&#8221; type=&#8221;full_width&#8221; angled_section=&#8221;no&#8221; text_align=&#8221;left&#8221; background_image_as_pattern=&#8221;without_pattern&#8221; css=&#8221;.vc_custom_1482335430936{padding-top: 60px !important;padding-bottom: 30px !important;}&#8221;][vc_column width=&#8221;1\/6&#8243;][vc_single_image image=&#8221;484&#8243; img_size=&#8221;158&#215;36&#8243; css=&#8221;&#8221; qode_css_animation=&#8221;&#8221;][\/vc_column][vc_column width=&#8221;1\/6&#8243;][vc_single_image image=&#8221;290&#8243; img_size=&#8221;full&#8221; qode_css_animation=&#8221;&#8221;][\/vc_column][vc_column width=&#8221;1\/6&#8243;][vc_single_image image=&#8221;291&#8243; img_size=&#8221;full&#8221; qode_css_animation=&#8221;&#8221;][\/vc_column][vc_column width=&#8221;1\/6&#8243;][vc_single_image image=&#8221;292&#8243; img_size=&#8221;full&#8221; qode_css_animation=&#8221;&#8221;][\/vc_column][vc_column width=&#8221;1\/6&#8243;][vc_single_image image=&#8221;293&#8243; img_size=&#8221;full&#8221; qode_css_animation=&#8221;&#8221;][\/vc_column][vc_column width=&#8221;1\/6&#8243;][vc_single_image image=&#8221;294&#8243; img_size=&#8221;full&#8221; qode_css_animation=&#8221;&#8221;][\/vc_column][\/vc_row]<\/p>\n<\/div>","protected":false},"excerpt":{"rendered":"<p>[vc_row css_animation=&#8221;&#8221; row_type=&#8221;row&#8221; use_row_as_full_screen_section=&#8221;no&#8221; type=&#8221;full_width&#8221; angled_section=&#8221;no&#8221; text_align=&#8221;left&#8221; background_image_as_pattern=&#8221;without_pattern&#8221; bg_color=&#8221;#f6f6f6&#8243;][vc_column el_class=&#8221;productos&#8221;][vc_column_text] AMPLIA GAMA DE PRODUCTOS Y SERVICIOS A TU DISPOSICI\u00d3N Ponemos a tu disposici\u00f3n las mejores marcas del sector y un asesoramiento t\u00e9cnico personalizado. [\/vc_column_text][\/vc_column][\/vc_row][vc_row css_animation=&#8221;&#8221; row_type=&#8221;row&#8221; use_row_as_full_screen_section=&#8221;no&#8221; type=&#8221;full_width&#8221; angled_section=&#8221;no&#8221; text_align=&#8221;left&#8221; background_image_as_pattern=&#8221;without_pattern&#8221; css=&#8221;.vc_custom_1482335026502{padding-top: 30px !important;}&#8221;][vc_column width=&#8221;1\/3&#8243;][vc_column_text]&#8230;<\/p>\n","protected":false},"author":3,"featured_media":0,"parent":0,"menu_order":0,"comment_status":"closed","ping_status":"closed","template":"","meta":{"footnotes":""},"class_list":["post-18","page","type-page","status-publish","hentry"],"_links":{"self":[{"href":"https:\/\/blog.cofan.es\/electroval\/wp-json\/wp\/v2\/pages\/18","targetHints":{"allow":["GET"]}}],"collection":[{"href":"https:\/\/blog.cofan.es\/electroval\/wp-json\/wp\/v2\/pages"}],"about":[{"href":"https:\/\/blog.cofan.es\/electroval\/wp-json\/wp\/v2\/types\/page"}],"author":[{"embeddable":true,"href":"https:\/\/blog.cofan.es\/electroval\/wp-json\/wp\/v2\/users\/3"}],"replies":[{"embeddable":true,"href":"https:\/\/blog.cofan.es\/electroval\/wp-json\/wp\/v2\/comments?post=18"}],"version-history":[{"count":15,"href":"https:\/\/blog.cofan.es\/electroval\/wp-json\/wp\/v2\/pages\/18\/revisions"}],"predecessor-version":[{"id":488,"href":"https:\/\/blog.cofan.es\/electroval\/wp-json\/wp\/v2\/pages\/18\/revisions\/488"}],"wp:attachment":[{"href":"https:\/\/blog.cofan.es\/electroval\/wp-json\/wp\/v2\/media?parent=18"}],"curies":[{"name":"wp","href":"https:\/\/api.w.org\/{rel}","templated":true}]}}