{"id":15,"date":"2015-03-02T08:03:28","date_gmt":"2015-03-02T08:03:28","guid":{"rendered":"http:\/\/blog.cofan.es\/electroval-es\/?page_id=10"},"modified":"2016-12-21T15:41:46","modified_gmt":"2016-12-21T15:41:46","slug":"empresa","status":"publish","type":"page","link":"https:\/\/blog.cofan.es\/electroval\/empresa\/","title":{"rendered":"Empresa"},"content":{"rendered":"<div class=\"wpb-content-wrapper\"><p>[vc_row css_animation=&#8221;&#8221; row_type=&#8221;row&#8221; use_row_as_full_screen_section=&#8221;no&#8221; type=&#8221;full_width&#8221; angled_section=&#8221;no&#8221; text_align=&#8221;left&#8221; background_image_as_pattern=&#8221;without_pattern&#8221; background_color=&#8221;#ffffff&#8221; border_color=&#8221;#ffffff&#8221; full_width=&#8221;stretch_row&#8221; top_padding=&#8221;40&#8243; css=&#8221;.vc_custom_1482334729219{background-color: #ffffff !important;}&#8221;][vc_column el_class=&#8221;empresa&#8221; css=&#8221;.vc_custom_1482334757571{background-color: #ffffff !important;}&#8221;][vc_column_text]<\/p>\n<h2 style=\"text-align: center;\"><span style=\"color: #000000;\">ELECTROVAL, SOLUCIONES INDUSTRIALES<\/span><\/h2>\n<p style=\"text-align: center;\"><span style=\"color: #000000;\">Ofrecemos soluciones al sector profesional, siempre regidos por criterios de calidad.<\/span><\/p>\n<p>[\/vc_column_text][\/vc_column][\/vc_row][vc_row css_animation=&#8221;&#8221; row_type=&#8221;row&#8221; use_row_as_full_screen_section=&#8221;no&#8221; type=&#8221;full_width&#8221; angled_section=&#8221;no&#8221; text_align=&#8221;left&#8221; background_image_as_pattern=&#8221;without_pattern&#8221; css=&#8221;.vc_custom_1482334523617{padding-top: 30px !important;}&#8221;][vc_column][vc_row_inner row_type=&#8221;row&#8221; type=&#8221;full_width&#8221; text_align=&#8221;left&#8221; css_animation=&#8221;&#8221;][vc_column_inner][vc_column_text]<span style=\"color: #000000;\">Fundada en 1998, ELECTROVAL S.L. comenz\u00f3 su actividad industrial en un peque\u00f1o taller de L\u2019Alc\u00fadia (valencia). Siempre evolucionando desde su apertura, las reparaciones de maquinaria y las instalaciones el\u00e9ctricas dieron pas\u00f3 a la venta; en el a\u00f1o 2003 realizamos el traslado a las nuevas instalaciones (con una exposici\u00f3n para el p\u00fablico de m\u00e1s de 500 m2).<\/span><\/p>\n<p><span style=\"color: #000000;\">Es entonces cuando ELECTROVAL S.L. firma con <strong>COFAN<\/strong>, afianz\u00e1ndose como suministro industrial, ferreter\u00eda y bricolaje. Adem\u00e1s, nos convertimos en distribuidores y servicio oficial de grandes marcas como <b>STIHL, VIKING y METABO<\/b>.<\/span><\/p>\n<p><span style=\"color: #000000;\">Nuestra amplia gama de productos y servicios nos permite trabajar con las siguientes industrias:<\/span><\/p>\n<div id=\"content-lists\"><span style=\"color: #000000;\">\u00a0<\/span><\/div>\n<p>[\/vc_column_text][\/vc_column_inner][\/vc_row_inner][vc_row_inner row_type=&#8221;row&#8221; type=&#8221;full_width&#8221; text_align=&#8221;left&#8221; css_animation=&#8221;&#8221;][vc_column_inner width=&#8221;1\/4&#8243;][vc_column_text]<\/p>\n<ul>\n<li><span style=\"color: #000000;\">Aguas<\/span><\/li>\n<li><span style=\"color: #000000;\">Alimentaci\u00f3n<\/span><\/li>\n<li><span style=\"color: #000000;\">Piedra y m\u00e1rmol<\/span><\/li>\n<\/ul>\n<p>[\/vc_column_text][\/vc_column_inner][vc_column_inner width=&#8221;1\/4&#8243;][vc_column_text]<\/p>\n<ul>\n<li><span style=\"color: #000000;\">Cer\u00e1mica<\/span><\/li>\n<li><span style=\"color: #000000;\">Energ\u00edas Renovables<\/span><\/li>\n<li><span style=\"color: #000000;\">Envases y embalajes<\/span><\/li>\n<\/ul>\n<p>[\/vc_column_text][\/vc_column_inner][vc_column_inner width=&#8221;1\/4&#8243;][vc_column_text]<\/p>\n<ul>\n<li><span style=\"color: #000000;\">Madera<\/span><\/li>\n<li><span style=\"color: #000000;\">Metal<\/span><\/li>\n<li><span style=\"color: #000000;\">Naval<\/span><\/li>\n<\/ul>\n<p>[\/vc_column_text][\/vc_column_inner][vc_column_inner width=&#8221;1\/4&#8243;][vc_column_text]<\/p>\n<ul>\n<li><span style=\"color: #000000;\">Papel<\/span><\/li>\n<li><span style=\"color: #000000;\">Pl\u00e1stico<\/span><\/li>\n<li><span style=\"color: #000000;\">Textil<\/span><\/li>\n<\/ul>\n<p>[\/vc_column_text][\/vc_column_inner][\/vc_row_inner][vc_row_inner row_type=&#8221;row&#8221; type=&#8221;full_width&#8221; text_align=&#8221;left&#8221; css_animation=&#8221;&#8221; css=&#8221;.vc_custom_1482334598448{padding-top: 20px !important;}&#8221;][vc_column_inner][vc_column_text]<span style=\"color: #000000;\">La filosof\u00eda de ELECTROVAL S.L. ha sido y ser\u00e1 siempre la atenci\u00f3n personalizada a sus clientes. Con la puesta en marcha de nuestra p\u00e1gina web, queremos facilitar y mejorar esta atenci\u00f3n, dando una respuesta m\u00e1s r\u00e1pida y directa a sus necesidades.<\/span>[\/vc_column_text][\/vc_column_inner][\/vc_row_inner][vc_row_inner row_type=&#8221;row&#8221; type=&#8221;full_width&#8221; text_align=&#8221;left&#8221; css_animation=&#8221;&#8221; css=&#8221;.vc_custom_1482334612759{padding-top: 20px !important;padding-bottom: 30px !important;}&#8221;][vc_column_inner width=&#8221;1\/4&#8243;][vc_column_text]<\/p>\n<p style=\"text-align: center;\"><img loading=\"lazy\" decoding=\"async\" class=\"alignnone size-full wp-image-348\" src=\"\/wp-content\/uploads\/sites\/23\/2015\/03\/empresa-0-min.jpg\" alt=\"empresa-0-min\" width=\"514\" height=\"360\" srcset=\"https:\/\/blog.cofan.es\/electroval\/wp-content\/uploads\/sites\/23\/2015\/03\/empresa-0-min.jpg 514w, https:\/\/blog.cofan.es\/electroval\/wp-content\/uploads\/sites\/23\/2015\/03\/empresa-0-min-300x210.jpg 300w, https:\/\/blog.cofan.es\/electroval\/wp-content\/uploads\/sites\/23\/2015\/03\/empresa-0-min-70x50.jpg 70w\" sizes=\"auto, (max-width: 514px) 100vw, 514px\" \/><\/p>\n<p>[\/vc_column_text][\/vc_column_inner][vc_column_inner width=&#8221;1\/4&#8243;][vc_column_text]<\/p>\n<p style=\"text-align: center;\"><img loading=\"lazy\" decoding=\"async\" class=\"alignnone size-full wp-image-349\" src=\"\/wp-content\/uploads\/sites\/23\/2015\/03\/empresa-1-min.jpg\" alt=\"empresa-1-min\" width=\"514\" height=\"360\" srcset=\"https:\/\/blog.cofan.es\/electroval\/wp-content\/uploads\/sites\/23\/2015\/03\/empresa-1-min.jpg 514w, https:\/\/blog.cofan.es\/electroval\/wp-content\/uploads\/sites\/23\/2015\/03\/empresa-1-min-300x210.jpg 300w, https:\/\/blog.cofan.es\/electroval\/wp-content\/uploads\/sites\/23\/2015\/03\/empresa-1-min-70x50.jpg 70w\" sizes=\"auto, (max-width: 514px) 100vw, 514px\" \/><\/p>\n<p>[\/vc_column_text][\/vc_column_inner][vc_column_inner width=&#8221;1\/4&#8243;][vc_column_text]<\/p>\n<p style=\"text-align: center;\"><img loading=\"lazy\" decoding=\"async\" class=\"alignnone size-full wp-image-350\" src=\"\/wp-content\/uploads\/sites\/23\/2015\/03\/empresa-2-min.jpg\" alt=\"empresa-2-min\" width=\"514\" height=\"360\" srcset=\"https:\/\/blog.cofan.es\/electroval\/wp-content\/uploads\/sites\/23\/2015\/03\/empresa-2-min.jpg 514w, https:\/\/blog.cofan.es\/electroval\/wp-content\/uploads\/sites\/23\/2015\/03\/empresa-2-min-300x210.jpg 300w, https:\/\/blog.cofan.es\/electroval\/wp-content\/uploads\/sites\/23\/2015\/03\/empresa-2-min-70x50.jpg 70w\" sizes=\"auto, (max-width: 514px) 100vw, 514px\" \/><\/p>\n<p>[\/vc_column_text][\/vc_column_inner][vc_column_inner width=&#8221;1\/4&#8243;][vc_column_text]<\/p>\n<p style=\"text-align: center;\"><img loading=\"lazy\" decoding=\"async\" class=\"alignnone size-full wp-image-351\" src=\"\/wp-content\/uploads\/sites\/23\/2015\/03\/empresa-3-min.jpg\" alt=\"empresa-3-min\" width=\"514\" height=\"360\" srcset=\"https:\/\/blog.cofan.es\/electroval\/wp-content\/uploads\/sites\/23\/2015\/03\/empresa-3-min.jpg 514w, https:\/\/blog.cofan.es\/electroval\/wp-content\/uploads\/sites\/23\/2015\/03\/empresa-3-min-300x210.jpg 300w, https:\/\/blog.cofan.es\/electroval\/wp-content\/uploads\/sites\/23\/2015\/03\/empresa-3-min-70x50.jpg 70w\" sizes=\"auto, (max-width: 514px) 100vw, 514px\" \/><\/p>\n<p>[\/vc_column_text][\/vc_column_inner][\/vc_row_inner][\/vc_column][\/vc_row]<\/p>\n<\/div>","protected":false},"excerpt":{"rendered":"<p>[vc_row css_animation=&#8221;&#8221; row_type=&#8221;row&#8221; use_row_as_full_screen_section=&#8221;no&#8221; type=&#8221;full_width&#8221; angled_section=&#8221;no&#8221; text_align=&#8221;left&#8221; background_image_as_pattern=&#8221;without_pattern&#8221; background_color=&#8221;#ffffff&#8221; border_color=&#8221;#ffffff&#8221; full_width=&#8221;stretch_row&#8221; top_padding=&#8221;40&#8243; css=&#8221;.vc_custom_1482334729219{background-color: #ffffff !important;}&#8221;][vc_column el_class=&#8221;empresa&#8221; css=&#8221;.vc_custom_1482334757571{background-color: #ffffff !important;}&#8221;][vc_column_text] ELECTROVAL, SOLUCIONES INDUSTRIALES Ofrecemos soluciones al sector profesional, siempre regidos por criterios de calidad. [\/vc_column_text][\/vc_column][\/vc_row][vc_row css_animation=&#8221;&#8221; row_type=&#8221;row&#8221; use_row_as_full_screen_section=&#8221;no&#8221; type=&#8221;full_width&#8221; angled_section=&#8221;no&#8221; text_align=&#8221;left&#8221; background_image_as_pattern=&#8221;without_pattern&#8221; css=&#8221;.vc_custom_1482334523617{padding-top: 30px !important;}&#8221;][vc_column][vc_row_inner row_type=&#8221;row&#8221;&#8230;<\/p>\n","protected":false},"author":3,"featured_media":0,"parent":0,"menu_order":0,"comment_status":"closed","ping_status":"closed","template":"","meta":{"footnotes":""},"class_list":["post-15","page","type-page","status-publish","hentry"],"_links":{"self":[{"href":"https:\/\/blog.cofan.es\/electroval\/wp-json\/wp\/v2\/pages\/15","targetHints":{"allow":["GET"]}}],"collection":[{"href":"https:\/\/blog.cofan.es\/electroval\/wp-json\/wp\/v2\/pages"}],"about":[{"href":"https:\/\/blog.cofan.es\/electroval\/wp-json\/wp\/v2\/types\/page"}],"author":[{"embeddable":true,"href":"https:\/\/blog.cofan.es\/electroval\/wp-json\/wp\/v2\/users\/3"}],"replies":[{"embeddable":true,"href":"https:\/\/blog.cofan.es\/electroval\/wp-json\/wp\/v2\/comments?post=15"}],"version-history":[{"count":20,"href":"https:\/\/blog.cofan.es\/electroval\/wp-json\/wp\/v2\/pages\/15\/revisions"}],"predecessor-version":[{"id":454,"href":"https:\/\/blog.cofan.es\/electroval\/wp-json\/wp\/v2\/pages\/15\/revisions\/454"}],"wp:attachment":[{"href":"https:\/\/blog.cofan.es\/electroval\/wp-json\/wp\/v2\/media?parent=15"}],"curies":[{"name":"wp","href":"https:\/\/api.w.org\/{rel}","templated":true}]}}