{"id":14,"date":"2015-03-02T08:02:42","date_gmt":"2015-03-02T08:02:42","guid":{"rendered":"http:\/\/blog.cofan.es\/electroval-es\/?page_id=5"},"modified":"2024-09-05T15:04:41","modified_gmt":"2024-09-05T15:04:41","slug":"inicio","status":"publish","type":"page","link":"https:\/\/blog.cofan.es\/electroval\/","title":{"rendered":"Inicio"},"content":{"rendered":"<div class=\"wpb-content-wrapper\"><p>[vc_row css_animation=&#8221;&#8221; row_type=&#8221;row&#8221; use_row_as_full_screen_section=&#8221;no&#8221; type=&#8221;full_width&#8221; angled_section=&#8221;no&#8221; text_align=&#8221;left&#8221; background_image_as_pattern=&#8221;without_pattern&#8221;][vc_column][rev_slider_vc alias=&#8221;slider1&#8243;][\/vc_column][\/vc_row][vc_row css_animation=&#8221;&#8221; row_type=&#8221;row&#8221; use_row_as_full_screen_section=&#8221;no&#8221; type=&#8221;full_width&#8221; angled_section=&#8221;no&#8221; text_align=&#8221;left&#8221; background_image_as_pattern=&#8221;without_pattern&#8221; css=&#8221;.vc_custom_1482331907583{padding-top: 30px !important;}&#8221;][vc_column width=&#8221;1\/2&#8243;][vc_column_text css=&#8221;.vc_custom_1482331957779{padding-bottom: 20px !important;}&#8221;]<\/p>\n<h3><span style=\"color: #000000;\">BIENVENIDOS A NUESTRA WEB<\/span><\/h3>\n<p>[\/vc_column_text][vc_column_text]<img loading=\"lazy\" decoding=\"async\" class=\"alignnone size-full wp-image-302\" src=\"\/wp-content\/uploads\/sites\/23\/2015\/03\/fachada-electroval.jpg\" alt=\"fachada-electroval\" width=\"553\" height=\"270\" srcset=\"https:\/\/blog.cofan.es\/electroval\/wp-content\/uploads\/sites\/23\/2015\/03\/fachada-electroval.jpg 553w, https:\/\/blog.cofan.es\/electroval\/wp-content\/uploads\/sites\/23\/2015\/03\/fachada-electroval-300x146.jpg 300w\" sizes=\"auto, (max-width: 553px) 100vw, 553px\" \/><\/p>\n<p>[\/vc_column_text][vc_column_text]<span style=\"color: #000000;\">Somos una empresa de mantenimiento y suministro industrial que ofrece soluciones al sector profesional.<\/span><\/p>\n<p><span style=\"color: #000000;\">Siempre regidos por criterios de calidad, en ELECTROVAL S.L. dispone de una amplia gama de marcas y un asesoramiento t\u00e9cnico personalizado acorde a sus necesidades.<\/span>[\/vc_column_text][\/vc_column][vc_column width=&#8221;1\/2&#8243;][vc_column_text css=&#8221;.vc_custom_1482332509392{padding-bottom: 30px !important;}&#8221;]<\/p>\n<h3><span style=\"color: #000000;\">\u00bfPOR QU\u00c9 ELEGIRNOS?<\/span><\/h3>\n<p>[\/vc_column_text][vc_accordion style=&#8221;accordion&#8221;][vc_accordion_tab title=&#8221;Soluciones Industriales&#8221; title_color=&#8221;#777777&#8243; background_color=&#8221;#f8f8f8&#8243;][vc_column_text]Desempe\u00f1amos nuestra labor en todo tipo de industrias:<\/p>\n<p>Aguas, Alimentaci\u00f3n, Metal, Agricultura, M\u00e1rmol y Cer\u00e1mica, Madera, Papel, Textil, Pl\u00e1stico y Envases[\/vc_column_text][\/vc_accordion_tab][vc_accordion_tab title=&#8221;Amplia gama de productos a tu disposici\u00f3n&#8221; title_color=&#8221;#777777&#8243; background_color=&#8221;#f8f8f8&#8243;][vc_column_text]Pertenecemos al grupo nacional COFAN con m\u00e1s de 30.000 art\u00edculos referenciados. Lo que nos permite adaptarnos a las exigencias de un mercado cada vez m\u00e1s competitivo.[\/vc_column_text][\/vc_accordion_tab][vc_accordion_tab title=&#8221;Servicio de reparaci\u00f3n&#8221; title_color=&#8221;#777777&#8243; background_color=&#8221;#f8f8f8&#8243;][\/vc_accordion_tab][vc_accordion_tab title=&#8221;Distribuidor Oficial y Servicio T\u00e9cnico de las mejores marcas&#8221; title_color=&#8221;#777777&#8243; background_color=&#8221;#f8f8f8&#8243;][\/vc_accordion_tab][\/vc_accordion][\/vc_column][\/vc_row][vc_row css_animation=&#8221;&#8221; row_type=&#8221;row&#8221; use_row_as_full_screen_section=&#8221;no&#8221; type=&#8221;full_width&#8221; angled_section=&#8221;no&#8221; text_align=&#8221;left&#8221; background_image_as_pattern=&#8221;without_pattern&#8221; css=&#8221;.vc_custom_1482333507503{padding-top: 30px !important;}&#8221;][vc_column width=&#8221;1\/3&#8243;][vc_column_text]<a href=\"\/distribuidor-oficial-y-servicio-tecnico\/\"><img loading=\"lazy\" decoding=\"async\" class=\"size-full wp-image-311\" src=\"\/wp-content\/uploads\/sites\/23\/2015\/03\/productos-home-electroval.jpg\" alt=\"productos-home-electroval\" width=\"535\" height=\"220\" srcset=\"https:\/\/blog.cofan.es\/electroval\/wp-content\/uploads\/sites\/23\/2015\/03\/productos-home-electroval.jpg 535w, https:\/\/blog.cofan.es\/electroval\/wp-content\/uploads\/sites\/23\/2015\/03\/productos-home-electroval-300x123.jpg 300w\" sizes=\"auto, (max-width: 535px) 100vw, 535px\" \/><\/a>[\/vc_column_text][vc_column_text]<\/p>\n<h4 style=\"text-align: center;\"><strong><span style=\"color: #000000;\">DISTRIBUIDOR OFICIAL<\/span><\/strong><\/h4>\n<p>&nbsp;<\/p>\n<p style=\"text-align: center;\"><span style=\"color: #000000;\">Nuestro objetivo es ofrecerte lo mejor, y por ello ofrecemos un servicio de la m\u00e1s alta calidad. Servicio t\u00e9cnico para tus reparaciones.<br \/>\n<\/span><\/p>\n<p>[\/vc_column_text][\/vc_column][vc_column width=&#8221;1\/3&#8243;][vc_column_text css=&#8221;&#8221;]<\/p>\n<p style=\"text-align: center;\"><a href=\"https:\/\/www.cofan.es\/es\/privatearea\/login\/d4xj778r8\/\"><img decoding=\"async\" class=\"alignnone size-full wp-image-312\" src=\"\/wp-content\/uploads\/sites\/23\/2024\/09\/SUMINISTRO-INDUSTRIAL_336X139.jpg\" alt=\"compra-online-cofan-home-e1430216072605\" \/><\/a><\/p>\n<p>[\/vc_column_text][vc_column_text]<\/p>\n<h4 style=\"text-align: center;\"><strong><span style=\"color: #000000;\">SUMINISTRO INDUSTRIAL<\/span><\/strong><\/h4>\n<p>&nbsp;<\/p>\n<p style=\"text-align: center;\"><span style=\"color: #000000;\">Ponemos a disposici\u00f3n de nuestros clientes particulares la compra online de la marca Cofan. Garant\u00eda y calidad aseguradas s\u00f3lo registr\u00e1ndote.<\/span><\/p>\n<p>[\/vc_column_text][\/vc_column][vc_column width=&#8221;1\/3&#8243;][vc_column_text]<a href=\"\/productos-y-servicios\/\"><img loading=\"lazy\" decoding=\"async\" class=\"size-full wp-image-313 aligncenter\" src=\"\/wp-content\/uploads\/sites\/23\/2015\/03\/alquiler-home.jpg\" alt=\"alquiler-home\" width=\"337\" height=\"138\" srcset=\"https:\/\/blog.cofan.es\/electroval\/wp-content\/uploads\/sites\/23\/2015\/03\/alquiler-home.jpg 337w, https:\/\/blog.cofan.es\/electroval\/wp-content\/uploads\/sites\/23\/2015\/03\/alquiler-home-300x123.jpg 300w\" sizes=\"auto, (max-width: 337px) 100vw, 337px\" \/><\/a>[\/vc_column_text][vc_column_text]<\/p>\n<h4 style=\"text-align: center;\"><strong><span style=\"color: #000000;\">PUNTO DE ALQUILER DE M\u00c1QUINAS<\/span><\/strong><\/h4>\n<p>&nbsp;<\/p>\n<p style=\"text-align: center;\"><span style=\"color: #000000;\">Te ofrecemos un asesoramiento eficaz por parte de nuestro personal cualificado, el cual te ayudar\u00e1 a elegir la maquinaria m\u00e1s adecuada.<\/span><\/p>\n<p>[\/vc_column_text][\/vc_column][\/vc_row][vc_row css_animation=&#8221;&#8221; row_type=&#8221;row&#8221; use_row_as_full_screen_section=&#8221;no&#8221; type=&#8221;full_width&#8221; angled_section=&#8221;no&#8221; text_align=&#8221;left&#8221; background_image_as_pattern=&#8221;without_pattern&#8221;][vc_column][vc_empty_space][vc_column_text css=&#8221;&#8221;]<a href=\"https:\/\/www.cofan.es\/es\/\" target=\"_blank\" rel=\"noopener\"><img loading=\"lazy\" decoding=\"async\" class=\"aligncenter size-full wp-image-486\" src=\"wp-content\/uploads\/sites\/23\/2024\/09\/banner-cofan-nuevo.jpg\" alt=\"\" width=\"1200\" height=\"200\" \/><\/a>[\/vc_column_text][\/vc_column][\/vc_row][vc_row css_animation=&#8221;&#8221; row_type=&#8221;row&#8221; use_row_as_full_screen_section=&#8221;no&#8221; type=&#8221;full_width&#8221; angled_section=&#8221;no&#8221; text_align=&#8221;left&#8221; background_image_as_pattern=&#8221;without_pattern&#8221; css=&#8221;.vc_custom_1482334124798{padding-top: 60px !important;padding-bottom: 30px !important;}&#8221;][vc_column width=&#8221;1\/6&#8243;][vc_single_image image=&#8221;484&#8243; img_size=&#8221;158&#215;36&#8243; alignment=&#8221;center&#8221; css=&#8221;&#8221; qode_css_animation=&#8221;&#8221;][\/vc_column][vc_column width=&#8221;1\/6&#8243;][vc_single_image image=&#8221;290&#8243; img_size=&#8221;full&#8221; alignment=&#8221;center&#8221; qode_css_animation=&#8221;&#8221;][\/vc_column][vc_column width=&#8221;1\/6&#8243;][vc_single_image image=&#8221;291&#8243; img_size=&#8221;full&#8221; alignment=&#8221;center&#8221; qode_css_animation=&#8221;&#8221;][\/vc_column][vc_column width=&#8221;1\/6&#8243;][vc_single_image image=&#8221;292&#8243; img_size=&#8221;full&#8221; alignment=&#8221;center&#8221; qode_css_animation=&#8221;&#8221;][\/vc_column][vc_column width=&#8221;1\/6&#8243;][vc_single_image image=&#8221;293&#8243; img_size=&#8221;full&#8221; alignment=&#8221;center&#8221; qode_css_animation=&#8221;&#8221;][\/vc_column][vc_column width=&#8221;1\/6&#8243;][vc_single_image image=&#8221;294&#8243; img_size=&#8221;full&#8221; alignment=&#8221;center&#8221; qode_css_animation=&#8221;&#8221;][\/vc_column][\/vc_row]<\/p>\n<\/div>","protected":false},"excerpt":{"rendered":"<p>[vc_row css_animation=&#8221;&#8221; row_type=&#8221;row&#8221; use_row_as_full_screen_section=&#8221;no&#8221; type=&#8221;full_width&#8221; angled_section=&#8221;no&#8221; text_align=&#8221;left&#8221; background_image_as_pattern=&#8221;without_pattern&#8221;][vc_column][rev_slider_vc alias=&#8221;slider1&#8243;][\/vc_column][\/vc_row][vc_row css_animation=&#8221;&#8221; row_type=&#8221;row&#8221; use_row_as_full_screen_section=&#8221;no&#8221; type=&#8221;full_width&#8221; angled_section=&#8221;no&#8221; text_align=&#8221;left&#8221; background_image_as_pattern=&#8221;without_pattern&#8221; css=&#8221;.vc_custom_1482331907583{padding-top: 30px !important;}&#8221;][vc_column width=&#8221;1\/2&#8243;][vc_column_text css=&#8221;.vc_custom_1482331957779{padding-bottom: 20px !important;}&#8221;] BIENVENIDOS A NUESTRA WEB [\/vc_column_text][vc_column_text] [\/vc_column_text][vc_column_text]Somos una empresa de mantenimiento y suministro industrial que ofrece soluciones al sector profesional. Siempre regidos por&#8230;<\/p>\n","protected":false},"author":3,"featured_media":0,"parent":0,"menu_order":0,"comment_status":"closed","ping_status":"closed","template":"","meta":{"footnotes":""},"class_list":["post-14","page","type-page","status-publish","hentry"],"_links":{"self":[{"href":"https:\/\/blog.cofan.es\/electroval\/wp-json\/wp\/v2\/pages\/14","targetHints":{"allow":["GET"]}}],"collection":[{"href":"https:\/\/blog.cofan.es\/electroval\/wp-json\/wp\/v2\/pages"}],"about":[{"href":"https:\/\/blog.cofan.es\/electroval\/wp-json\/wp\/v2\/types\/page"}],"author":[{"embeddable":true,"href":"https:\/\/blog.cofan.es\/electroval\/wp-json\/wp\/v2\/users\/3"}],"replies":[{"embeddable":true,"href":"https:\/\/blog.cofan.es\/electroval\/wp-json\/wp\/v2\/comments?post=14"}],"version-history":[{"count":48,"href":"https:\/\/blog.cofan.es\/electroval\/wp-json\/wp\/v2\/pages\/14\/revisions"}],"predecessor-version":[{"id":492,"href":"https:\/\/blog.cofan.es\/electroval\/wp-json\/wp\/v2\/pages\/14\/revisions\/492"}],"wp:attachment":[{"href":"https:\/\/blog.cofan.es\/electroval\/wp-json\/wp\/v2\/media?parent=14"}],"curies":[{"name":"wp","href":"https:\/\/api.w.org\/{rel}","templated":true}]}}