{"id":233,"date":"2013-08-06T10:54:45","date_gmt":"2013-08-06T10:54:45","guid":{"rendered":"http:\/\/blog.cofan.es\/ecoferreteria-es\/?page_id=233"},"modified":"2017-01-04T07:51:30","modified_gmt":"2017-01-04T07:51:30","slug":"inicio","status":"publish","type":"page","link":"https:\/\/blog.cofan.es\/ecoferreteria\/","title":{"rendered":"Inicio"},"content":{"rendered":"<div class=\"wpb-content-wrapper\"><p>[vc_row css_animation=&#8221;&#8221; row_type=&#8221;row&#8221; use_row_as_full_screen_section=&#8221;no&#8221; type=&#8221;full_width&#8221; angled_section=&#8221;no&#8221; text_align=&#8221;left&#8221; background_image_as_pattern=&#8221;without_pattern&#8221;][vc_column width=&#8221;1\/2&#8243;][vc_column_text]<a href=\"\/productos\/\"><img loading=\"lazy\" decoding=\"async\" class=\"size-full wp-image-647 aligncenter\" src=\"\/wp-content\/uploads\/sites\/88\/2013\/08\/nuestros-productos1.jpg\" alt=\"nuestros-productos\" width=\"315\" height=\"164\" srcset=\"https:\/\/blog.cofan.es\/ecoferreteria\/wp-content\/uploads\/sites\/88\/2013\/08\/nuestros-productos1.jpg 315w, https:\/\/blog.cofan.es\/ecoferreteria\/wp-content\/uploads\/sites\/88\/2013\/08\/nuestros-productos1-300x156.jpg 300w\" sizes=\"auto, (max-width: 315px) 100vw, 315px\" \/><\/a>[\/vc_column_text][vc_column_text css=&#8221;.vc_custom_1483516225555{margin-top: 15px !important;}&#8221;]<\/p>\n<p style=\"text-align: center;\"><span style=\"color: #000000;\"><strong><a style=\"color: #000000;\" href=\"\/productos\/\">Nuestros Productos<\/a><\/strong><\/span><\/p>\n<p>[\/vc_column_text][vc_column_text]<\/p>\n<p style=\"text-align: center;\"><span style=\"color: #000000;\">Ecoferreter\u00eda pone a tu disposici\u00f3n una gran variedad de productos para satisfacer todas tus necesidades.<\/span><\/p>\n<p>[\/vc_column_text][\/vc_column][vc_column width=&#8221;1\/2&#8243;][vc_column_text]<\/p>\n<p style=\"text-align: center;\"><a href=\"\/catalogos\/\"><img loading=\"lazy\" decoding=\"async\" class=\"alignnone size-full wp-image-645\" src=\"\/wp-content\/uploads\/sites\/88\/2013\/08\/catalogos.jpg\" alt=\"catalogos\" width=\"315\" height=\"164\" srcset=\"https:\/\/blog.cofan.es\/ecoferreteria\/wp-content\/uploads\/sites\/88\/2013\/08\/catalogos.jpg 315w, https:\/\/blog.cofan.es\/ecoferreteria\/wp-content\/uploads\/sites\/88\/2013\/08\/catalogos-300x156.jpg 300w\" sizes=\"auto, (max-width: 315px) 100vw, 315px\" \/><\/a><\/p>\n<p>[\/vc_column_text][vc_column_text css=&#8221;.vc_custom_1483516249156{margin-top: 15px !important;}&#8221;]<\/p>\n<p style=\"text-align: center;\"><span style=\"color: #000000;\"><strong><a style=\"color: #000000;\" href=\"\/catalogos\/\">Nuestros Cat\u00e1logos<\/a><\/strong><\/span><\/p>\n<p>[\/vc_column_text][vc_column_text]<\/p>\n<p style=\"text-align: center;\"><span style=\"color: #000000;\">Ponemos a tu disposici\u00f3n en nuestra zona de descargas los pdf de los cat\u00e1logos agrupados por marcas y categor\u00edas.<\/span><\/p>\n<p>[\/vc_column_text][\/vc_column][\/vc_row][vc_row css_animation=&#8221;&#8221; row_type=&#8221;row&#8221; use_row_as_full_screen_section=&#8221;no&#8221; type=&#8221;full_width&#8221; angled_section=&#8221;no&#8221; text_align=&#8221;left&#8221; background_image_as_pattern=&#8221;without_pattern&#8221; css=&#8221;.vc_custom_1483516263594{margin-top: 20px !important;}&#8221;][vc_column][vc_column_text]<\/p>\n<h2><strong>Sobre Ecoferreter\u00eda<\/strong><\/h2>\n<hr \/>\n<p>[\/vc_column_text][vc_row_inner row_type=&#8221;row&#8221; type=&#8221;full_width&#8221; text_align=&#8221;left&#8221; css_animation=&#8221;&#8221; css=&#8221;.vc_custom_1483516285317{margin-top: 20px !important;}&#8221;][vc_column_inner width=&#8221;1\/2&#8243;][vc_column_text]<\/p>\n<p style=\"text-align: center;\"><img loading=\"lazy\" decoding=\"async\" class=\"alignnone size-full wp-image-646\" src=\"\/wp-content\/uploads\/sites\/88\/2013\/08\/ubicacion-ecoferreteria.jpg\" alt=\"ubicacion-ecoferreteria\" width=\"260\" height=\"161\" \/><\/p>\n<p>[\/vc_column_text][\/vc_column_inner][vc_column_inner width=&#8221;1\/2&#8243;][vc_column_text]<\/p>\n<p class=\"parrafo\"><span style=\"color: #000000;\">\u00a1J\u00f3venes pero con ganas de aprender!. As\u00ed es como se define Ecoferreter\u00eda, una nueva ferreter\u00eda que inicia su andadura en el sector. Empezamos nuestra andadura el 17 de julio de 2.013 en el barrio que nos vio crecer y al cual tenemos un grand\u00edsimo cari\u00f1o.<\/span><\/p>\n<p class=\"parrafo\"><span style=\"color: #000000;\">Trabajamos con las mejores marcas y fabricantes del sector siendo nuestro principal objetivo, satisfacer las necesidades de nuestros clientes.<\/span><\/p>\n<p>[\/vc_column_text][\/vc_column_inner][\/vc_row_inner][\/vc_column][\/vc_row]<\/p>\n<\/div>","protected":false},"excerpt":{"rendered":"<p>[vc_row css_animation=&#8221;&#8221; row_type=&#8221;row&#8221; use_row_as_full_screen_section=&#8221;no&#8221; type=&#8221;full_width&#8221; angled_section=&#8221;no&#8221; text_align=&#8221;left&#8221; background_image_as_pattern=&#8221;without_pattern&#8221;][vc_column width=&#8221;1\/2&#8243;][vc_column_text][\/vc_column_text][vc_column_text css=&#8221;.vc_custom_1483516225555{margin-top: 15px !important;}&#8221;] Nuestros Productos [\/vc_column_text][vc_column_text] Ecoferreter\u00eda pone a tu disposici\u00f3n una gran variedad de productos para satisfacer todas tus necesidades. [\/vc_column_text][\/vc_column][vc_column width=&#8221;1\/2&#8243;][vc_column_text] [\/vc_column_text][vc_column_text css=&#8221;.vc_custom_1483516249156{margin-top: 15px !important;}&#8221;] Nuestros Cat\u00e1logos [\/vc_column_text][vc_column_text] Ponemos a tu disposici\u00f3n en nuestra&#8230;<\/p>\n","protected":false},"author":1,"featured_media":0,"parent":0,"menu_order":0,"comment_status":"closed","ping_status":"closed","template":"","meta":{"footnotes":""},"class_list":["post-233","page","type-page","status-publish","hentry"],"_links":{"self":[{"href":"https:\/\/blog.cofan.es\/ecoferreteria\/wp-json\/wp\/v2\/pages\/233","targetHints":{"allow":["GET"]}}],"collection":[{"href":"https:\/\/blog.cofan.es\/ecoferreteria\/wp-json\/wp\/v2\/pages"}],"about":[{"href":"https:\/\/blog.cofan.es\/ecoferreteria\/wp-json\/wp\/v2\/types\/page"}],"author":[{"embeddable":true,"href":"https:\/\/blog.cofan.es\/ecoferreteria\/wp-json\/wp\/v2\/users\/1"}],"replies":[{"embeddable":true,"href":"https:\/\/blog.cofan.es\/ecoferreteria\/wp-json\/wp\/v2\/comments?post=233"}],"version-history":[{"count":7,"href":"https:\/\/blog.cofan.es\/ecoferreteria\/wp-json\/wp\/v2\/pages\/233\/revisions"}],"predecessor-version":[{"id":688,"href":"https:\/\/blog.cofan.es\/ecoferreteria\/wp-json\/wp\/v2\/pages\/233\/revisions\/688"}],"wp:attachment":[{"href":"https:\/\/blog.cofan.es\/ecoferreteria\/wp-json\/wp\/v2\/media?parent=233"}],"curies":[{"name":"wp","href":"https:\/\/api.w.org\/{rel}","templated":true}]}}