{"id":10,"date":"2012-03-21T16:12:38","date_gmt":"2012-03-21T16:12:38","guid":{"rendered":"http:\/\/blog.cofan.es\/master\/?page_id=10"},"modified":"2017-01-04T07:52:34","modified_gmt":"2017-01-04T07:52:34","slug":"empresa","status":"publish","type":"page","link":"https:\/\/blog.cofan.es\/ecoferreteria\/empresa\/","title":{"rendered":"Empresa"},"content":{"rendered":"<div class=\"wpb-content-wrapper\"><p>[vc_row css_animation=&#8221;&#8221; row_type=&#8221;row&#8221; use_row_as_full_screen_section=&#8221;no&#8221; type=&#8221;full_width&#8221; angled_section=&#8221;no&#8221; text_align=&#8221;left&#8221; background_image_as_pattern=&#8221;without_pattern&#8221;][vc_column][vc_column_text]<\/p>\n<p class=\"parrafo\"><span style=\"color: #000000;\">\u00a1J\u00f3venes pero con ganas de aprender!. As\u00ed es como se define <strong><a style=\"color: #000000;\" href=\"http:\/\/www.ecoferreteria.es\/\">Ecoferreter\u00eda<\/a><\/strong>, una nueva ferreter\u00eda que inicia su andadura en el sector. Empezamos nuestra andadura el 17 de julio de 2.013 en el barrio que nos vio crecer y al cual tenemos un grand\u00edsimo cari\u00f1o.<\/span><\/p>\n<p class=\"parrafo\"><span style=\"color: #000000;\">Somos la t\u00edpica ferreter\u00eda de barrio con vocaci\u00f3n de servicio a sus vecinos.<\/span><\/p>\n<p class=\"parrafo\"><span style=\"color: #000000;\">Trabajamos con las mejores <strong><a style=\"color: #000000;\" href=\"\/marcas\/\">marcas y fabricantes<\/a><\/strong> del sector siendo nuestro principal objetivo, satisfacer las necesidades de nuestros clientes.<\/span><\/p>\n<p>[\/vc_column_text][\/vc_column][\/vc_row][vc_row css_animation=&#8221;&#8221; row_type=&#8221;row&#8221; use_row_as_full_screen_section=&#8221;no&#8221; type=&#8221;full_width&#8221; angled_section=&#8221;no&#8221; text_align=&#8221;left&#8221; background_image_as_pattern=&#8221;without_pattern&#8221; css=&#8221;.vc_custom_1483516349428{margin-top: 20px !important;}&#8221;][vc_column][vc_column_text]<iframe loading=\"lazy\" style=\"border: 0;\" src=\"https:\/\/www.google.com\/maps\/embed?pb=!1m18!1m12!1m3!1d12676.570108608817!2d-5.925739704203422!3d37.41010595861603!2m3!1f0!2f0!3f0!3m2!1i1024!2i768!4f13.1!3m3!1m2!1s0x0%3A0xf6de956f060b32ae!2secoferreteria!5e0!3m2!1ses!2ses!4v1445874080939\" width=\"100%\" height=\"300\" frameborder=\"0\" allowfullscreen=\"allowfullscreen\"><\/iframe>[\/vc_column_text][\/vc_column][\/vc_row]<\/p>\n<\/div>","protected":false},"excerpt":{"rendered":"<p>[vc_row css_animation=&#8221;&#8221; row_type=&#8221;row&#8221; use_row_as_full_screen_section=&#8221;no&#8221; type=&#8221;full_width&#8221; angled_section=&#8221;no&#8221; text_align=&#8221;left&#8221; background_image_as_pattern=&#8221;without_pattern&#8221;][vc_column][vc_column_text] \u00a1J\u00f3venes pero con ganas de aprender!. As\u00ed es como se define Ecoferreter\u00eda, una nueva ferreter\u00eda que inicia su andadura en el sector. Empezamos nuestra andadura el 17 de julio de 2.013 en el barrio que nos vio&#8230;<\/p>\n","protected":false},"author":1,"featured_media":0,"parent":0,"menu_order":0,"comment_status":"closed","ping_status":"closed","template":"","meta":{"footnotes":""},"class_list":["post-10","page","type-page","status-publish","hentry"],"_links":{"self":[{"href":"https:\/\/blog.cofan.es\/ecoferreteria\/wp-json\/wp\/v2\/pages\/10","targetHints":{"allow":["GET"]}}],"collection":[{"href":"https:\/\/blog.cofan.es\/ecoferreteria\/wp-json\/wp\/v2\/pages"}],"about":[{"href":"https:\/\/blog.cofan.es\/ecoferreteria\/wp-json\/wp\/v2\/types\/page"}],"author":[{"embeddable":true,"href":"https:\/\/blog.cofan.es\/ecoferreteria\/wp-json\/wp\/v2\/users\/1"}],"replies":[{"embeddable":true,"href":"https:\/\/blog.cofan.es\/ecoferreteria\/wp-json\/wp\/v2\/comments?post=10"}],"version-history":[{"count":3,"href":"https:\/\/blog.cofan.es\/ecoferreteria\/wp-json\/wp\/v2\/pages\/10\/revisions"}],"predecessor-version":[{"id":689,"href":"https:\/\/blog.cofan.es\/ecoferreteria\/wp-json\/wp\/v2\/pages\/10\/revisions\/689"}],"wp:attachment":[{"href":"https:\/\/blog.cofan.es\/ecoferreteria\/wp-json\/wp\/v2\/media?parent=10"}],"curies":[{"name":"wp","href":"https:\/\/api.w.org\/{rel}","templated":true}]}}