{"id":15,"date":"2012-03-21T16:13:57","date_gmt":"2012-03-21T16:13:57","guid":{"rendered":"http:\/\/blog.cofan.es\/master\/?page_id=14"},"modified":"2016-12-29T10:45:28","modified_gmt":"2016-12-29T10:45:28","slug":"productos","status":"publish","type":"page","link":"https:\/\/blog.cofan.es\/digamar\/productos\/","title":{"rendered":"Productos"},"content":{"rendered":"<div class=\"wpb-content-wrapper\"><p>[vc_row css_animation=&#8221;&#8221; row_type=&#8221;row&#8221; use_row_as_full_screen_section=&#8221;no&#8221; type=&#8221;full_width&#8221; angled_section=&#8221;no&#8221; text_align=&#8221;left&#8221; background_image_as_pattern=&#8221;without_pattern&#8221;][vc_column][vc_column_text]<\/p>\n<h4><span style=\"color: #92bc36;\">Productos<\/span><\/h4>\n<p>[\/vc_column_text][\/vc_column][\/vc_row][vc_row css_animation=&#8221;&#8221; row_type=&#8221;row&#8221; use_row_as_full_screen_section=&#8221;no&#8221; type=&#8221;full_width&#8221; angled_section=&#8221;no&#8221; text_align=&#8221;left&#8221; background_image_as_pattern=&#8221;without_pattern&#8221; css=&#8221;.vc_custom_1483008324517{margin-top: 30px !important;}&#8221;][vc_column][vc_column_text]<span style=\"color: #000000;\"><strong>Recambios Digamar<\/strong> pone a tu disposici\u00f3n una gran variedad de productos para satisfacer todas y cada una de tus necesidades.<\/span><\/p>\n<p><span style=\"color: #000000;\">Ofrecemos una alta gama de productos dedicados al <strong>Recambio del Veh\u00edculo Industrial y turismo<\/strong>.<\/span><\/p>\n<p><span style=\"color: #000000;\">Adem\u00e1s de poder ofrecer una gran variedad de Equipos de <strong>Protecci\u00f3n Individual, Herramientas, Torniller\u00eda<\/strong> (tanto zincada como de acero) y todo tipo de productos qu\u00edmicos para uso industrial, aceites lubricantes para los motores.<\/span>[\/vc_column_text][\/vc_column][\/vc_row]<\/p>\n<\/div>","protected":false},"excerpt":{"rendered":"<p>[vc_row css_animation=&#8221;&#8221; row_type=&#8221;row&#8221; use_row_as_full_screen_section=&#8221;no&#8221; type=&#8221;full_width&#8221; angled_section=&#8221;no&#8221; text_align=&#8221;left&#8221; background_image_as_pattern=&#8221;without_pattern&#8221;][vc_column][vc_column_text] Productos [\/vc_column_text][\/vc_column][\/vc_row][vc_row css_animation=&#8221;&#8221; row_type=&#8221;row&#8221; use_row_as_full_screen_section=&#8221;no&#8221; type=&#8221;full_width&#8221; angled_section=&#8221;no&#8221; text_align=&#8221;left&#8221; background_image_as_pattern=&#8221;without_pattern&#8221; css=&#8221;.vc_custom_1483008324517{margin-top: 30px !important;}&#8221;][vc_column][vc_column_text]Recambios Digamar pone a tu disposici\u00f3n una gran variedad de productos para satisfacer todas y cada una de tus necesidades. Ofrecemos una alta gama de productos&#8230;<\/p>\n","protected":false},"author":1,"featured_media":0,"parent":0,"menu_order":0,"comment_status":"closed","ping_status":"closed","template":"","meta":{"footnotes":""},"class_list":["post-15","page","type-page","status-publish","hentry"],"_links":{"self":[{"href":"https:\/\/blog.cofan.es\/digamar\/wp-json\/wp\/v2\/pages\/15","targetHints":{"allow":["GET"]}}],"collection":[{"href":"https:\/\/blog.cofan.es\/digamar\/wp-json\/wp\/v2\/pages"}],"about":[{"href":"https:\/\/blog.cofan.es\/digamar\/wp-json\/wp\/v2\/types\/page"}],"author":[{"embeddable":true,"href":"https:\/\/blog.cofan.es\/digamar\/wp-json\/wp\/v2\/users\/1"}],"replies":[{"embeddable":true,"href":"https:\/\/blog.cofan.es\/digamar\/wp-json\/wp\/v2\/comments?post=15"}],"version-history":[{"count":3,"href":"https:\/\/blog.cofan.es\/digamar\/wp-json\/wp\/v2\/pages\/15\/revisions"}],"predecessor-version":[{"id":186,"href":"https:\/\/blog.cofan.es\/digamar\/wp-json\/wp\/v2\/pages\/15\/revisions\/186"}],"wp:attachment":[{"href":"https:\/\/blog.cofan.es\/digamar\/wp-json\/wp\/v2\/media?parent=15"}],"curies":[{"name":"wp","href":"https:\/\/api.w.org\/{rel}","templated":true}]}}