{"id":5,"date":"2012-03-21T16:10:33","date_gmt":"2012-03-21T16:10:33","guid":{"rendered":"http:\/\/blog.cofan.es\/master\/?page_id=5"},"modified":"2018-08-09T08:49:23","modified_gmt":"2018-08-09T08:49:23","slug":"inicio","status":"publish","type":"page","link":"https:\/\/blog.cofan.es\/cymferreterias\/","title":{"rendered":"Inicio"},"content":{"rendered":"<div class=\"wpb-content-wrapper\"><p>[vc_row css_animation=&#8221;&#8221; row_type=&#8221;row&#8221; use_row_as_full_screen_section=&#8221;no&#8221; type=&#8221;full_width&#8221; angled_section=&#8221;no&#8221; text_align=&#8221;left&#8221; background_image_as_pattern=&#8221;without_pattern&#8221;][vc_column][rev_slider_vc alias=&#8221;slider1&#8243;][\/vc_column][\/vc_row][vc_row css_animation=&#8221;&#8221; row_type=&#8221;row&#8221; use_row_as_full_screen_section=&#8221;no&#8221; type=&#8221;full_width&#8221; angled_section=&#8221;no&#8221; text_align=&#8221;left&#8221; background_image_as_pattern=&#8221;without_pattern&#8221; css=&#8221;.vc_custom_1482238046750{padding-top: 30px !important;}&#8221;][vc_column width=&#8221;1\/3&#8243;][vc_column_text]<\/p>\n<p style=\"text-align: center;\"><a href=\"\/empresa\/\"><img loading=\"lazy\" decoding=\"async\" class=\"alignnone wp-image-247\" src=\"\/wp-content\/uploads\/sites\/60\/2012\/03\/img-empresa.jpg\" alt=\"img-empresa\" width=\"270\" height=\"157\" \/><\/a><\/p>\n<p style=\"text-align: center;\"><span style=\"color: #000000;\">Comenzamos como una peque\u00f1a ferreter\u00eda y en menos de una d\u00e9cada nos convertimos en un centro de referencia en la zona, incrementando tanto la superficie de la ferreter\u00eda como en \u2026<\/span> <strong><a href=\"\/empresa\/\">Leer m\u00e1s<\/a><\/strong><\/p>\n<p>[\/vc_column_text][vc_empty_space height=&#8221;10px&#8221;][\/vc_column][vc_column width=&#8221;1\/3&#8243;][vc_column_text]<\/p>\n<p style=\"text-align: center;\"><img loading=\"lazy\" decoding=\"async\" class=\"alignnone size-full wp-image-249\" src=\"\/wp-content\/uploads\/sites\/60\/2012\/03\/img-serv.jpg\" alt=\"img-serv\" width=\"280\" height=\"157\" \/><\/p>\n<p>[\/vc_column_text][\/vc_column][vc_column width=&#8221;1\/3&#8243;][vc_column_text]<\/p>\n<p style=\"text-align: center;\"><a href=\"\/productos\/\"><img loading=\"lazy\" decoding=\"async\" class=\"alignnone size-full wp-image-250\" src=\"\/wp-content\/uploads\/sites\/60\/2012\/03\/img-productos.png\" alt=\"img-productos\" width=\"280\" height=\"157\" \/><\/a><\/p>\n<p style=\"text-align: center;\"><span style=\"color: #000000;\"><strong>C&amp;M Ferreter\u00edas<\/strong> ofrece m\u00e1s de 20000 referencias que se encuadran en pinturas, fontaner\u00eda, etc\u2026<\/span> <strong><a href=\"\/productos\/\">Leer m\u00e1s<\/a><\/strong><\/p>\n<p>[\/vc_column_text][\/vc_column][\/vc_row][vc_row css_animation=&#8221;&#8221; row_type=&#8221;row&#8221; use_row_as_full_screen_section=&#8221;no&#8221; type=&#8221;full_width&#8221; angled_section=&#8221;no&#8221; text_align=&#8221;left&#8221; background_image_as_pattern=&#8221;without_pattern&#8221; css=&#8221;.vc_custom_1482243148220{padding-top: 20px !important;}&#8221;][vc_column][vc_column_text]<\/p>\n<p style=\"text-align: center;\"><a href=\"\/contacto\/\"><img loading=\"lazy\" decoding=\"async\" class=\"alignnone size-full wp-image-251\" src=\"\/wp-content\/uploads\/sites\/60\/2012\/03\/img-cont.jpg\" alt=\"img-cont\" width=\"280\" height=\"114\" \/><\/a><\/p>\n<p style=\"text-align: center;\"><span style=\"color: #000000;\">Para cualquier duda o consulta no dude en ponerse en contacto con nosotros.<\/span><\/p>\n<p>[\/vc_column_text][\/vc_column][\/vc_row][vc_row css_animation=&#8221;&#8221; row_type=&#8221;row&#8221; use_row_as_full_screen_section=&#8221;no&#8221; type=&#8221;full_width&#8221; angled_section=&#8221;no&#8221; text_align=&#8221;left&#8221; background_image_as_pattern=&#8221;without_pattern&#8221;][vc_column][vc_column_text css=&#8221;.vc_custom_1533804560560{margin-top: 30px !important;margin-bottom: 30px !important;}&#8221;]<a href=\"https:\/\/www.cofan.es\/es\/privatearea\/login\/s62j49dfz\/\" target=\"_blank\" rel=\"noopener\"><br \/>\n<img loading=\"lazy\" decoding=\"async\" class=\"alignnone size-full\" src=\"https:\/\/www.cofan.es\/images\/banners\/compra-online-cofan-landscape.jpg\" alt=\"Compra Online Cofan\" width=\"1200\" height=\"200\" \/><br \/>\n<\/a>[\/vc_column_text][\/vc_column][\/vc_row]<\/p>\n<\/div>","protected":false},"excerpt":{"rendered":"<p>[vc_row css_animation=&#8221;&#8221; row_type=&#8221;row&#8221; use_row_as_full_screen_section=&#8221;no&#8221; type=&#8221;full_width&#8221; angled_section=&#8221;no&#8221; text_align=&#8221;left&#8221; background_image_as_pattern=&#8221;without_pattern&#8221;][vc_column][rev_slider_vc alias=&#8221;slider1&#8243;][\/vc_column][\/vc_row][vc_row css_animation=&#8221;&#8221; row_type=&#8221;row&#8221; use_row_as_full_screen_section=&#8221;no&#8221; type=&#8221;full_width&#8221; angled_section=&#8221;no&#8221; text_align=&#8221;left&#8221; background_image_as_pattern=&#8221;without_pattern&#8221; css=&#8221;.vc_custom_1482238046750{padding-top: 30px !important;}&#8221;][vc_column width=&#8221;1\/3&#8243;][vc_column_text] Comenzamos como una peque\u00f1a ferreter\u00eda y en menos de una d\u00e9cada nos convertimos en un centro de referencia en la zona, incrementando tanto la superficie&#8230;<\/p>\n","protected":false},"author":1,"featured_media":0,"parent":0,"menu_order":0,"comment_status":"closed","ping_status":"closed","template":"","meta":{"footnotes":""},"class_list":["post-5","page","type-page","status-publish","hentry"],"_links":{"self":[{"href":"https:\/\/blog.cofan.es\/cymferreterias\/wp-json\/wp\/v2\/pages\/5","targetHints":{"allow":["GET"]}}],"collection":[{"href":"https:\/\/blog.cofan.es\/cymferreterias\/wp-json\/wp\/v2\/pages"}],"about":[{"href":"https:\/\/blog.cofan.es\/cymferreterias\/wp-json\/wp\/v2\/types\/page"}],"author":[{"embeddable":true,"href":"https:\/\/blog.cofan.es\/cymferreterias\/wp-json\/wp\/v2\/users\/1"}],"replies":[{"embeddable":true,"href":"https:\/\/blog.cofan.es\/cymferreterias\/wp-json\/wp\/v2\/comments?post=5"}],"version-history":[{"count":9,"href":"https:\/\/blog.cofan.es\/cymferreterias\/wp-json\/wp\/v2\/pages\/5\/revisions"}],"predecessor-version":[{"id":350,"href":"https:\/\/blog.cofan.es\/cymferreterias\/wp-json\/wp\/v2\/pages\/5\/revisions\/350"}],"wp:attachment":[{"href":"https:\/\/blog.cofan.es\/cymferreterias\/wp-json\/wp\/v2\/media?parent=5"}],"curies":[{"name":"wp","href":"https:\/\/api.w.org\/{rel}","templated":true}]}}