{"id":185,"date":"2013-06-27T10:18:44","date_gmt":"2013-06-27T10:18:44","guid":{"rendered":"http:\/\/blog.cofan.es\/ferreteriacym-es\/?page_id=185"},"modified":"2018-02-05T15:37:26","modified_gmt":"2018-02-05T15:37:26","slug":"eventos","status":"publish","type":"page","link":"https:\/\/blog.cofan.es\/cymferreterias\/eventos\/","title":{"rendered":"Eventos"},"content":{"rendered":"<div class=\"wpb-content-wrapper\"><p>[vc_row css_animation=&#8221;&#8221; row_type=&#8221;row&#8221; use_row_as_full_screen_section=&#8221;no&#8221; type=&#8221;full_width&#8221; angled_section=&#8221;no&#8221; text_align=&#8221;left&#8221; background_image_as_pattern=&#8221;without_pattern&#8221;][vc_column][vc_column_text]<\/p>\n<h3><span style=\"color: #c00e22;\"><strong>Ferias Maderalia 2018<\/strong><\/span><\/h3>\n<p>Febrero 2018[\/vc_column_text][vc_row_inner row_type=&#8221;row&#8221; type=&#8221;full_width&#8221; text_align=&#8221;left&#8221; css_animation=&#8221;&#8221;][vc_column_inner width=&#8221;2\/3&#8243;][vc_column_text el_class=&#8221;text-justify&#8221;]<\/p>\n<p style=\"text-align: justify;\">A principios del pr\u00f3ximo mes de febrero tendr\u00e1 lugar en Valencia la feria de interiorismo y decoraci\u00f3n. Un punto de encuentro de las mayores firmas en el sector, y que entendemos que servir\u00eda para ampliar la oferta que actualmente ofrecemos en C&amp;M Ferreter\u00edas. Buscamos obtener una amplia visi\u00f3n de los que en terminaci\u00f3n y decoraci\u00f3n nos ofrece las numerosas firmas que en este certamen se dar\u00e1 cita. Sacando le mucho rendimiento a las referencias actuales para ofrecerles a nuestros clientes. Tenemos intenci\u00f3n de visitar firmas como : Compresores Josval, adhesivos Bostik, tiradores Azpiri, Metalurgia Pons , RE\u00cd, Unit Tornilleria y Mecanizados, Cerrajer\u00eda como , AYR, DOM-MCM,INTHER. Y un largo n\u00fameros de proveedores que son lideres en el sector . Estamos seguro que con m\u00e1s de cuatrocientos expositores , esta feria ser\u00e1 un punto de inflexi\u00f3n para la expansi\u00f3n de nuestra ferreter\u00eda.<\/p>\n<p>[\/vc_column_text][\/vc_column_inner][vc_column_inner width=&#8221;1\/3&#8243;][vc_single_image image=&#8221;341&#8243; img_size=&#8221;medium&#8221; alignment=&#8221;center&#8221; qode_css_animation=&#8221;&#8221;][\/vc_column_inner][\/vc_row_inner][vc_empty_space height=&#8221;30px&#8221;][vc_row_inner row_type=&#8221;row&#8221; type=&#8221;full_width&#8221; text_align=&#8221;left&#8221; css_animation=&#8221;&#8221;][vc_column_inner][vc_column_text]<img loading=\"lazy\" decoding=\"async\" class=\"size-full wp-image-342 aligncenter\" src=\"\/wp-content\/uploads\/sites\/60\/2018\/02\/cabecera-web-768x255.jpg\" alt=\"\" width=\"768\" height=\"255\" srcset=\"https:\/\/blog.cofan.es\/cymferreterias\/wp-content\/uploads\/sites\/60\/2018\/02\/cabecera-web-768x255.jpg 768w, https:\/\/blog.cofan.es\/cymferreterias\/wp-content\/uploads\/sites\/60\/2018\/02\/cabecera-web-768x255-300x100.jpg 300w, https:\/\/blog.cofan.es\/cymferreterias\/wp-content\/uploads\/sites\/60\/2018\/02\/cabecera-web-768x255-700x232.jpg 700w\" sizes=\"auto, (max-width: 768px) 100vw, 768px\" \/>[\/vc_column_text][\/vc_column_inner][\/vc_row_inner][vc_empty_space height=&#8221;30px&#8221;][vc_row_inner row_type=&#8221;row&#8221; type=&#8221;full_width&#8221; text_align=&#8221;left&#8221; css_animation=&#8221;&#8221;][vc_column_inner][vc_column_text]<img loading=\"lazy\" decoding=\"async\" class=\"size-full wp-image-328 aligncenter\" src=\"\/wp-content\/uploads\/sites\/60\/2018\/02\/20180126091901-Captura-4.jpg\" alt=\"\" width=\"528\" height=\"747\" srcset=\"https:\/\/blog.cofan.es\/cymferreterias\/wp-content\/uploads\/sites\/60\/2018\/02\/20180126091901-Captura-4.jpg 528w, https:\/\/blog.cofan.es\/cymferreterias\/wp-content\/uploads\/sites\/60\/2018\/02\/20180126091901-Captura-4-212x300.jpg 212w\" sizes=\"auto, (max-width: 528px) 100vw, 528px\" \/>[\/vc_column_text][\/vc_column_inner][\/vc_row_inner][vc_empty_space height=&#8221;30px&#8221;][vc_row_inner row_type=&#8221;row&#8221; type=&#8221;full_width&#8221; text_align=&#8221;left&#8221; css_animation=&#8221;&#8221;][vc_column_inner][vc_column_text]<img loading=\"lazy\" decoding=\"async\" class=\"size-full wp-image-346 aligncenter\" src=\"\/wp-content\/uploads\/sites\/60\/2018\/02\/Maderalia-2016.-4-2-16.13.jpg\" alt=\"\" width=\"920\" height=\"453\" srcset=\"https:\/\/blog.cofan.es\/cymferreterias\/wp-content\/uploads\/sites\/60\/2018\/02\/Maderalia-2016.-4-2-16.13.jpg 920w, https:\/\/blog.cofan.es\/cymferreterias\/wp-content\/uploads\/sites\/60\/2018\/02\/Maderalia-2016.-4-2-16.13-300x148.jpg 300w, https:\/\/blog.cofan.es\/cymferreterias\/wp-content\/uploads\/sites\/60\/2018\/02\/Maderalia-2016.-4-2-16.13-768x378.jpg 768w, https:\/\/blog.cofan.es\/cymferreterias\/wp-content\/uploads\/sites\/60\/2018\/02\/Maderalia-2016.-4-2-16.13-700x345.jpg 700w\" sizes=\"auto, (max-width: 920px) 100vw, 920px\" \/>[\/vc_column_text][\/vc_column_inner][\/vc_row_inner][vc_empty_space height=&#8221;30px&#8221;][vc_row_inner row_type=&#8221;row&#8221; type=&#8221;full_width&#8221; text_align=&#8221;left&#8221; css_animation=&#8221;&#8221;][vc_column_inner][vc_column_text]<img loading=\"lazy\" decoding=\"async\" class=\"size-full wp-image-340 aligncenter\" src=\"\/wp-content\/uploads\/sites\/60\/2018\/02\/feria-general-fimma-mad2-1024x600.jpg\" alt=\"\" width=\"1024\" height=\"600\" srcset=\"https:\/\/blog.cofan.es\/cymferreterias\/wp-content\/uploads\/sites\/60\/2018\/02\/feria-general-fimma-mad2-1024x600.jpg 1024w, https:\/\/blog.cofan.es\/cymferreterias\/wp-content\/uploads\/sites\/60\/2018\/02\/feria-general-fimma-mad2-1024x600-300x176.jpg 300w, https:\/\/blog.cofan.es\/cymferreterias\/wp-content\/uploads\/sites\/60\/2018\/02\/feria-general-fimma-mad2-1024x600-768x450.jpg 768w, https:\/\/blog.cofan.es\/cymferreterias\/wp-content\/uploads\/sites\/60\/2018\/02\/feria-general-fimma-mad2-1024x600-700x410.jpg 700w\" sizes=\"auto, (max-width: 1024px) 100vw, 1024px\" \/>[\/vc_column_text][\/vc_column_inner][\/vc_row_inner][vc_empty_space height=&#8221;30px&#8221;][vc_column_text]<\/p>\n<h3><span style=\"color: #c00e22;\"><strong>Ferias del sector<\/strong><\/span><\/h3>\n<p>Junio 2017[\/vc_column_text][vc_row_inner row_type=&#8221;row&#8221; type=&#8221;full_width&#8221; text_align=&#8221;left&#8221; css_animation=&#8221;&#8221;][vc_column_inner width=&#8221;2\/3&#8243;][vc_column_text]<span style=\"color: #000000;\"><strong>C&amp;M Ferreter\u00edas<\/strong><\/span> tiene programado su asistencia a la m\u00e1s importante feria del sector que se celebra entre los d\u00edas 6 al 8 del mes de junio del 2017 en Bilbao Exhibition Center , una nueva edici\u00f3n de Ferroforma , la Feria Internacional de Ferreter\u00eda , Bricolaje y Suministro Industrial que celebra su 22\u00aa edici\u00f3n. Nuestra intenci\u00f3n es conocer y abrir mercado con nuevos proveedores para tener a nuestros clientes con lo ultimo en los art\u00edculos de las ramas que ya comercializamos . Entendemos que si se re\u00fanen m\u00e1s de 400 firmas nosotros no podemos faltar a esa invitaci\u00f3n.[\/vc_column_text][\/vc_column_inner][vc_column_inner width=&#8221;1\/3&#8243;][vc_single_image image=&#8221;318&#8243; img_size=&#8221;medium&#8221; alignment=&#8221;center&#8221; qode_css_animation=&#8221;&#8221;][\/vc_column_inner][\/vc_row_inner][vc_empty_space height=&#8221;20px&#8221;][vc_row_inner row_type=&#8221;row&#8221; type=&#8221;full_width&#8221; text_align=&#8221;left&#8221; css_animation=&#8221;&#8221;][vc_column_inner width=&#8221;1\/2&#8243;][vc_single_image image=&#8221;319&#8243; img_size=&#8221;large&#8221; alignment=&#8221;center&#8221; qode_css_animation=&#8221;&#8221;][\/vc_column_inner][vc_column_inner width=&#8221;1\/2&#8243;][vc_single_image image=&#8221;320&#8243; img_size=&#8221;large&#8221; alignment=&#8221;center&#8221; qode_css_animation=&#8221;&#8221;][\/vc_column_inner][\/vc_row_inner][vc_empty_space height=&#8221;30px&#8221;][vc_column_text]<\/p>\n<h3><span style=\"color: #c00e22;\"><strong>Llaves para Autom\u00f3viles<\/strong><\/span><\/h3>\n<p><span style=\"color: #000000;\">Junio\u00a0\u00a02017<\/span>[\/vc_column_text][vc_row_inner row_type=&#8221;row&#8221; type=&#8221;full_width&#8221; text_align=&#8221;left&#8221; css_animation=&#8221;&#8221;][vc_column_inner width=&#8221;2\/3&#8243;][vc_column_text]Aprovechando fechas y como nos encontramos en la misma ciudad asistiremos a las jornadas que nos ofrece Silca . Marca l\u00edder en el sector de llaves y maquinas duplicadoras. Estaremos en la presentaci\u00f3n de IRKE nuevos telemandos universales para automoci\u00f3n. Se actualizar\u00e1 la Fast Copy Plus + RW4P Maquinas de diagnosis AD100-Pro y MVP -Pro Conoceremos la nueva duplicadora FUTURA PRO : Evoluci\u00f3n de la maquina electr\u00f3nica para llaves de serreta, puntos , tubulares y automoci\u00f3n . Carcasas Evolucion de los mandos AIR4 a AIR4 &#8211; PLUS.[\/vc_column_text][\/vc_column_inner][vc_column_inner width=&#8221;1\/3&#8243;][vc_single_image image=&#8221;321&#8243; img_size=&#8221;medium&#8221; alignment=&#8221;center&#8221; qode_css_animation=&#8221;&#8221;][\/vc_column_inner][\/vc_row_inner][vc_empty_space height=&#8221;20px&#8221;][vc_row_inner row_type=&#8221;row&#8221; type=&#8221;full_width&#8221; text_align=&#8221;left&#8221; css_animation=&#8221;&#8221;][vc_column_inner width=&#8221;1\/3&#8243;][vc_single_image image=&#8221;326&#8243; img_size=&#8221;large&#8221; alignment=&#8221;center&#8221; qode_css_animation=&#8221;&#8221;][\/vc_column_inner][vc_column_inner width=&#8221;1\/3&#8243;][vc_single_image image=&#8221;324&#8243; img_size=&#8221;large&#8221; alignment=&#8221;center&#8221; qode_css_animation=&#8221;&#8221;][\/vc_column_inner][vc_column_inner width=&#8221;1\/3&#8243;][vc_single_image image=&#8221;325&#8243; img_size=&#8221;large&#8221; alignment=&#8221;center&#8221; qode_css_animation=&#8221;&#8221;][\/vc_column_inner][\/vc_row_inner][vc_row_inner row_type=&#8221;row&#8221; type=&#8221;full_width&#8221; text_align=&#8221;left&#8221; css_animation=&#8221;&#8221; css=&#8221;.vc_custom_1496066822715{margin-top: 20px !important;}&#8221;][vc_column_inner width=&#8221;1\/4&#8243;][\/vc_column_inner][vc_column_inner width=&#8221;1\/4&#8243;][vc_single_image image=&#8221;322&#8243; alignment=&#8221;center&#8221; qode_css_animation=&#8221;&#8221;][\/vc_column_inner][vc_column_inner width=&#8221;1\/4&#8243;][vc_single_image image=&#8221;323&#8243; alignment=&#8221;center&#8221; qode_css_animation=&#8221;&#8221;][\/vc_column_inner][vc_column_inner width=&#8221;1\/4&#8243;][\/vc_column_inner][\/vc_row_inner][vc_empty_space height=&#8221;30px&#8221;][vc_row_inner row_type=&#8221;row&#8221; type=&#8221;full_width&#8221; text_align=&#8221;left&#8221; css_animation=&#8221;&#8221; css=&#8221;.vc_custom_1482244532223{padding-bottom: 20px !important;}&#8221;][vc_column_inner][vc_column_text]<\/p>\n<h3><span style=\"color: #c00e22;\"><strong>Encuentro Profesional en M\u00e1laga<\/strong><\/span><\/h3>\n<p><span style=\"color: #000000;\">Noviembre 2015<\/span>[\/vc_column_text][vc_column_text]<span style=\"color: #000000;\"><strong>C&amp;M Ferreterias<\/strong> d\u00eda 14 y 15 de noviembre participaremos en las jornadas que silca realizar\u00e1 en m\u00e1laga, a ella tambi\u00e9n coincidir\u00e1n empresas del sector del autom\u00f3vil como c\u00f3digo diez , c\u00f3digo m\u00e1laga , central keys y setup ( setup group innovation).<\/span> <span style=\"color: #000000;\">Se impartir\u00e1n por empresas de reconocido prestigio en el mundo de la cerrajer\u00eda del autom\u00f3vil cursos de montaje y codificaci\u00f3n de bombillos. La empresa central key nos mostrar\u00e1 los telemandos para automoci\u00f3n.<\/span> <span style=\"color: #000000;\">Se nos presentar\u00e1 las novedades para el 2015:<\/span><\/p>\n<ul>\n<li><span style=\"color: #000000;\">Smart dongle + Smart aereal<\/span><\/li>\n<li><span style=\"color: #000000;\">Mandos Silca air4<\/span><\/li>\n<li><span style=\"color: #000000;\">M\u00e1quina de diagnosis ad100-pro y mvp-pro<\/span><\/li>\n<li><span style=\"color: #000000;\">Nueva m\u00e1quina mec\u00e1nica de borja fast bit<\/span><\/li>\n<li><span style=\"color: #000000;\">Carcasas<\/span><\/li>\n<\/ul>\n<p><span style=\"color: #000000;\">C&amp;M Ferreter\u00edas, todo de todo y muy cerca de ti.<\/span>[\/vc_column_text][\/vc_column_inner][vc_column_inner width=&#8221;1\/4&#8243;][vc_column_text]<\/p>\n<p style=\"text-align: center;\"><img loading=\"lazy\" decoding=\"async\" class=\"alignnone size-full wp-image-268\" src=\"\/wp-content\/uploads\/sites\/60\/2013\/06\/Codigo-Diez-llaves-de-coche-madrid.jpg\" alt=\"Codigo-Diez-llaves-de-coche-madrid\" width=\"231\" height=\"107\" \/><\/p>\n<p>[\/vc_column_text][\/vc_column_inner][vc_column_inner width=&#8221;1\/4&#8243;][vc_column_text]<\/p>\n<p style=\"text-align: center;\"><img loading=\"lazy\" decoding=\"async\" class=\"alignnone size-full wp-image-269\" src=\"\/wp-content\/uploads\/sites\/60\/2013\/06\/silca.jpg\" alt=\"silca\" width=\"272\" height=\"265\" srcset=\"https:\/\/blog.cofan.es\/cymferreterias\/wp-content\/uploads\/sites\/60\/2013\/06\/silca.jpg 272w, https:\/\/blog.cofan.es\/cymferreterias\/wp-content\/uploads\/sites\/60\/2013\/06\/silca-36x36.jpg 36w\" sizes=\"auto, (max-width: 272px) 100vw, 272px\" \/><\/p>\n<p>[\/vc_column_text][\/vc_column_inner][vc_column_inner width=&#8221;1\/4&#8243;][vc_column_text]<\/p>\n<p style=\"text-align: center;\"><img loading=\"lazy\" decoding=\"async\" class=\"alignnone size-full wp-image-270\" src=\"\/wp-content\/uploads\/sites\/60\/2013\/06\/silca2.gif\" alt=\"silca2\" width=\"300\" height=\"185\" \/><\/p>\n<p>[\/vc_column_text][\/vc_column_inner][vc_column_inner width=&#8221;1\/4&#8243;][vc_column_text]<\/p>\n<p style=\"text-align: center;\"><img loading=\"lazy\" decoding=\"async\" class=\"alignnone size-full wp-image-272\" src=\"\/wp-content\/uploads\/sites\/60\/2013\/06\/logo.png\" alt=\"logo\" width=\"231\" height=\"107\" \/><\/p>\n<p>[\/vc_column_text][\/vc_column_inner][\/vc_row_inner][vc_column_text]<\/p>\n<p style=\"text-align: center;\"><img loading=\"lazy\" decoding=\"async\" class=\"alignnone size-full wp-image-271\" src=\"\/wp-content\/uploads\/sites\/60\/2013\/06\/startpage-banner-teaser-telecomandi.jpg\" alt=\"startpage-banner-teaser-telecomandi\" width=\"952\" height=\"379\" srcset=\"https:\/\/blog.cofan.es\/cymferreterias\/wp-content\/uploads\/sites\/60\/2013\/06\/startpage-banner-teaser-telecomandi.jpg 952w, https:\/\/blog.cofan.es\/cymferreterias\/wp-content\/uploads\/sites\/60\/2013\/06\/startpage-banner-teaser-telecomandi-300x119.jpg 300w, https:\/\/blog.cofan.es\/cymferreterias\/wp-content\/uploads\/sites\/60\/2013\/06\/startpage-banner-teaser-telecomandi-930x370.jpg 930w\" sizes=\"auto, (max-width: 952px) 100vw, 952px\" \/><\/p>\n<p>[\/vc_column_text][vc_empty_space height=&#8221;20px&#8221;][\/vc_column][vc_column][vc_row_inner row_type=&#8221;row&#8221; type=&#8221;full_width&#8221; text_align=&#8221;left&#8221; css_animation=&#8221;&#8221;][vc_column_inner width=&#8221;1\/2&#8243;][vc_column_text]<\/p>\n<h3><strong><span style=\"color: #c00e0e;\">Encuentro profesional en Andaluc\u00eda<\/span><\/strong><\/h3>\n<p>Octubre 2014[\/vc_column_text][vc_column_text]<span style=\"color: #000000;\"><strong>C&amp;M Ferreterias<\/strong> participar\u00e1 en la jornadas tecnicas de presentacion de la nueva m\u00e1quina futura de la empresa <strong>Silca Key Systems S.A.<\/strong> Asi como estaremos presentes en la puesta a escena de la tecnolog\u00eda y desarrollo de los productos <strong>Cisa<\/strong>.<\/span> <span style=\"color: #000000;\">Sin restar importancia a los cilindros Mod Espa\u00f1a de la firma <strong>Geminy<\/strong>. Y como olvidar, la casa <strong>Elme Tools<\/strong> que nos har\u00e1 participe de su maquinaria de clonaci\u00f3n y sus dispositivos de programaci\u00f3n <em>Tcode Pro y Premiun<\/em>.<\/span> <span style=\"color: #000000;\">De esta forma la <strong>Ferreteria C&amp;M<\/strong> sigue apostando por estar en primera linea de vanguardia del sector.<\/span>[\/vc_column_text][\/vc_column_inner][vc_column_inner width=&#8221;1\/2&#8243;][vc_column_text]<\/p>\n<p style=\"text-align: center;\"><img loading=\"lazy\" decoding=\"async\" class=\"alignnone size-full wp-image-278\" src=\"\/wp-content\/uploads\/sites\/60\/2013\/06\/maquina_futura_silca.jpg\" alt=\"maquina_futura_silca\" width=\"300\" height=\"430\" srcset=\"https:\/\/blog.cofan.es\/cymferreterias\/wp-content\/uploads\/sites\/60\/2013\/06\/maquina_futura_silca.jpg 300w, https:\/\/blog.cofan.es\/cymferreterias\/wp-content\/uploads\/sites\/60\/2013\/06\/maquina_futura_silca-209x300.jpg 209w\" sizes=\"auto, (max-width: 300px) 100vw, 300px\" \/><\/p>\n<p>[\/vc_column_text][\/vc_column_inner][vc_column_inner width=&#8221;1\/4&#8243;][vc_column_text]<img loading=\"lazy\" decoding=\"async\" class=\" wp-image-274 aligncenter\" src=\"\/wp-content\/uploads\/sites\/60\/2013\/06\/silca.png\" alt=\"silca\" width=\"100\" height=\"67\" \/>[\/vc_column_text][\/vc_column_inner][vc_column_inner width=&#8221;1\/4&#8243;][vc_column_text]<\/p>\n<p style=\"text-align: center;\"><img loading=\"lazy\" decoding=\"async\" class=\"size-full wp-image-276 aligncenter\" src=\"\/wp-content\/uploads\/sites\/60\/2013\/06\/elmeTools.jpg\" alt=\"elmeTools\" width=\"250\" height=\"66\" \/><\/p>\n<p>[\/vc_column_text][\/vc_column_inner][vc_column_inner width=&#8221;1\/4&#8243;][vc_column_text]<img loading=\"lazy\" decoding=\"async\" class=\"size-full wp-image-275 aligncenter\" src=\"\/wp-content\/uploads\/sites\/60\/2013\/06\/geminy.jpg\" alt=\"geminy\" width=\"300\" height=\"51\" \/>[\/vc_column_text][\/vc_column_inner][vc_column_inner width=&#8221;1\/4&#8243;][vc_column_text]<\/p>\n<p style=\"text-align: center;\"><img loading=\"lazy\" decoding=\"async\" class=\"alignnone size-full wp-image-277\" src=\"\/wp-content\/uploads\/sites\/60\/2013\/06\/cisa.png\" alt=\"cisa\" width=\"250\" height=\"52\" \/><\/p>\n<p>[\/vc_column_text][\/vc_column_inner][\/vc_row_inner][vc_empty_space height=&#8221;30px&#8221;][\/vc_column][vc_column css=&#8221;.vc_custom_1482244651881{padding-top: 30px !important;}&#8221;][vc_row_inner row_type=&#8221;row&#8221; type=&#8221;full_width&#8221; text_align=&#8221;left&#8221; css_animation=&#8221;&#8221;][vc_column_inner css=&#8221;.vc_custom_1482244665580{padding-top: 20px !important;}&#8221;][vc_column_text]<\/p>\n<h3><strong><span style=\"color: #c50e0e;\">COFAN &#8220;X Aniversario&#8221;<\/span><\/strong><\/h3>\n<p>[\/vc_column_text][vc_empty_space height=&#8221;10px&#8221;][\/vc_column_inner][vc_column_inner width=&#8221;1\/4&#8243;][vc_column_text]<img loading=\"lazy\" decoding=\"async\" class=\"size-full wp-image-279 aligncenter\" src=\"\/wp-content\/uploads\/sites\/60\/2013\/06\/puertas-abiertas-Cofan.jpg\" alt=\"puertas-abiertas-Cofan\" width=\"141\" height=\"300\" \/>[\/vc_column_text][\/vc_column_inner][vc_column_inner width=&#8221;1\/4&#8243;][vc_column_text]<img loading=\"lazy\" decoding=\"async\" class=\"alignnone size-full wp-image-280\" src=\"\/wp-content\/uploads\/sites\/60\/2013\/06\/almacen-01.jpg\" alt=\"almacen-01\" width=\"800\" height=\"600\" srcset=\"https:\/\/blog.cofan.es\/cymferreterias\/wp-content\/uploads\/sites\/60\/2013\/06\/almacen-01.jpg 800w, https:\/\/blog.cofan.es\/cymferreterias\/wp-content\/uploads\/sites\/60\/2013\/06\/almacen-01-300x225.jpg 300w\" sizes=\"auto, (max-width: 800px) 100vw, 800px\" \/>[\/vc_column_text][\/vc_column_inner][vc_column_inner width=&#8221;1\/4&#8243;][vc_column_text]<img loading=\"lazy\" decoding=\"async\" class=\"alignnone size-full wp-image-281\" src=\"\/wp-content\/uploads\/sites\/60\/2013\/06\/almacen-02.jpg\" alt=\"almacen-02\" width=\"800\" height=\"600\" srcset=\"https:\/\/blog.cofan.es\/cymferreterias\/wp-content\/uploads\/sites\/60\/2013\/06\/almacen-02.jpg 800w, https:\/\/blog.cofan.es\/cymferreterias\/wp-content\/uploads\/sites\/60\/2013\/06\/almacen-02-300x225.jpg 300w\" sizes=\"auto, (max-width: 800px) 100vw, 800px\" \/>[\/vc_column_text][\/vc_column_inner][vc_column_inner width=&#8221;1\/4&#8243;][vc_column_text]<\/p>\n<p style=\"text-align: center;\"><img loading=\"lazy\" decoding=\"async\" class=\"alignnone size-full wp-image-282\" src=\"\/wp-content\/uploads\/sites\/60\/2013\/06\/almacen-03.jpg\" alt=\"almacen-03\" width=\"800\" height=\"600\" srcset=\"https:\/\/blog.cofan.es\/cymferreterias\/wp-content\/uploads\/sites\/60\/2013\/06\/almacen-03.jpg 800w, https:\/\/blog.cofan.es\/cymferreterias\/wp-content\/uploads\/sites\/60\/2013\/06\/almacen-03-300x225.jpg 300w\" sizes=\"auto, (max-width: 800px) 100vw, 800px\" \/><\/p>\n<p>[\/vc_column_text][\/vc_column_inner][\/vc_row_inner][vc_empty_space height=&#8221;20px&#8221;][\/vc_column][vc_column css=&#8221;.vc_custom_1482244702527{padding-top: 30px !important;}&#8221;][vc_column_text]<\/p>\n<h3><strong><span style=\"color: #c00e0e;\">Jornadas de puertas abiertas de Chint Electrics<\/span><\/strong><\/h3>\n<p>[\/vc_column_text][vc_empty_space height=&#8221;10px&#8221;][vc_row_inner row_type=&#8221;row&#8221; type=&#8221;full_width&#8221; text_align=&#8221;left&#8221; css_animation=&#8221;&#8221;][vc_column_inner width=&#8221;1\/4&#8243;][vc_column_text]<img loading=\"lazy\" decoding=\"async\" class=\"alignnone size-full wp-image-284\" src=\"\/wp-content\/uploads\/sites\/60\/2013\/06\/logo-chint.jpg\" alt=\"logo-chint\" width=\"200\" height=\"76\" \/>[\/vc_column_text][\/vc_column_inner][vc_column_inner width=&#8221;3\/4&#8243;][vc_column_text]<span style=\"color: #000000;\">El pr\u00f3ximo d\u00eda 10 de octubre participaremos en las jornadas de puertas abiertas de material el\u00e9ctrico Chint. En ellas nos presentar\u00e1n las \u00faltimas novedades en automatismo, as\u00ed como caracter\u00edsticas de sus materiales.<\/span>[\/vc_column_text][\/vc_column_inner][vc_column_inner][vc_column_text]<span style=\"color: #000000;\">Aprovecharemos esta oportunidad para conocer mas ampliamente su catalogo, delegados y obtener respuestas a las inquietudes que nos encontramos diariamente.<\/span>[\/vc_column_text][\/vc_column_inner][vc_column_inner width=&#8221;1\/3&#8243;][vc_column_text]<img loading=\"lazy\" decoding=\"async\" class=\"size-full wp-image-285 aligncenter\" src=\"\/wp-content\/uploads\/sites\/60\/2013\/06\/CP55.jpg\" alt=\"CP55\" width=\"93\" height=\"151\" \/>[\/vc_column_text][\/vc_column_inner][vc_column_inner width=&#8221;1\/3&#8243;][vc_column_text]<\/p>\n<p style=\"text-align: center;\"><img loading=\"lazy\" decoding=\"async\" class=\"alignnone size-full wp-image-286\" src=\"\/wp-content\/uploads\/sites\/60\/2013\/06\/etp_l.jpg\" alt=\"etp_l\" width=\"146\" height=\"150\" srcset=\"https:\/\/blog.cofan.es\/cymferreterias\/wp-content\/uploads\/sites\/60\/2013\/06\/etp_l.jpg 146w, https:\/\/blog.cofan.es\/cymferreterias\/wp-content\/uploads\/sites\/60\/2013\/06\/etp_l-36x36.jpg 36w\" sizes=\"auto, (max-width: 146px) 100vw, 146px\" \/><\/p>\n<p>[\/vc_column_text][\/vc_column_inner][vc_column_inner width=&#8221;1\/3&#8243;][vc_column_text]<\/p>\n<p style=\"text-align: center;\"><img loading=\"lazy\" decoding=\"async\" class=\"alignnone size-full wp-image-287\" src=\"\/wp-content\/uploads\/sites\/60\/2013\/06\/modula120.jpg\" alt=\"modula120\" width=\"127\" height=\"120\" \/><\/p>\n<p>[\/vc_column_text][\/vc_column_inner][\/vc_row_inner][vc_column_text]<\/p>\n<p style=\"text-align: center;\"><img loading=\"lazy\" decoding=\"async\" class=\"alignnone size-full wp-image-288\" src=\"\/wp-content\/uploads\/sites\/60\/2013\/06\/Chint_Electric.jpg\" alt=\"Chint_Electric\" width=\"500\" height=\"222\" srcset=\"https:\/\/blog.cofan.es\/cymferreterias\/wp-content\/uploads\/sites\/60\/2013\/06\/Chint_Electric.jpg 500w, https:\/\/blog.cofan.es\/cymferreterias\/wp-content\/uploads\/sites\/60\/2013\/06\/Chint_Electric-300x133.jpg 300w\" sizes=\"auto, (max-width: 500px) 100vw, 500px\" \/><\/p>\n<p>[\/vc_column_text][\/vc_column][\/vc_row]<\/p>\n<\/div>","protected":false},"excerpt":{"rendered":"<p>[vc_row css_animation=&#8221;&#8221; row_type=&#8221;row&#8221; use_row_as_full_screen_section=&#8221;no&#8221; type=&#8221;full_width&#8221; angled_section=&#8221;no&#8221; text_align=&#8221;left&#8221; background_image_as_pattern=&#8221;without_pattern&#8221;][vc_column][vc_column_text] Ferias Maderalia 2018 Febrero 2018[\/vc_column_text][vc_row_inner row_type=&#8221;row&#8221; type=&#8221;full_width&#8221; text_align=&#8221;left&#8221; css_animation=&#8221;&#8221;][vc_column_inner width=&#8221;2\/3&#8243;][vc_column_text el_class=&#8221;text-justify&#8221;] A principios del pr\u00f3ximo mes de febrero tendr\u00e1 lugar en Valencia la feria de interiorismo y decoraci\u00f3n. Un punto de encuentro de las mayores firmas en&#8230;<\/p>\n","protected":false},"author":1,"featured_media":0,"parent":0,"menu_order":0,"comment_status":"closed","ping_status":"closed","template":"","meta":{"footnotes":""},"class_list":["post-185","page","type-page","status-publish","hentry"],"_links":{"self":[{"href":"https:\/\/blog.cofan.es\/cymferreterias\/wp-json\/wp\/v2\/pages\/185","targetHints":{"allow":["GET"]}}],"collection":[{"href":"https:\/\/blog.cofan.es\/cymferreterias\/wp-json\/wp\/v2\/pages"}],"about":[{"href":"https:\/\/blog.cofan.es\/cymferreterias\/wp-json\/wp\/v2\/types\/page"}],"author":[{"embeddable":true,"href":"https:\/\/blog.cofan.es\/cymferreterias\/wp-json\/wp\/v2\/users\/1"}],"replies":[{"embeddable":true,"href":"https:\/\/blog.cofan.es\/cymferreterias\/wp-json\/wp\/v2\/comments?post=185"}],"version-history":[{"count":24,"href":"https:\/\/blog.cofan.es\/cymferreterias\/wp-json\/wp\/v2\/pages\/185\/revisions"}],"predecessor-version":[{"id":348,"href":"https:\/\/blog.cofan.es\/cymferreterias\/wp-json\/wp\/v2\/pages\/185\/revisions\/348"}],"wp:attachment":[{"href":"https:\/\/blog.cofan.es\/cymferreterias\/wp-json\/wp\/v2\/media?parent=185"}],"curies":[{"name":"wp","href":"https:\/\/api.w.org\/{rel}","templated":true}]}}