{"id":16,"date":"2012-03-21T16:13:57","date_gmt":"2012-03-21T16:13:57","guid":{"rendered":"http:\/\/blog.cofan.es\/master\/?page_id=14"},"modified":"2016-12-20T14:33:04","modified_gmt":"2016-12-20T14:33:04","slug":"productos","status":"publish","type":"page","link":"https:\/\/blog.cofan.es\/cymferreterias\/productos\/","title":{"rendered":"Productos"},"content":{"rendered":"<div class=\"wpb-content-wrapper\"><p>[vc_row css_animation=&#8221;&#8221; row_type=&#8221;row&#8221; use_row_as_full_screen_section=&#8221;no&#8221; type=&#8221;full_width&#8221; angled_section=&#8221;no&#8221; text_align=&#8221;left&#8221; background_image_as_pattern=&#8221;without_pattern&#8221;][vc_column][vc_column_text]<span style=\"color: #000000;\"><strong>C&amp;M Ferreter\u00edas<\/strong> pone a tu disposici\u00f3n una gran variedad de productos para satisfacer todas tus necesidades.<\/span><\/p>\n<p><span style=\"color: #000000;\">Te ofrecemos\u00a0<strong>m\u00e1s de 20.000\u00a0<\/strong>referencias&#8230;<\/span>[\/vc_column_text][vc_column_text]<span style=\"color: #000000;\">Pinturas y accesorios, alba\u00f1iler\u00eda y fontaner\u00eda, menaje para el hogar, etc&#8230;<\/span>[\/vc_column_text][\/vc_column][\/vc_row][vc_row css_animation=&#8221;&#8221; row_type=&#8221;row&#8221; use_row_as_full_screen_section=&#8221;no&#8221; type=&#8221;full_width&#8221; angled_section=&#8221;no&#8221; text_align=&#8221;left&#8221; background_image_as_pattern=&#8221;without_pattern&#8221; css=&#8221;.vc_custom_1482244298420{padding-top: 30px !important;}&#8221;][vc_column width=&#8221;1\/4&#8243;][vc_column_text]<\/p>\n<p style=\"text-align: center;\"><img loading=\"lazy\" decoding=\"async\" class=\"alignnone size-full wp-image-257\" src=\"\/wp-content\/uploads\/sites\/60\/2012\/03\/cordeleria.jpg\" alt=\"cordeleria\" width=\"160\" height=\"125\" \/><\/p>\n<p style=\"text-align: center;\"><span style=\"color: #000000;\"><strong>Cordeler\u00eda<\/strong><\/span><\/p>\n<p>[\/vc_column_text][\/vc_column][vc_column width=&#8221;1\/4&#8243;][vc_column_text]<\/p>\n<p style=\"text-align: center;\"><img loading=\"lazy\" decoding=\"async\" class=\"alignnone size-full wp-image-258\" src=\"\/wp-content\/uploads\/sites\/60\/2012\/03\/trefileria.jpg\" alt=\"trefileria\" width=\"160\" height=\"125\" \/><\/p>\n<p style=\"text-align: center;\"><span style=\"color: #000000;\"><strong>Trelifer\u00eda<\/strong><\/span><\/p>\n<p>[\/vc_column_text][\/vc_column][vc_column width=&#8221;1\/4&#8243;][vc_column_text]<\/p>\n<p style=\"text-align: center;\"><img loading=\"lazy\" decoding=\"async\" class=\"alignnone size-full wp-image-259\" src=\"\/wp-content\/uploads\/sites\/60\/2012\/03\/adhesivos.jpg\" alt=\"adhesivos\" width=\"165\" height=\"130\" \/><\/p>\n<p style=\"text-align: center;\"><span style=\"color: #000000;\"><strong>Adhesivos<\/strong><\/span><\/p>\n<p>[\/vc_column_text][\/vc_column][vc_column width=&#8221;1\/4&#8243;][vc_column_text]<\/p>\n<p style=\"text-align: center;\"><img loading=\"lazy\" decoding=\"async\" class=\"alignnone size-full wp-image-260\" src=\"\/wp-content\/uploads\/sites\/60\/2012\/03\/cerrajeria.jpg\" alt=\"cerrajeria\" width=\"165\" height=\"130\" \/><\/p>\n<p style=\"text-align: center;\"><span style=\"color: #000000;\"><strong>Cerrajer\u00eda<\/strong><\/span><\/p>\n<p>[\/vc_column_text][\/vc_column][\/vc_row][vc_row css_animation=&#8221;&#8221; row_type=&#8221;row&#8221; use_row_as_full_screen_section=&#8221;no&#8221; type=&#8221;full_width&#8221; angled_section=&#8221;no&#8221; text_align=&#8221;left&#8221; background_image_as_pattern=&#8221;without_pattern&#8221; css=&#8221;.vc_custom_1482244336464{padding-top: 15px !important;}&#8221;][vc_column width=&#8221;1\/4&#8243;][vc_column_text]<\/p>\n<p style=\"text-align: center;\"><img loading=\"lazy\" decoding=\"async\" class=\"alignnone size-full wp-image-261\" src=\"\/wp-content\/uploads\/sites\/60\/2012\/03\/herramientas_eleelectricas.jpg\" alt=\"herramientas_eleelectricas\" width=\"203\" height=\"110\" \/><\/p>\n<p style=\"text-align: center;\"><span style=\"color: #000000;\"><strong>Herramientas El\u00e9ctricas<\/strong><\/span><\/p>\n<p>[\/vc_column_text][\/vc_column][vc_column width=&#8221;1\/4&#8243;][vc_column_text]<\/p>\n<p style=\"text-align: center;\"><img loading=\"lazy\" decoding=\"async\" class=\"alignnone size-full wp-image-262\" src=\"\/wp-content\/uploads\/sites\/60\/2012\/03\/material_electrico.jpg\" alt=\"material_electrico\" width=\"203\" height=\"110\" \/><\/p>\n<p style=\"text-align: center;\"><span style=\"color: #000000;\"><strong>Material El\u00e9ctrico<\/strong><\/span><\/p>\n<p>[\/vc_column_text][\/vc_column][vc_column width=&#8221;1\/4&#8243;][vc_column_text]<\/p>\n<p style=\"text-align: center;\"><img loading=\"lazy\" decoding=\"async\" class=\"alignnone size-full wp-image-263\" src=\"\/wp-content\/uploads\/sites\/60\/2012\/03\/jardineria.jpg\" alt=\"jardineria\" width=\"203\" height=\"110\" \/><\/p>\n<p style=\"text-align: center;\"><span style=\"color: #000000;\"><strong>Jardiner\u00eda y riego<\/strong><\/span><\/p>\n<p>[\/vc_column_text][\/vc_column][vc_column width=&#8221;1\/4&#8243;][vc_column_text]<\/p>\n<p style=\"text-align: center;\"><img loading=\"lazy\" decoding=\"async\" class=\"alignnone size-full wp-image-264\" src=\"\/wp-content\/uploads\/sites\/60\/2012\/03\/piscina.jpg\" alt=\"piscina\" width=\"203\" height=\"110\" \/><\/p>\n<p style=\"text-align: center;\"><span style=\"color: #000000;\"><strong>Accesorios para piscinas<\/strong><\/span><\/p>\n<p>[\/vc_column_text][\/vc_column][\/vc_row][vc_row css_animation=&#8221;&#8221; row_type=&#8221;row&#8221; use_row_as_full_screen_section=&#8221;no&#8221; type=&#8221;full_width&#8221; angled_section=&#8221;no&#8221; text_align=&#8221;left&#8221; background_image_as_pattern=&#8221;without_pattern&#8221; css=&#8221;.vc_custom_1482244380137{padding-top: 15px !important;}&#8221;][vc_column][vc_column_text]<\/p>\n<p style=\"text-align: center;\"><img loading=\"lazy\" decoding=\"async\" class=\"alignnone size-full wp-image-265\" src=\"\/wp-content\/uploads\/sites\/60\/2012\/03\/electronica-telefonia-tv.jpg\" alt=\"electronica-telefonia-tv\" width=\"370\" height=\"90\" srcset=\"https:\/\/blog.cofan.es\/cymferreterias\/wp-content\/uploads\/sites\/60\/2012\/03\/electronica-telefonia-tv.jpg 370w, https:\/\/blog.cofan.es\/cymferreterias\/wp-content\/uploads\/sites\/60\/2012\/03\/electronica-telefonia-tv-300x73.jpg 300w\" sizes=\"auto, (max-width: 370px) 100vw, 370px\" \/><\/p>\n<p style=\"text-align: center;\"><span style=\"color: #000000;\"><strong>Electr\u00f3nica, telefon\u00eda y televisi\u00f3n<\/strong><\/span><\/p>\n<p>[\/vc_column_text][\/vc_column][\/vc_row]<\/p>\n<\/div>","protected":false},"excerpt":{"rendered":"<p>[vc_row css_animation=&#8221;&#8221; row_type=&#8221;row&#8221; use_row_as_full_screen_section=&#8221;no&#8221; type=&#8221;full_width&#8221; angled_section=&#8221;no&#8221; text_align=&#8221;left&#8221; background_image_as_pattern=&#8221;without_pattern&#8221;][vc_column][vc_column_text]C&amp;M Ferreter\u00edas pone a tu disposici\u00f3n una gran variedad de productos para satisfacer todas tus necesidades. Te ofrecemos\u00a0m\u00e1s de 20.000\u00a0referencias&#8230;[\/vc_column_text][vc_column_text]Pinturas y accesorios, alba\u00f1iler\u00eda y fontaner\u00eda, menaje para el hogar, etc&#8230;[\/vc_column_text][\/vc_column][\/vc_row][vc_row css_animation=&#8221;&#8221; row_type=&#8221;row&#8221; use_row_as_full_screen_section=&#8221;no&#8221; type=&#8221;full_width&#8221; angled_section=&#8221;no&#8221; text_align=&#8221;left&#8221; background_image_as_pattern=&#8221;without_pattern&#8221; css=&#8221;.vc_custom_1482244298420{padding-top:&#8230;<\/p>\n","protected":false},"author":1,"featured_media":0,"parent":0,"menu_order":0,"comment_status":"closed","ping_status":"closed","template":"","meta":{"footnotes":""},"class_list":["post-16","page","type-page","status-publish","hentry"],"_links":{"self":[{"href":"https:\/\/blog.cofan.es\/cymferreterias\/wp-json\/wp\/v2\/pages\/16","targetHints":{"allow":["GET"]}}],"collection":[{"href":"https:\/\/blog.cofan.es\/cymferreterias\/wp-json\/wp\/v2\/pages"}],"about":[{"href":"https:\/\/blog.cofan.es\/cymferreterias\/wp-json\/wp\/v2\/types\/page"}],"author":[{"embeddable":true,"href":"https:\/\/blog.cofan.es\/cymferreterias\/wp-json\/wp\/v2\/users\/1"}],"replies":[{"embeddable":true,"href":"https:\/\/blog.cofan.es\/cymferreterias\/wp-json\/wp\/v2\/comments?post=16"}],"version-history":[{"count":4,"href":"https:\/\/blog.cofan.es\/cymferreterias\/wp-json\/wp\/v2\/pages\/16\/revisions"}],"predecessor-version":[{"id":314,"href":"https:\/\/blog.cofan.es\/cymferreterias\/wp-json\/wp\/v2\/pages\/16\/revisions\/314"}],"wp:attachment":[{"href":"https:\/\/blog.cofan.es\/cymferreterias\/wp-json\/wp\/v2\/media?parent=16"}],"curies":[{"name":"wp","href":"https:\/\/api.w.org\/{rel}","templated":true}]}}