{"id":10,"date":"2012-03-21T16:12:38","date_gmt":"2012-03-21T16:12:38","guid":{"rendered":"http:\/\/blog.cofan.es\/master\/?page_id=10"},"modified":"2018-12-17T17:19:10","modified_gmt":"2018-12-17T17:19:10","slug":"empresa","status":"publish","type":"page","link":"https:\/\/blog.cofan.es\/cymferreterias\/empresa\/","title":{"rendered":"Empresa"},"content":{"rendered":"<div class=\"wpb-content-wrapper\"><p>[vc_row css_animation=&#8221;&#8221; row_type=&#8221;row&#8221; use_row_as_full_screen_section=&#8221;no&#8221; type=&#8221;full_width&#8221; angled_section=&#8221;no&#8221; text_align=&#8221;left&#8221; background_image_as_pattern=&#8221;without_pattern&#8221;][vc_column][vc_column_text]<span style=\"color: #000000;\"><strong>C&amp;M ferreterias<\/strong> fue fundada en 1.995, comenzamos como una peque\u00f1a ferreter\u00eda y en menos de una d\u00e9cada nos convertimos en un centro de referencia en la zona, incrementando tanto la superficie de la ferreter\u00eda como en la ampliaci\u00f3n de la variedad de art\u00edculos, con el \u00fanico af\u00e1n de solventar los problemas de nuestros clientes.<\/span><\/p>\n<p><span style=\"color: #000000;\">Los m\u00e1s de 17 a\u00f1os de experiencia nos permiten avanzar en el camino de la innovaci\u00f3n y persiguiendo la calidad, ofrecemos el mejor servicio.<\/span><\/p>\n<p><span style=\"color: #000000;\">Tenemos todo lo que necesita y mucho m\u00e1s, somos su ferreter\u00eda de confianza.<\/span>[\/vc_column_text][\/vc_column][\/vc_row][vc_row css_animation=&#8221;&#8221; row_type=&#8221;row&#8221; use_row_as_full_screen_section=&#8221;no&#8221; type=&#8221;full_width&#8221; angled_section=&#8221;no&#8221; text_align=&#8221;left&#8221; background_image_as_pattern=&#8221;without_pattern&#8221; css=&#8221;.vc_custom_1482244177117{padding-top: 30px !important;}&#8221;][vc_column][vc_column_text]<iframe loading=\"lazy\" src=\"https:\/\/maps.google.es\/maps?f=q&amp;source=s_q&amp;hl=es&amp;geocode=&amp;q=Calle+de+la+Carpa,+4,+Algeciras&amp;aq=t&amp;sll=40.2085,-3.713&amp;sspn=19.465287,43.286133&amp;t=h&amp;ie=UTF8&amp;hq=&amp;hnear=Calle+de+la+Carpa,+4,+11207+Algeciras,+C%C3%A1diz,+Andaluc%C3%ADa&amp;ll=36.114789,-5.443125&amp;spn=0.024268,0.051498&amp;z=14&amp;iwloc=A&amp;output=embed\" width=\"100%\" height=\"300\" frameborder=\"0\" marginwidth=\"0\" marginheight=\"0\" scrolling=\"no\"><\/iframe>[\/vc_column_text][\/vc_column][\/vc_row]<\/p>\n<\/div>","protected":false},"excerpt":{"rendered":"<p>[vc_row css_animation=&#8221;&#8221; row_type=&#8221;row&#8221; use_row_as_full_screen_section=&#8221;no&#8221; type=&#8221;full_width&#8221; angled_section=&#8221;no&#8221; text_align=&#8221;left&#8221; background_image_as_pattern=&#8221;without_pattern&#8221;][vc_column][vc_column_text]C&amp;M ferreterias fue fundada en 1.995, comenzamos como una peque\u00f1a ferreter\u00eda y en menos de una d\u00e9cada nos convertimos en un centro de referencia en la zona, incrementando tanto la superficie de la ferreter\u00eda como en la ampliaci\u00f3n&#8230;<\/p>\n","protected":false},"author":1,"featured_media":0,"parent":0,"menu_order":0,"comment_status":"closed","ping_status":"closed","template":"","meta":{"footnotes":""},"class_list":["post-10","page","type-page","status-publish","hentry"],"_links":{"self":[{"href":"https:\/\/blog.cofan.es\/cymferreterias\/wp-json\/wp\/v2\/pages\/10","targetHints":{"allow":["GET"]}}],"collection":[{"href":"https:\/\/blog.cofan.es\/cymferreterias\/wp-json\/wp\/v2\/pages"}],"about":[{"href":"https:\/\/blog.cofan.es\/cymferreterias\/wp-json\/wp\/v2\/types\/page"}],"author":[{"embeddable":true,"href":"https:\/\/blog.cofan.es\/cymferreterias\/wp-json\/wp\/v2\/users\/1"}],"replies":[{"embeddable":true,"href":"https:\/\/blog.cofan.es\/cymferreterias\/wp-json\/wp\/v2\/comments?post=10"}],"version-history":[{"count":3,"href":"https:\/\/blog.cofan.es\/cymferreterias\/wp-json\/wp\/v2\/pages\/10\/revisions"}],"predecessor-version":[{"id":369,"href":"https:\/\/blog.cofan.es\/cymferreterias\/wp-json\/wp\/v2\/pages\/10\/revisions\/369"}],"wp:attachment":[{"href":"https:\/\/blog.cofan.es\/cymferreterias\/wp-json\/wp\/v2\/media?parent=10"}],"curies":[{"name":"wp","href":"https:\/\/api.w.org\/{rel}","templated":true}]}}