{"id":5,"date":"2016-09-16T09:18:19","date_gmt":"2016-09-16T09:18:19","guid":{"rendered":"http:\/\/blog.cofan.es\/comercialeltren\/?page_id=5"},"modified":"2024-09-06T07:28:41","modified_gmt":"2024-09-06T07:28:41","slug":"inicio","status":"publish","type":"page","link":"https:\/\/blog.cofan.es\/comercialeltren\/","title":{"rendered":"Inicio"},"content":{"rendered":"<div class=\"wpb-content-wrapper\"><p>[vc_row css_animation=&#8221;&#8221; row_type=&#8221;row&#8221; use_row_as_full_screen_section=&#8221;no&#8221; type=&#8221;full_width&#8221; angled_section=&#8221;no&#8221; text_align=&#8221;left&#8221; background_image_as_pattern=&#8221;without_pattern&#8221;][vc_column css=&#8221;.vc_custom_1474038838410{padding-bottom: 40px !important;}&#8221;][vc_column_text]\n\t\t\t\t<p class=\"rs-p-wp-fix\"><\/p>\n\t\t\t\t<sr7-module data-alias=\"Slider 1\" data-id=\"1\" id=\"SR7_1_1\" class=\"rs-ov-hidden\" data-version=\"6.7.51\">\n\t\t\t\t\t<sr7-adjuster><\/sr7-adjuster>\n\t\t\t\t\t<sr7-content>\n\t\t\t\t\t\t<sr7-slide id=\"SR7_1_1-1\" data-key=\"1\">\n\t\t\t\t\t\t\t<sr7-bg id=\"SR7_1_1-1-1\" class=\"sr7-layer\"><noscript><img decoding=\"async\" src=\"https:\/\/blog.cofan.es\/comercialeltren\/wp-content\/uploads\/sites\/141\/2016\/09\/herramienta_manual.png\" alt=\"\" title=\"herramienta_manual\"><\/noscript><\/sr7-bg>\n\t\t\t\t\t\t<\/sr7-slide>\n\t\t\t\t\t\t<sr7-slide id=\"SR7_1_1-2\" data-key=\"2\">\n\t\t\t\t\t\t\t<sr7-bg id=\"SR7_1_1-2-1\" class=\"sr7-layer\"><noscript><img decoding=\"async\" src=\"https:\/\/blog.cofan.es\/comercialeltren\/wp-content\/uploads\/sites\/141\/2016\/09\/cordeleria.png\" alt=\"\" title=\"cordeleria\"><\/noscript><\/sr7-bg>\n\t\t\t\t\t\t<\/sr7-slide>\n\t\t\t\t\t\t<sr7-slide id=\"SR7_1_1-3\" data-key=\"3\">\n\t\t\t\t\t\t\t<sr7-bg id=\"SR7_1_1-3-1\" class=\"sr7-layer\"><noscript><img decoding=\"async\" src=\"https:\/\/blog.cofan.es\/comercialeltren\/wp-content\/uploads\/sites\/141\/2016\/09\/jardineria.png\" alt=\"\" title=\"jardineria\"><\/noscript><\/sr7-bg>\n\t\t\t\t\t\t<\/sr7-slide>\n\t\t\t\t\t\t<sr7-slide id=\"SR7_1_1-4\" data-key=\"4\">\n\t\t\t\t\t\t\t<sr7-bg id=\"SR7_1_1-4-1\" class=\"sr7-layer\"><noscript><img decoding=\"async\" src=\"https:\/\/blog.cofan.es\/comercialeltren\/wp-content\/uploads\/sites\/141\/2016\/09\/material_de_proteccion.png\" alt=\"\" title=\"material_de_proteccion\"><\/noscript><\/sr7-bg>\n\t\t\t\t\t\t<\/sr7-slide>\n\t\t\t\t\t\t<sr7-slide id=\"SR7_1_1-5\" data-key=\"5\">\n\t\t\t\t\t\t\t<sr7-bg id=\"SR7_1_1-5-1\" class=\"sr7-layer\"><noscript><img decoding=\"async\" src=\"https:\/\/blog.cofan.es\/comercialeltren\/wp-content\/uploads\/sites\/141\/2016\/09\/pinturas.png\" alt=\"\" title=\"pinturas\"><\/noscript><\/sr7-bg>\n\t\t\t\t\t\t<\/sr7-slide>\n\t\t\t\t\t\t<sr7-slide id=\"SR7_1_1-6\" data-key=\"6\">\n\t\t\t\t\t\t\t<sr7-bg id=\"SR7_1_1-6-1\" class=\"sr7-layer\"><noscript><img decoding=\"async\" src=\"https:\/\/blog.cofan.es\/comercialeltren\/wp-content\/uploads\/sites\/141\/2016\/09\/mas_productos.png\" alt=\"\" title=\"mas_productos\"><\/noscript><\/sr7-bg>\n\t\t\t\t\t\t<\/sr7-slide>\n\t\t\t\t\t<\/sr7-content>\n\t\t\t\t\t<image_lists style=\"display:none\">\n\t\t\t\t\t\t<img data-src=\"\/\/blog.cofan.es\/comercialeltren\/wp-content\/uploads\/sites\/141\/2016\/09\/herramienta_manual.png\" width=\"0\" height=\"0\" data-dbsrc=\"Ly9ibG9nLmNvZmFuLmVzL2NvbWVyY2lhbGVsdHJlbi93cC1jb250ZW50L3VwbG9hZHMvc2l0ZXMvMTQxLzIwMTYvMDkvaGVycmFtaWVudGFfbWFudWFsLnBuZw==\"\/>\n\t\t\t\t\t\t<img data-src=\"\/\/blog.cofan.es\/comercialeltren\/wp-content\/uploads\/sites\/141\/2016\/09\/cordeleria.png\" width=\"0\" height=\"0\" data-dbsrc=\"Ly9ibG9nLmNvZmFuLmVzL2NvbWVyY2lhbGVsdHJlbi93cC1jb250ZW50L3VwbG9hZHMvc2l0ZXMvMTQxLzIwMTYvMDkvY29yZGVsZXJpYS5wbmc=\"\/>\n\t\t\t\t\t\t<img data-src=\"\/\/blog.cofan.es\/comercialeltren\/wp-content\/uploads\/sites\/141\/2016\/09\/jardineria.png\" width=\"0\" height=\"0\" data-dbsrc=\"Ly9ibG9nLmNvZmFuLmVzL2NvbWVyY2lhbGVsdHJlbi93cC1jb250ZW50L3VwbG9hZHMvc2l0ZXMvMTQxLzIwMTYvMDkvamFyZGluZXJpYS5wbmc=\"\/>\n\t\t\t\t\t\t<img data-src=\"\/\/blog.cofan.es\/comercialeltren\/wp-content\/uploads\/sites\/141\/2016\/09\/material_de_proteccion.png\" width=\"0\" height=\"0\" data-dbsrc=\"Ly9ibG9nLmNvZmFuLmVzL2NvbWVyY2lhbGVsdHJlbi93cC1jb250ZW50L3VwbG9hZHMvc2l0ZXMvMTQxLzIwMTYvMDkvbWF0ZXJpYWxfZGVfcHJvdGVjY2lvbi5wbmc=\"\/>\n\t\t\t\t\t\t<img data-src=\"\/\/blog.cofan.es\/comercialeltren\/wp-content\/uploads\/sites\/141\/2016\/09\/pinturas.png\" width=\"0\" height=\"0\" data-dbsrc=\"Ly9ibG9nLmNvZmFuLmVzL2NvbWVyY2lhbGVsdHJlbi93cC1jb250ZW50L3VwbG9hZHMvc2l0ZXMvMTQxLzIwMTYvMDkvcGludHVyYXMucG5n\"\/>\n\t\t\t\t\t\t<img data-src=\"\/\/blog.cofan.es\/comercialeltren\/wp-content\/uploads\/sites\/141\/2016\/09\/mas_productos.png\" width=\"0\" height=\"0\" data-dbsrc=\"Ly9ibG9nLmNvZmFuLmVzL2NvbWVyY2lhbGVsdHJlbi93cC1jb250ZW50L3VwbG9hZHMvc2l0ZXMvMTQxLzIwMTYvMDkvbWFzX3Byb2R1Y3Rvcy5wbmc=\"\/>\n\t\t\t\t\t<\/image_lists>\n\t\t\t\t<\/sr7-module>\n\t\t\t\t<script>\n\t\t\t\t\twindow.SR7 ??={};SR7.PMH ??={}; SR7.PMH[\"SR7_1_1\"] = {cn:100,state:false,fn: function() { if (window._tpt!==undefined && window._tpt.prepareModuleHeight !== undefined) {  _tpt.prepareModuleHeight({id:\"SR7_1_1\",type:'standard',shdw:'1',gh:[340,340,181,138,85],gw:[1920,1920,1024,778,480],vpt:['-200px'],size:{fullWidth:true, fullHeight:false},mh:'0',onh:0,onw:0,bg:{color:'{\"orig\":\"transparent\",\"type\":\"solid\",\"string\":\"transparent\"}'},plType:'-1',plColor:'#FFFFFF'});   SR7.PMH[\"SR7_1_1\"].state=true;} else if(SR7.PMH[\"SR7_1_1\"].cn-->0)\tsetTimeout( SR7.PMH[\"SR7_1_1\"].fn,19);}};SR7.PMH[\"SR7_1_1\" ].fn();\n\t\t\t\t<\/script>\n[\/vc_column_text][\/vc_column][\/vc_row][vc_row css_animation=&#8221;&#8221; row_type=&#8221;row&#8221; use_row_as_full_screen_section=&#8221;no&#8221; type=&#8221;full_width&#8221; angled_section=&#8221;no&#8221; text_align=&#8221;left&#8221; background_image_as_pattern=&#8221;without_pattern&#8221;][vc_column][vc_column_text]<\/p>\n<h1><strong><span style=\"color: #124d92;\">Bienvenido a Comercial El Tren<\/span><\/strong><\/h1>\n<p>[\/vc_column_text][vc_column_text css=&#8221;.vc_custom_1482306590426{padding-top: 15px !important;}&#8221;]<\/p>\n<p style=\"text-align: justify;\">Comercial El Tren es una empresa dedicada exclusivamente al comercio en una amplia gama de productos, siendo un referente de calidad para toda la comarca, prestando un servicio fundamental en el desarrollo y dinamismo de su entorno durante los 40 a\u00f1os de su experiencia.<\/p>\n<p style=\"text-align: justify;\">El servicio personalizado y amable con los clientes, as\u00ed como un contacto directo sobre los mismos, hace de Comercial El Tren uno de sus sellos principales&#8230;<\/p>\n<p>[\/vc_column_text][\/vc_column][\/vc_row][vc_row css_animation=&#8221;&#8221; row_type=&#8221;row&#8221; use_row_as_full_screen_section=&#8221;no&#8221; type=&#8221;full_width&#8221; angled_section=&#8221;no&#8221; text_align=&#8221;left&#8221; background_image_as_pattern=&#8221;without_pattern&#8221; css=&#8221;.vc_custom_1482306583478{padding-top: 30px !important;}&#8221;][vc_column width=&#8221;1\/3&#8243;][vc_column_text]<\/p>\n<h1><strong><span style=\"color: #124d92;\">\u00bfQui\u00e9nes somos?<\/span><\/strong><\/h1>\n<p>[\/vc_column_text][vc_column_text css=&#8221;.vc_custom_1482306827009{padding-top: 15px !important;}&#8221;]<\/p>\n<p style=\"text-align: justify;\">Nuestra ferreter\u00eda nace de la mano de nuestros padres, Rafael y Federica que deciden emprender un negocio en los 60 a\u00f1os para cubrir las necesidades de una zona&#8230;<\/p>\n<p>[\/vc_column_text][vc_row_inner row_type=&#8221;row&#8221; type=&#8221;full_width&#8221; text_align=&#8221;center&#8221; css_animation=&#8221;&#8221; css=&#8221;.vc_custom_1482308057110{padding-top: 15px !important;}&#8221;][vc_column_inner]<a  itemprop=\"url\" href=\"http:\/\/www.comercialeltren.es\/empresa\/\" target=\"_self\" data-hover-background-color=\"#124d92\" data-hover-border-color=\"#124d92\" data-hover-color=\"#ffffff\" class=\"qbutton  small center default\" style=\"color: #ffffff; border-color: #124d92; font-style: normal; background-color:#124d92;\">Leer m\u00e1s<\/a>[\/vc_column_inner][\/vc_row_inner][\/vc_column][vc_column width=&#8221;1\/3&#8243;][vc_column_text]<\/p>\n<h1><strong><span style=\"color: #124d92;\">Nuestros Productos<\/span><\/strong><\/h1>\n<p>[\/vc_column_text][vc_column_text css=&#8221;.vc_custom_1482306833554{padding-top: 15px !important;}&#8221;]<\/p>\n<p style=\"text-align: justify;\">En nuestra ferreter\u00eda dispone de productos de fontaner\u00eda, pinturas, material el\u00e9ctrico, riegos, peque\u00f1o electrodom\u00e9stico, material de seguridad, torniller\u00eda, cerrajer\u00eda&#8230;<\/p>\n<p>[\/vc_column_text][vc_row_inner row_type=&#8221;row&#8221; type=&#8221;full_width&#8221; text_align=&#8221;center&#8221; css_animation=&#8221;&#8221; css=&#8221;.vc_custom_1482308067229{padding-top: 15px !important;}&#8221;][vc_column_inner]<a  itemprop=\"url\" href=\"http:\/\/www.comercialeltren.es\/productos\/\" target=\"_self\" data-hover-background-color=\"#124d92\" data-hover-border-color=\"#124d92\" data-hover-color=\"#ffffff\" class=\"qbutton  small center default\" style=\"color: #ffffff; border-color: #124d92; font-style: normal; background-color:#124d92;\">Leer m\u00e1s<\/a>[\/vc_column_inner][\/vc_row_inner][\/vc_column][vc_column width=&#8221;1\/3&#8243;][vc_column_text]<\/p>\n<h1><strong><span style=\"color: #124d92;\">Nuestros Servicios<\/span><\/strong><\/h1>\n<p>[\/vc_column_text][vc_column_text css=&#8221;.vc_custom_1482306841339{padding-top: 15px !important;}&#8221;]<\/p>\n<p style=\"text-align: justify;\">En Comercial El Tren disponemos de servicio de cami\u00f3n-gr\u00faa para trabajos de construcci\u00f3n y transportes. Para otro tipo de servicios preg\u00fantenos sin ning\u00fan tipo de compromiso.<\/p>\n<p>[\/vc_column_text][vc_row_inner row_type=&#8221;row&#8221; type=&#8221;full_width&#8221; text_align=&#8221;center&#8221; css_animation=&#8221;&#8221; css=&#8221;.vc_custom_1482308074310{padding-top: 15px !important;}&#8221;][vc_column_inner]<a  itemprop=\"url\" href=\"http:\/\/www.comercialeltren.es\/servicios\/\" target=\"_self\" data-hover-background-color=\"#124d92\" data-hover-border-color=\"#124d92\" data-hover-color=\"#ffffff\" class=\"qbutton  small center default\" style=\"color: #ffffff; border-color: #124d92; font-style: normal; background-color:#124d92;\">Leer m\u00e1s<\/a>[\/vc_column_inner][\/vc_row_inner][\/vc_column][\/vc_row][vc_row css_animation=&#8221;&#8221; row_type=&#8221;row&#8221; use_row_as_full_screen_section=&#8221;no&#8221; type=&#8221;full_width&#8221; angled_section=&#8221;no&#8221; text_align=&#8221;left&#8221; background_image_as_pattern=&#8221;without_pattern&#8221; top_padding=&#8221;30&#8243;][vc_column][vc_column_text css=&#8221;.vc_custom_1482306615970{padding-top: 30px !important;}&#8221;]<\/p>\n<h1><strong><span style=\"color: #124d92;\">Compra Online Cofan<\/span><\/strong><\/h1>\n<p>[\/vc_column_text][vc_column_text css=&#8221;.vc_custom_1482306622875{padding-top: 15px !important;}&#8221;]Usted puede realizar compras de nuestros productos directamente desde la web de Cofan. Para ello acceda al siguiente link, registrese y empiece a comprar\u00a0de una forma c\u00f3moda desde casa.[\/vc_column_text][vc_column_text css=&#8221;.vc_custom_1725607713411{margin-top: 30px !important;margin-bottom: 30px !important;}&#8221;]<a href=\"https:\/\/www.cofan.es\/es\/privatearea\/login\/yoi73aun3\/\" target=\"_blank\" rel=\"noopener\"><br \/>\n<img loading=\"lazy\" decoding=\"async\" class=\"aligncenter size-full\" src=\"\/wp-content\/uploads\/sites\/141\/2024\/09\/banner-cofan-nuevo.jpg\" alt=\"Compra Online Cofan\" width=\"1200\" height=\"200\" \/><br \/>\n<\/a>[\/vc_column_text][\/vc_column][\/vc_row][vc_row css_animation=&#8221;&#8221; row_type=&#8221;row&#8221; use_row_as_full_screen_section=&#8221;no&#8221; type=&#8221;full_width&#8221; angled_section=&#8221;no&#8221; text_align=&#8221;left&#8221; background_image_as_pattern=&#8221;without_pattern&#8221; top_padding=&#8221;50&#8243; bottom_padding=&#8221;50&#8243; css=&#8221;.vc_custom_1482306655392{padding-bottom: 30px !important;}&#8221;][vc_column][vc_column_text css=&#8221;.vc_custom_1482306630571{padding-top: 30px !important;}&#8221;]<\/p>\n<h1><strong><span style=\"color: #124d92;\">Nuestras Marcas<\/span><\/strong><\/h1>\n<p>[\/vc_column_text][vc_row_inner row_type=&#8221;row&#8221; type=&#8221;full_width&#8221; text_align=&#8221;left&#8221; css_animation=&#8221;&#8221; css=&#8221;.vc_custom_1482307884086{padding-top: 15px !important;}&#8221;][vc_column_inner width=&#8221;1\/4&#8243;][vc_single_image image=&#8221;61&#8243; img_size=&#8221;170&#215;48&#8243; alignment=&#8221;center&#8221; qode_css_animation=&#8221;&#8221;][\/vc_column_inner][vc_column_inner width=&#8221;1\/4&#8243;][vc_single_image image=&#8221;63&#8243; img_size=&#8221;170&#215;48&#8243; alignment=&#8221;center&#8221; qode_css_animation=&#8221;&#8221;][\/vc_column_inner][vc_column_inner width=&#8221;1\/4&#8243;][vc_single_image image=&#8221;64&#8243; img_size=&#8221;170&#215;48&#8243; alignment=&#8221;center&#8221; qode_css_animation=&#8221;&#8221;][\/vc_column_inner][vc_column_inner width=&#8221;1\/4&#8243;][vc_single_image image=&#8221;65&#8243; img_size=&#8221;170&#215;48&#8243; alignment=&#8221;center&#8221; qode_css_animation=&#8221;&#8221;][\/vc_column_inner][\/vc_row_inner][vc_row_inner row_type=&#8221;row&#8221; type=&#8221;full_width&#8221; text_align=&#8221;center&#8221; css_animation=&#8221;&#8221; css=&#8221;.vc_custom_1482307972150{padding-top: 25px !important;}&#8221;][vc_column_inner]<a  itemprop=\"url\" href=\"http:\/\/www.comercialeltren.es\/marcas\/\" target=\"_self\" data-hover-background-color=\"#124d92\" data-hover-border-color=\"#124d92\" data-hover-color=\"#ffffff\" class=\"qbutton  small center default\" style=\"color: #ffffff; border-color: #124d92; font-style: normal; background-color:#124d92;\">Ver m\u00e1s<\/a>[\/vc_column_inner][\/vc_row_inner][\/vc_column][\/vc_row]<\/p>\n<\/div>","protected":false},"excerpt":{"rendered":"<p>[vc_row css_animation=&#8221;&#8221; row_type=&#8221;row&#8221; use_row_as_full_screen_section=&#8221;no&#8221; type=&#8221;full_width&#8221; angled_section=&#8221;no&#8221; text_align=&#8221;left&#8221; background_image_as_pattern=&#8221;without_pattern&#8221;][vc_column css=&#8221;.vc_custom_1474038838410{padding-bottom: 40px !important;}&#8221;][vc_column_text][\/vc_column_text][\/vc_column][\/vc_row][vc_row css_animation=&#8221;&#8221; row_type=&#8221;row&#8221; use_row_as_full_screen_section=&#8221;no&#8221; type=&#8221;full_width&#8221; angled_section=&#8221;no&#8221; text_align=&#8221;left&#8221; background_image_as_pattern=&#8221;without_pattern&#8221;][vc_column][vc_column_text] Bienvenido a Comercial El Tren [\/vc_column_text][vc_column_text css=&#8221;.vc_custom_1482306590426{padding-top: 15px !important;}&#8221;] Comercial El Tren es una empresa dedicada exclusivamente al comercio en una amplia gama de productos, siendo un&#8230;<\/p>\n","protected":false},"author":1,"featured_media":0,"parent":0,"menu_order":0,"comment_status":"closed","ping_status":"closed","template":"","meta":{"footnotes":""},"class_list":["post-5","page","type-page","status-publish","hentry"],"_links":{"self":[{"href":"https:\/\/blog.cofan.es\/comercialeltren\/wp-json\/wp\/v2\/pages\/5","targetHints":{"allow":["GET"]}}],"collection":[{"href":"https:\/\/blog.cofan.es\/comercialeltren\/wp-json\/wp\/v2\/pages"}],"about":[{"href":"https:\/\/blog.cofan.es\/comercialeltren\/wp-json\/wp\/v2\/types\/page"}],"author":[{"embeddable":true,"href":"https:\/\/blog.cofan.es\/comercialeltren\/wp-json\/wp\/v2\/users\/1"}],"replies":[{"embeddable":true,"href":"https:\/\/blog.cofan.es\/comercialeltren\/wp-json\/wp\/v2\/comments?post=5"}],"version-history":[{"count":27,"href":"https:\/\/blog.cofan.es\/comercialeltren\/wp-json\/wp\/v2\/pages\/5\/revisions"}],"predecessor-version":[{"id":209,"href":"https:\/\/blog.cofan.es\/comercialeltren\/wp-json\/wp\/v2\/pages\/5\/revisions\/209"}],"wp:attachment":[{"href":"https:\/\/blog.cofan.es\/comercialeltren\/wp-json\/wp\/v2\/media?parent=5"}],"curies":[{"name":"wp","href":"https:\/\/api.w.org\/{rel}","templated":true}]}}