{"id":19,"date":"2016-09-16T09:41:55","date_gmt":"2016-09-16T09:41:55","guid":{"rendered":"http:\/\/blog.cofan.es\/comercialeltren\/?page_id=19"},"modified":"2016-12-21T09:00:01","modified_gmt":"2016-12-21T09:00:01","slug":"productos","status":"publish","type":"page","link":"https:\/\/blog.cofan.es\/comercialeltren\/productos\/","title":{"rendered":"Productos"},"content":{"rendered":"<div class=\"wpb-content-wrapper\"><p>[vc_row css_animation=&#8221;&#8221; row_type=&#8221;row&#8221; use_row_as_full_screen_section=&#8221;no&#8221; type=&#8221;full_width&#8221; angled_section=&#8221;no&#8221; text_align=&#8221;left&#8221; background_image_as_pattern=&#8221;without_pattern&#8221; top_padding=&#8221;50&#8243;][vc_column][vc_single_image image=&#8221;140&#8243; img_size=&#8221;full&#8221; alignment=&#8221;center&#8221; qode_css_animation=&#8221;&#8221;][\/vc_column][\/vc_row][vc_row css_animation=&#8221;&#8221; row_type=&#8221;row&#8221; use_row_as_full_screen_section=&#8221;no&#8221; type=&#8221;full_width&#8221; angled_section=&#8221;no&#8221; text_align=&#8221;left&#8221; background_image_as_pattern=&#8221;without_pattern&#8221; top_padding=&#8221;50&#8243;][vc_column][vc_column_text css=&#8221;.vc_custom_1482310717188{padding-top: 30px !important;}&#8221;]<\/p>\n<p style=\"text-align: justify;\"><span style=\"color: #000000;\">En nuestra ferreter\u00eda dispone de productos de fontaner\u00eda, pinturas, material el\u00e9ctrico, riegos, peque\u00f1o electrodom\u00e9stico, material de seguridad, torniller\u00eda, cerrajer\u00eda, hogar&#8230;<\/span><\/p>\n<p style=\"text-align: justify;\"><span style=\"color: #000000;\">Tambi\u00e9n disponemos de materiales de construcci\u00f3n en general.<\/span><\/p>\n<p>[\/vc_column_text][\/vc_column][\/vc_row][vc_row css_animation=&#8221;&#8221; row_type=&#8221;row&#8221; use_row_as_full_screen_section=&#8221;no&#8221; type=&#8221;full_width&#8221; angled_section=&#8221;no&#8221; text_align=&#8221;left&#8221; background_image_as_pattern=&#8221;without_pattern&#8221; css=&#8221;.vc_custom_1482310797701{padding-top: 15px !important;padding-bottom: 30px !important;}&#8221;][vc_column width=&#8221;1\/2&#8243;][vc_column_text]<\/p>\n<p style=\"text-align: center;\"><span style=\"color: #000000;\">Herramientas<\/span><\/p>\n<p style=\"text-align: center;\"><span style=\"color: #000000;\">Material de Protecci\u00f3n<\/span><\/p>\n<p style=\"text-align: center;\"><span style=\"color: #000000;\">Abrasivo, Corte y Taladro<\/span><\/p>\n<p style=\"text-align: center;\"><span style=\"color: #000000;\">Fijaci\u00f3n y Engrase<\/span><\/p>\n<p style=\"text-align: center;\"><span style=\"color: #000000;\">Cerraduras y Candados<\/span><\/p>\n<p style=\"text-align: center;\"><span style=\"color: #000000;\">Torniller\u00eda<\/span><\/p>\n<p style=\"text-align: center;\"><span style=\"color: #000000;\">Cerrajer\u00eda<\/span><\/p>\n<p>[\/vc_column_text][\/vc_column][vc_column width=&#8221;1\/2&#8243;][vc_column_text]<\/p>\n<p style=\"text-align: center;\"><span style=\"color: #000000;\">Cable, Cadena y Cuerdas<\/span><\/p>\n<p style=\"text-align: center;\"><span style=\"color: #000000;\">Qu\u00edmicos<\/span><\/p>\n<p style=\"text-align: center;\"><span style=\"color: #000000;\">Material El\u00e9ctrico<\/span><\/p>\n<p style=\"text-align: center;\"><span style=\"color: #000000;\">Agr\u00edcola y Jardiner\u00eda<\/span><\/p>\n<p style=\"text-align: center;\"><span style=\"color: #000000;\">Cintas Adhesivas<\/span><\/p>\n<p style=\"text-align: center;\"><span style=\"color: #000000;\">Ruedas Industriales y Dom\u00e9sticas<\/span><\/p>\n<p style=\"text-align: center;\"><span style=\"color: #000000;\">Hogar<\/span><\/p>\n<p>[\/vc_column_text][\/vc_column][\/vc_row]<\/p>\n<\/div>","protected":false},"excerpt":{"rendered":"<p>[vc_row css_animation=&#8221;&#8221; row_type=&#8221;row&#8221; use_row_as_full_screen_section=&#8221;no&#8221; type=&#8221;full_width&#8221; angled_section=&#8221;no&#8221; text_align=&#8221;left&#8221; background_image_as_pattern=&#8221;without_pattern&#8221; top_padding=&#8221;50&#8243;][vc_column][vc_single_image image=&#8221;140&#8243; img_size=&#8221;full&#8221; alignment=&#8221;center&#8221; qode_css_animation=&#8221;&#8221;][\/vc_column][\/vc_row][vc_row css_animation=&#8221;&#8221; row_type=&#8221;row&#8221; use_row_as_full_screen_section=&#8221;no&#8221; type=&#8221;full_width&#8221; angled_section=&#8221;no&#8221; text_align=&#8221;left&#8221; background_image_as_pattern=&#8221;without_pattern&#8221; top_padding=&#8221;50&#8243;][vc_column][vc_column_text css=&#8221;.vc_custom_1482310717188{padding-top: 30px !important;}&#8221;] En nuestra ferreter\u00eda dispone de productos de fontaner\u00eda, pinturas, material el\u00e9ctrico, riegos, peque\u00f1o electrodom\u00e9stico, material de seguridad, torniller\u00eda, cerrajer\u00eda, hogar&#8230; Tambi\u00e9n&#8230;<\/p>\n","protected":false},"author":1,"featured_media":0,"parent":0,"menu_order":0,"comment_status":"closed","ping_status":"closed","template":"","meta":{"footnotes":""},"class_list":["post-19","page","type-page","status-publish","hentry"],"_links":{"self":[{"href":"https:\/\/blog.cofan.es\/comercialeltren\/wp-json\/wp\/v2\/pages\/19","targetHints":{"allow":["GET"]}}],"collection":[{"href":"https:\/\/blog.cofan.es\/comercialeltren\/wp-json\/wp\/v2\/pages"}],"about":[{"href":"https:\/\/blog.cofan.es\/comercialeltren\/wp-json\/wp\/v2\/types\/page"}],"author":[{"embeddable":true,"href":"https:\/\/blog.cofan.es\/comercialeltren\/wp-json\/wp\/v2\/users\/1"}],"replies":[{"embeddable":true,"href":"https:\/\/blog.cofan.es\/comercialeltren\/wp-json\/wp\/v2\/comments?post=19"}],"version-history":[{"count":10,"href":"https:\/\/blog.cofan.es\/comercialeltren\/wp-json\/wp\/v2\/pages\/19\/revisions"}],"predecessor-version":[{"id":142,"href":"https:\/\/blog.cofan.es\/comercialeltren\/wp-json\/wp\/v2\/pages\/19\/revisions\/142"}],"wp:attachment":[{"href":"https:\/\/blog.cofan.es\/comercialeltren\/wp-json\/wp\/v2\/media?parent=19"}],"curies":[{"name":"wp","href":"https:\/\/api.w.org\/{rel}","templated":true}]}}