{"id":17,"date":"2016-09-16T09:41:40","date_gmt":"2016-09-16T09:41:40","guid":{"rendered":"http:\/\/blog.cofan.es\/comercialeltren\/?page_id=17"},"modified":"2016-12-21T09:01:19","modified_gmt":"2016-12-21T09:01:19","slug":"empresa","status":"publish","type":"page","link":"https:\/\/blog.cofan.es\/comercialeltren\/empresa\/","title":{"rendered":"Empresa"},"content":{"rendered":"<div class=\"wpb-content-wrapper\"><p>[vc_row css_animation=&#8221;&#8221; row_type=&#8221;row&#8221; use_row_as_full_screen_section=&#8221;no&#8221; type=&#8221;full_width&#8221; angled_section=&#8221;no&#8221; text_align=&#8221;left&#8221; background_image_as_pattern=&#8221;without_pattern&#8221; top_padding=&#8221;50&#8243;][vc_column][vc_single_image image=&#8221;134&#8243; img_size=&#8221;full&#8221; alignment=&#8221;center&#8221; qode_css_animation=&#8221;&#8221;][\/vc_column][\/vc_row][vc_row css_animation=&#8221;&#8221; row_type=&#8221;row&#8221; use_row_as_full_screen_section=&#8221;no&#8221; type=&#8221;full_width&#8221; angled_section=&#8221;no&#8221; text_align=&#8221;left&#8221; background_image_as_pattern=&#8221;without_pattern&#8221; css=&#8221;.vc_custom_1482309944305{padding-top: 30px !important;}&#8221;][vc_column][vc_column_text]<\/p>\n<p style=\"text-align: justify;\"><span style=\"color: #000000;\">Somos una ferreter\u00eda con m\u00e1s de 40 a\u00f1os de experiencia y a la vez con el esp\u00edritu joven de nuestro personal. Nuestro lema &#8220;Tenemos de todo&#8221; se ha forjado con los a\u00f1os y a base de trabajo.<\/span><\/p>\n<p style=\"text-align: justify;\"><span style=\"color: #000000;\">Trato personal, profesional y sobre todo cercan\u00eda con nuestros clientes.<\/span><\/p>\n<p style=\"text-align: justify;\"><span style=\"color: #000000;\">Nuestra ferreter\u00eda nace de la mano de nuestros padres, Rafael y Federica que deciden emprender un negocio en los a\u00f1os 60 para cubrir las necesidades de una zona en las afueras de Arcos de la Frontera.<\/span><\/p>\n<p style=\"text-align: justify;\"><span style=\"color: #000000;\">Con los a\u00f1os la actividad y la gama de art\u00edculos ha ido creciendo hasta nuestros d\u00edas, en que somos sin duda la ferreter\u00eda con m\u00e1s art\u00edculos de la comarca.<\/span><\/p>\n<p style=\"text-align: justify;\"><span style=\"color: #000000;\">Nuestro objetivo es hacer del cliente un amigo y fidelizarlo.<\/span><\/p>\n<p>[\/vc_column_text][\/vc_column][\/vc_row][vc_row css_animation=&#8221;&#8221; row_type=&#8221;row&#8221; use_row_as_full_screen_section=&#8221;no&#8221; type=&#8221;full_width&#8221; angled_section=&#8221;no&#8221; text_align=&#8221;left&#8221; background_image_as_pattern=&#8221;without_pattern&#8221; css=&#8221;.vc_custom_1482309960039{padding-top: 15px !important;}&#8221;][vc_column width=&#8221;1\/3&#8243; centered_cont=&#8221;true&#8221; background_image=&#8221;&#8221;][vc_column_text]<\/p>\n<p style=\"text-align: center;\"><img loading=\"lazy\" decoding=\"async\" class=\"alignnone size-full wp-image-98\" src=\"\/wp-content\/uploads\/sites\/141\/2016\/09\/1.jpg\" alt=\"1\" width=\"400\" height=\"225\" srcset=\"https:\/\/blog.cofan.es\/comercialeltren\/wp-content\/uploads\/sites\/141\/2016\/09\/1.jpg 400w, https:\/\/blog.cofan.es\/comercialeltren\/wp-content\/uploads\/sites\/141\/2016\/09\/1-300x169.jpg 300w\" sizes=\"auto, (max-width: 400px) 100vw, 400px\" \/><\/p>\n<p>[\/vc_column_text][\/vc_column][vc_column width=&#8221;1\/3&#8243;][vc_column_text]<\/p>\n<p style=\"text-align: center;\"><img loading=\"lazy\" decoding=\"async\" class=\"alignnone size-full wp-image-99\" src=\"\/wp-content\/uploads\/sites\/141\/2016\/09\/2.jpg\" alt=\"2\" width=\"400\" height=\"225\" srcset=\"https:\/\/blog.cofan.es\/comercialeltren\/wp-content\/uploads\/sites\/141\/2016\/09\/2.jpg 400w, https:\/\/blog.cofan.es\/comercialeltren\/wp-content\/uploads\/sites\/141\/2016\/09\/2-300x169.jpg 300w\" sizes=\"auto, (max-width: 400px) 100vw, 400px\" \/><\/p>\n<p>[\/vc_column_text][\/vc_column][vc_column width=&#8221;1\/3&#8243;][vc_column_text]<\/p>\n<p style=\"text-align: center;\"><img loading=\"lazy\" decoding=\"async\" class=\"alignnone size-full wp-image-100\" src=\"\/wp-content\/uploads\/sites\/141\/2016\/09\/3.jpg\" alt=\"3\" width=\"400\" height=\"225\" srcset=\"https:\/\/blog.cofan.es\/comercialeltren\/wp-content\/uploads\/sites\/141\/2016\/09\/3.jpg 400w, https:\/\/blog.cofan.es\/comercialeltren\/wp-content\/uploads\/sites\/141\/2016\/09\/3-300x169.jpg 300w\" sizes=\"auto, (max-width: 400px) 100vw, 400px\" \/><\/p>\n<p>[\/vc_column_text][\/vc_column][\/vc_row][vc_row css_animation=&#8221;&#8221; row_type=&#8221;row&#8221; use_row_as_full_screen_section=&#8221;no&#8221; type=&#8221;full_width&#8221; angled_section=&#8221;no&#8221; text_align=&#8221;left&#8221; background_image_as_pattern=&#8221;without_pattern&#8221;][vc_column width=&#8221;1\/3&#8243; centered_cont=&#8221;true&#8221; background_image=&#8221;&#8221;][vc_column_text]<img loading=\"lazy\" decoding=\"async\" class=\"size-full wp-image-101\" src=\"\/wp-content\/uploads\/sites\/141\/2016\/09\/4.jpg\" alt=\"4\" width=\"400\" height=\"225\" srcset=\"https:\/\/blog.cofan.es\/comercialeltren\/wp-content\/uploads\/sites\/141\/2016\/09\/4.jpg 400w, https:\/\/blog.cofan.es\/comercialeltren\/wp-content\/uploads\/sites\/141\/2016\/09\/4-300x169.jpg 300w\" sizes=\"auto, (max-width: 400px) 100vw, 400px\" \/>[\/vc_column_text][\/vc_column][vc_column width=&#8221;1\/3&#8243;][vc_column_text]<\/p>\n<p style=\"text-align: center;\"><img loading=\"lazy\" decoding=\"async\" class=\"alignnone size-full wp-image-102\" src=\"\/wp-content\/uploads\/sites\/141\/2016\/09\/5.jpg\" alt=\"5\" width=\"400\" height=\"225\" srcset=\"https:\/\/blog.cofan.es\/comercialeltren\/wp-content\/uploads\/sites\/141\/2016\/09\/5.jpg 400w, https:\/\/blog.cofan.es\/comercialeltren\/wp-content\/uploads\/sites\/141\/2016\/09\/5-300x169.jpg 300w\" sizes=\"auto, (max-width: 400px) 100vw, 400px\" \/><\/p>\n<p>[\/vc_column_text][\/vc_column][vc_column width=&#8221;1\/3&#8243;][vc_column_text]<\/p>\n<p style=\"text-align: center;\"><img loading=\"lazy\" decoding=\"async\" class=\"alignnone size-full wp-image-103\" src=\"\/wp-content\/uploads\/sites\/141\/2016\/09\/6.jpg\" alt=\"6\" width=\"400\" height=\"225\" srcset=\"https:\/\/blog.cofan.es\/comercialeltren\/wp-content\/uploads\/sites\/141\/2016\/09\/6.jpg 400w, https:\/\/blog.cofan.es\/comercialeltren\/wp-content\/uploads\/sites\/141\/2016\/09\/6-300x169.jpg 300w\" sizes=\"auto, (max-width: 400px) 100vw, 400px\" \/><\/p>\n<p>[\/vc_column_text][\/vc_column][\/vc_row][vc_row css_animation=&#8221;&#8221; row_type=&#8221;row&#8221; use_row_as_full_screen_section=&#8221;no&#8221; type=&#8221;full_width&#8221; angled_section=&#8221;no&#8221; text_align=&#8221;left&#8221; background_image_as_pattern=&#8221;without_pattern&#8221;][vc_column width=&#8221;1\/3&#8243; centered_cont=&#8221;true&#8221; background_image=&#8221;&#8221;][vc_column_text]<\/p>\n<p style=\"text-align: center;\"><img loading=\"lazy\" decoding=\"async\" class=\"alignnone size-full wp-image-104\" src=\"\/wp-content\/uploads\/sites\/141\/2016\/09\/7.jpg\" alt=\"7\" width=\"400\" height=\"225\" srcset=\"https:\/\/blog.cofan.es\/comercialeltren\/wp-content\/uploads\/sites\/141\/2016\/09\/7.jpg 400w, https:\/\/blog.cofan.es\/comercialeltren\/wp-content\/uploads\/sites\/141\/2016\/09\/7-300x169.jpg 300w\" sizes=\"auto, (max-width: 400px) 100vw, 400px\" \/><\/p>\n<p>[\/vc_column_text][\/vc_column][vc_column width=&#8221;1\/3&#8243;][vc_column_text]<\/p>\n<p style=\"text-align: center;\"><img loading=\"lazy\" decoding=\"async\" class=\"alignnone size-full wp-image-105\" src=\"\/wp-content\/uploads\/sites\/141\/2016\/09\/8.jpg\" alt=\"8\" width=\"400\" height=\"225\" srcset=\"https:\/\/blog.cofan.es\/comercialeltren\/wp-content\/uploads\/sites\/141\/2016\/09\/8.jpg 400w, https:\/\/blog.cofan.es\/comercialeltren\/wp-content\/uploads\/sites\/141\/2016\/09\/8-300x169.jpg 300w\" sizes=\"auto, (max-width: 400px) 100vw, 400px\" \/><\/p>\n<p>[\/vc_column_text][\/vc_column][vc_column width=&#8221;1\/3&#8243;][vc_column_text]<\/p>\n<p style=\"text-align: center;\"><img loading=\"lazy\" decoding=\"async\" class=\"alignnone size-full wp-image-106\" src=\"\/wp-content\/uploads\/sites\/141\/2016\/09\/9.jpg\" alt=\"9\" width=\"400\" height=\"225\" srcset=\"https:\/\/blog.cofan.es\/comercialeltren\/wp-content\/uploads\/sites\/141\/2016\/09\/9.jpg 400w, https:\/\/blog.cofan.es\/comercialeltren\/wp-content\/uploads\/sites\/141\/2016\/09\/9-300x169.jpg 300w\" sizes=\"auto, (max-width: 400px) 100vw, 400px\" \/><\/p>\n<p>[\/vc_column_text][\/vc_column][\/vc_row][vc_row css_animation=&#8221;&#8221; row_type=&#8221;row&#8221; use_row_as_full_screen_section=&#8221;no&#8221; type=&#8221;full_width&#8221; angled_section=&#8221;no&#8221; text_align=&#8221;left&#8221; background_image_as_pattern=&#8221;without_pattern&#8221; css=&#8221;.vc_custom_1482310875698{padding-bottom: 30px !important;}&#8221;][vc_column width=&#8221;1\/3&#8243; centered_cont=&#8221;true&#8221; background_image=&#8221;&#8221;][vc_column_text]<\/p>\n<p style=\"text-align: center;\"><img loading=\"lazy\" decoding=\"async\" class=\"alignnone size-full wp-image-107\" src=\"\/wp-content\/uploads\/sites\/141\/2016\/09\/10.jpg\" alt=\"10\" width=\"400\" height=\"225\" srcset=\"https:\/\/blog.cofan.es\/comercialeltren\/wp-content\/uploads\/sites\/141\/2016\/09\/10.jpg 400w, https:\/\/blog.cofan.es\/comercialeltren\/wp-content\/uploads\/sites\/141\/2016\/09\/10-300x169.jpg 300w\" sizes=\"auto, (max-width: 400px) 100vw, 400px\" \/><\/p>\n<p>[\/vc_column_text][\/vc_column][vc_column width=&#8221;1\/3&#8243;][vc_column_text]<\/p>\n<p style=\"text-align: center;\"><img loading=\"lazy\" decoding=\"async\" class=\"alignnone size-full wp-image-108\" src=\"\/wp-content\/uploads\/sites\/141\/2016\/09\/11.jpg\" alt=\"11\" width=\"400\" height=\"225\" srcset=\"https:\/\/blog.cofan.es\/comercialeltren\/wp-content\/uploads\/sites\/141\/2016\/09\/11.jpg 400w, https:\/\/blog.cofan.es\/comercialeltren\/wp-content\/uploads\/sites\/141\/2016\/09\/11-300x169.jpg 300w\" sizes=\"auto, (max-width: 400px) 100vw, 400px\" \/><\/p>\n<p>[\/vc_column_text][\/vc_column][vc_column width=&#8221;1\/3&#8243;][vc_column_text]<\/p>\n<p style=\"text-align: center;\"><img loading=\"lazy\" decoding=\"async\" class=\"alignnone size-full wp-image-109\" src=\"\/wp-content\/uploads\/sites\/141\/2016\/09\/12.jpg\" alt=\"12\" width=\"400\" height=\"225\" srcset=\"https:\/\/blog.cofan.es\/comercialeltren\/wp-content\/uploads\/sites\/141\/2016\/09\/12.jpg 400w, https:\/\/blog.cofan.es\/comercialeltren\/wp-content\/uploads\/sites\/141\/2016\/09\/12-300x169.jpg 300w\" sizes=\"auto, (max-width: 400px) 100vw, 400px\" \/><\/p>\n<p>[\/vc_column_text][\/vc_column][\/vc_row]<\/p>\n<\/div>","protected":false},"excerpt":{"rendered":"<p>[vc_row css_animation=&#8221;&#8221; row_type=&#8221;row&#8221; use_row_as_full_screen_section=&#8221;no&#8221; type=&#8221;full_width&#8221; angled_section=&#8221;no&#8221; text_align=&#8221;left&#8221; background_image_as_pattern=&#8221;without_pattern&#8221; top_padding=&#8221;50&#8243;][vc_column][vc_single_image image=&#8221;134&#8243; img_size=&#8221;full&#8221; alignment=&#8221;center&#8221; qode_css_animation=&#8221;&#8221;][\/vc_column][\/vc_row][vc_row css_animation=&#8221;&#8221; row_type=&#8221;row&#8221; use_row_as_full_screen_section=&#8221;no&#8221; type=&#8221;full_width&#8221; angled_section=&#8221;no&#8221; text_align=&#8221;left&#8221; background_image_as_pattern=&#8221;without_pattern&#8221; css=&#8221;.vc_custom_1482309944305{padding-top: 30px !important;}&#8221;][vc_column][vc_column_text] Somos una ferreter\u00eda con m\u00e1s de 40 a\u00f1os de experiencia y a la vez con el esp\u00edritu joven de nuestro personal. Nuestro&#8230;<\/p>\n","protected":false},"author":1,"featured_media":0,"parent":0,"menu_order":0,"comment_status":"closed","ping_status":"closed","template":"","meta":{"footnotes":""},"class_list":["post-17","page","type-page","status-publish","hentry"],"_links":{"self":[{"href":"https:\/\/blog.cofan.es\/comercialeltren\/wp-json\/wp\/v2\/pages\/17","targetHints":{"allow":["GET"]}}],"collection":[{"href":"https:\/\/blog.cofan.es\/comercialeltren\/wp-json\/wp\/v2\/pages"}],"about":[{"href":"https:\/\/blog.cofan.es\/comercialeltren\/wp-json\/wp\/v2\/types\/page"}],"author":[{"embeddable":true,"href":"https:\/\/blog.cofan.es\/comercialeltren\/wp-json\/wp\/v2\/users\/1"}],"replies":[{"embeddable":true,"href":"https:\/\/blog.cofan.es\/comercialeltren\/wp-json\/wp\/v2\/comments?post=17"}],"version-history":[{"count":8,"href":"https:\/\/blog.cofan.es\/comercialeltren\/wp-json\/wp\/v2\/pages\/17\/revisions"}],"predecessor-version":[{"id":145,"href":"https:\/\/blog.cofan.es\/comercialeltren\/wp-json\/wp\/v2\/pages\/17\/revisions\/145"}],"wp:attachment":[{"href":"https:\/\/blog.cofan.es\/comercialeltren\/wp-json\/wp\/v2\/media?parent=17"}],"curies":[{"name":"wp","href":"https:\/\/api.w.org\/{rel}","templated":true}]}}