{"id":8,"date":"2017-04-21T08:12:14","date_gmt":"2017-04-21T08:12:14","guid":{"rendered":"http:\/\/blog.cofan.es\/ceramicasvicente\/?page_id=8"},"modified":"2019-06-07T07:28:23","modified_gmt":"2019-06-07T07:28:23","slug":"advertencia-legal","status":"publish","type":"page","link":"https:\/\/blog.cofan.es\/ceramicasvicente\/advertencia-legal\/","title":{"rendered":"Advertencia Legal"},"content":{"rendered":"<div class=\"wpb-content-wrapper\"><p>[vc_row css_animation=&#8221;&#8221; row_type=&#8221;row&#8221; use_row_as_full_screen_section=&#8221;no&#8221; type=&#8221;full_width&#8221; angled_section=&#8221;no&#8221; text_align=&#8221;left&#8221; background_image_as_pattern=&#8221;without_pattern&#8221;][vc_column][vc_column_text]<strong>1) Responsable del tratamiento<\/strong><\/p>\n<p><strong>\u00bfQui\u00e9n es el Responsable del tratamiento de sus datos?<\/strong><\/p>\n<p><strong>\u00a0<\/strong><\/p>\n<p><strong>Identidad:<\/strong> CERAMICAS VICENTE, S. L.<\/p>\n<p><strong>CIF: <\/strong>B-09447947<\/p>\n<p><strong>Direcci\u00f3n postal: <\/strong>Ctra Madrid \u2013Irun 242 N\u00ba 6, 09007 BURGOS<\/p>\n<p><strong>Tel\u00e9fono: <\/strong>947 48 80 44<\/p>\n<p><strong>e-mail: <\/strong>oficina@ceramicasvicente.com<\/p>\n<p>&nbsp;<\/p>\n<p><strong>2) Finalidad del tratamiento<\/strong><\/p>\n<p><strong>2.1) \u00bfCon qu\u00e9 finalidad tratamos sus datos personales?<\/strong><\/p>\n<p>CERAMICAS VICENTE, S. L. trata la informaci\u00f3n facilitada por las personas interesadas con el fin del mantenimiento de la comunicaci\u00f3n entre ambas partes, la resoluci\u00f3n de dudas y consultas planteadas a trav\u00e9s del formulario de la p\u00e1gina, env\u00edo de informaci\u00f3n comercial, promociones as\u00ed como para la ejecuci\u00f3n y facturaci\u00f3n de los pedidos realizados.<\/p>\n<p>&nbsp;<\/p>\n<p>El interesado ser\u00e1 el \u00fanico responsable en el supuesto de haber facilitado datos falsos, inexactos, incompletos o no actualizados.<\/p>\n<p><strong>2.2) \u00bfPor cu\u00e1nto tiempo conservaremos sus datos?<\/strong><\/p>\n<p>Los datos personales proporcionados se conservar\u00e1n mientras no solicite su supresi\u00f3n o cancelaci\u00f3n y siempre que resulten adecuados, pertinentes y limitados a lo necesario para los fines para los que sean tratados. As\u00ed como el tiempo necesario para el cumplimiento de otras normativas.<\/p>\n<p><strong>3) Confidencialidad<\/strong><\/p>\n<p>CERAMICAS VICENTE, S. L. se compromete a respetar su confidencialidad y a utilizarlos de acuerdo con la finalidades propias del tratamiento, as\u00ed como a dar cumplimiento a su obligaci\u00f3n de guardarlos y adaptar todas las medidas para evitar la alteraci\u00f3n, p\u00e9rdida, tratamiento o acceso no autorizado, de acuerdo con lo establecimiento en el RGPD.<\/p>\n<p><strong>4) Legitimaci\u00f3n<\/strong><\/p>\n<p><strong>4.1) \u00bfCu\u00e1l es la legitimaci\u00f3n para el tratamiento de sus datos?<\/strong><\/p>\n<p>La base legal para el tratamiento de sus datos, est\u00e1 basada en la cumplimentaci\u00f3n del formulario y el consentimiento expreso del interesado al marcar las casillas que permiten las comunicaciones comerciales.<\/p>\n<p><strong>4.2) \u00bfTiene el interesado derecho a retirar su consentimiento?<\/strong><\/p>\n<p>S\u00ed, el interesado tiene derecho a retirar su consentimiento en cualquier momento, sin que esto afecte a la licitud del tratamiento basada en el consentimiento previo a su retirada.<\/p>\n<p><strong>4.3) \u00bfSe realizar\u00e1n decisiones individuales automatizadas y\/o elaboraci\u00f3n de perfiles, que produzcan efectos jur\u00eddicos o afecten al interesado significativamente de modo similar?<\/strong><\/p>\n<p>No, en CERAMICAS VICENTE no se llevar\u00e1n a cabo decisiones automatizadas ni elaboraci\u00f3n de perfiles con los datos facilitados por el interesado.<\/p>\n<p><strong>5) Destinatarios de cesiones de datos<\/strong><\/p>\n<p><strong>5.1) \u00bfSe ceder\u00e1n sus datos a otras empresas?<\/strong><\/p>\n<p>No, no se prev\u00e9 la cesi\u00f3n de datos a terceros, salvo obligaci\u00f3n legal.<\/p>\n<p><strong>6) Destinatarios de transferencias internacionales de datos<\/strong><\/p>\n<p><strong>6.1) \u00bfA qu\u00e9 destinatarios se comunicar\u00e1n sus datos?<\/strong><\/p>\n<p>CERAMICAS VICENTE, S. L. mantiene contratados servicios de hosting web y webmail con proveedores especializados. Ello supone que los datos de env\u00edos telem\u00e1ticos en alg\u00fan momento se almacenar\u00e1n en estos servidores de terceros con los que CERAMICAS VICENTE, S. L. tiene firmados las correspondientes cl\u00e1usulas de confidencialidad.<\/p>\n<p>&nbsp;<\/p>\n<p>&nbsp;<\/p>\n<p><strong>7) Derechos de los interesados<\/strong><\/p>\n<p><strong>7.1) \u00bfCu\u00e1les son sus derechos cuando nos facilita sus datos?<\/strong><\/p>\n<p>Cualquier persona tiene derecho a obtener confirmaci\u00f3n sobre si en CERAMICAS VICENTE se est\u00e1n tratando datos personales que le conciernen, o no.<\/p>\n<p>Asimismo, tal y como prev\u00e9 el Reglamento General de Protecci\u00f3n de Datos, le informamos que usted tiene los siguientes derechos:<\/p>\n<p>&nbsp;<\/p>\n<ol>\n<li><strong><u>Acceder a sus datos<\/u><\/strong>: Ud. tiene derecho a acceder a sus datos para conocer qu\u00e9 datos personales estamos tratando que le conciernen.<\/li>\n<li><strong><u>Solicitar la rectificaci\u00f3n o supresi\u00f3n de sus datos<\/u><\/strong>: En determinadas circunstancias, Ud. tiene derecho a rectificar aquellos datos personales inexactos que le conciernen que sean objeto de tratamiento por nuestra parte o, incluso, a solicitarnos su supresi\u00f3n cuando, entre otros motivos, los datos ya no fueran necesarios para los fines que fueron recogidos.<\/li>\n<\/ol>\n<ul>\n<li><strong><u>Solicitar la limitaci\u00f3n del tratamiento de sus datos<\/u><\/strong>: En determinadas circunstancias, Ud. tendr\u00e1 derecho a solicitarnos la limitaci\u00f3n del tratamiento de sus datos, en cuyo caso le informamos que \u00fanicamente los conservaremos para el ejercicio o defensa de reclamaciones tal y como prev\u00e9 el Reglamento General de Protecci\u00f3n de Datos.<\/li>\n<\/ul>\n<ol>\n<li><strong><u>A la portabilidad de sus datos<\/u><\/strong>: En determinadas circunstancias, Ud. tendr\u00e1 derecho a recibir los datos personales que le incumban, y que nos haya facilitado, en un formato estructurado, de uso com\u00fan y lectura mec\u00e1nica, y a transmitirlos a otro responsable del tratamiento.<\/li>\n<li><strong><u>Oponerse al tratamiento de sus datos<\/u><\/strong>: En determinadas circunstancias y por motivos relacionados con su situaci\u00f3n particular, Ud. tendr\u00e1 derecho a oponerse al tratamiento de sus datos en cuyo caso, dejar\u00edamos de tratarlos salvo que por motivos leg\u00edtimos imperiosos, o el ejercicio o la defensa de posibles reclamaciones.<\/li>\n<\/ol>\n<p><strong>7.2) \u00bfD\u00f3nde debe dirigirse para el ejercicio de sus derechos?<\/strong><\/p>\n<p>Para el ejercicio de los derechos, anteriormente mencionados, el interesado podr\u00e1 ponerse en contacto con CERAMICAS VICENTE, S. L. por escrito, indicando en el sobre \u201cProtecci\u00f3n de datos\u201d, al Departamento de Atenci\u00f3n al Cliente de CERAMICAS VICENTE, S. L. Ctra. Madrid-Ir\u00fan, Km, 242 nave 6 \u2013 09007 Burgos, o bien, mediante correo electr\u00f3nico a la direcci\u00f3n: oficina@ceramicasvicente.com<\/p>\n<p><strong>7.3) \u00bfCu\u00e1ndo responderemos su solicitud?<\/strong><\/p>\n<p>Responderemos a su petici\u00f3n en la mayor brevedad posible y, en todo caso, en el plazo m\u00e1ximo de un mes desde la recepci\u00f3n de la solicitud. Teniendo en cuenta la complejidad y el n\u00famero de solicitudes recibidas, dicho plazo podr\u00e1 prorrogarse otros dos meses en caso de necesidad, en cuyo caso, CERAMICAS VICENTE, S. L. informar\u00e1 al interesado de dichas pr\u00f3rrogas en el plazo de un mes a partir de la recepci\u00f3n de la solicitud, indicando los motivos de dicha dilaci\u00f3n.<\/p>\n<p><strong>7.4) \u00bfTiene el interesado derecho a reclamar?<\/strong><\/p>\n<p>S\u00ed, el interesado, especialmente cuando no haya obtenido satisfacci\u00f3n en el ejercicio de sus derechos, tiene derecho a presentar una reclamaci\u00f3n ante la autoridad nacional de control, siendo en el presente caso la Agencia Espa\u00f1ola de Protecci\u00f3n de Datos a trav\u00e9s de la p\u00e1gina web <a href=\"http:\/\/www.agpd.es\">www.agpd.es<\/a>.<\/p>\n<p><strong>8) Seguridad de los datos<\/strong><\/p>\n<p>Con el objetivo de salvaguardar la seguridad de sus datos personales, le informamos que hemos adoptado todas las medidas de \u00edndole t\u00e9cnica y organizativa necesarias para garantizar la seguridad de los datos personales suministrados de su alteraci\u00f3n, p\u00e9rdida, uso indebido, divulgaci\u00f3n, y tratamientos o accesos no autorizados, tal como exige la normativa de protecci\u00f3n de datos de car\u00e1cter personal. En este sentido, CERAMICAS VICENTE, S. L. garantiza la custodia de los datos objeto de tratamiento, para lo cual adoptar\u00e1 las medidas pertinentes con tales fines, siempre de conformidad con el estado de la tecnolog\u00eda en cada momento. Nuestras medidas de seguridad son permanentemente actualizadas de acuerdo con el desarrollo tecnol\u00f3gico y obligaciones de la normativa en protecci\u00f3n de datos.[\/vc_column_text][\/vc_column][\/vc_row][vc_row css_animation=&#8221;&#8221; row_type=&#8221;row&#8221; use_row_as_full_screen_section=&#8221;no&#8221; type=&#8221;full_width&#8221; angled_section=&#8221;no&#8221; text_align=&#8221;left&#8221; background_image_as_pattern=&#8221;without_pattern&#8221;][vc_column][vc_empty_space height=&#8221;30px&#8221;][\/vc_column][\/vc_row]<\/p>\n<\/div>","protected":false},"excerpt":{"rendered":"<p>[vc_row css_animation=&#8221;&#8221; row_type=&#8221;row&#8221; use_row_as_full_screen_section=&#8221;no&#8221; type=&#8221;full_width&#8221; angled_section=&#8221;no&#8221; text_align=&#8221;left&#8221; background_image_as_pattern=&#8221;without_pattern&#8221;][vc_column][vc_column_text]1) Responsable del tratamiento \u00bfQui\u00e9n es el Responsable del tratamiento de sus datos? \u00a0 Identidad: CERAMICAS VICENTE, S. L. CIF: B-09447947 Direcci\u00f3n postal: Ctra Madrid \u2013Irun 242 N\u00ba 6, 09007 BURGOS Tel\u00e9fono: 947 48 80 44 e-mail: oficina@ceramicasvicente.com&#8230;<\/p>\n","protected":false},"author":1,"featured_media":0,"parent":0,"menu_order":0,"comment_status":"closed","ping_status":"closed","template":"","meta":{"footnotes":""},"class_list":["post-8","page","type-page","status-publish","hentry"],"_links":{"self":[{"href":"https:\/\/blog.cofan.es\/ceramicasvicente\/wp-json\/wp\/v2\/pages\/8","targetHints":{"allow":["GET"]}}],"collection":[{"href":"https:\/\/blog.cofan.es\/ceramicasvicente\/wp-json\/wp\/v2\/pages"}],"about":[{"href":"https:\/\/blog.cofan.es\/ceramicasvicente\/wp-json\/wp\/v2\/types\/page"}],"author":[{"embeddable":true,"href":"https:\/\/blog.cofan.es\/ceramicasvicente\/wp-json\/wp\/v2\/users\/1"}],"replies":[{"embeddable":true,"href":"https:\/\/blog.cofan.es\/ceramicasvicente\/wp-json\/wp\/v2\/comments?post=8"}],"version-history":[{"count":8,"href":"https:\/\/blog.cofan.es\/ceramicasvicente\/wp-json\/wp\/v2\/pages\/8\/revisions"}],"predecessor-version":[{"id":1800,"href":"https:\/\/blog.cofan.es\/ceramicasvicente\/wp-json\/wp\/v2\/pages\/8\/revisions\/1800"}],"wp:attachment":[{"href":"https:\/\/blog.cofan.es\/ceramicasvicente\/wp-json\/wp\/v2\/media?parent=8"}],"curies":[{"name":"wp","href":"https:\/\/api.w.org\/{rel}","templated":true}]}}