{"id":949,"date":"2013-10-08T07:19:14","date_gmt":"2013-10-08T07:19:14","guid":{"rendered":"http:\/\/blog.cofan.es\/blog-turismo-vinasoro-es\/?page_id=949"},"modified":"2017-01-03T10:57:34","modified_gmt":"2017-01-03T10:57:34","slug":"informacion-sobre-las-cookies","status":"publish","type":"page","link":"https:\/\/blog.cofan.es\/blog-turismo-vinasoro-es\/informacion-sobre-las-cookies\/","title":{"rendered":"Informaci\u00f3n sobre las Cookies"},"content":{"rendered":"<p class=\"parrafo\"><span style=\"color: #000000;\">Una cookie es un peque\u00f1o archivo de texto que se transfiere al equipo, tel\u00e9fono inteligente o tableta del usuario a trav\u00e9s del navegador web. Nuestro sistema transfiere cookies al almacenamiento permanente de su dispositivo cuando visita nuestro sitio web, para poder reconocerle cuando vuelva a visitarnos y para ayudarnos a mejorar el uso que los usuarios hacen de nuestro sitio.<\/span><\/p>\n<p class=\"parrafo\"><span style=\"color: #000000;\">Al acceder a cualquiera de nuestros Sitios web, usted acepta que esta Pol\u00edtica de cookies se aplicar\u00e1 cada vez que acceda a los Sitios web desde cualquier dispositivo.<\/span><\/p>\n<p class=\"parrafo\"><span style=\"color: #000000;\">Puedes revocar tu permiso y gestionar la forma en que tu navegador controla las cookies (permitir, conocer, bloquear o eliminar las cookies instaladas en tu equipo) mediante la configuraci\u00f3n de las opciones del navegador que utilizas.<\/span><\/p>\n<p class=\"parrafo\">\n<h3><strong><span style=\"color: #000000;\">\u00bfQu\u00e9 tipo de cookies utilizamos?<\/span><\/strong><\/h3>\n<p>&nbsp;<\/p>\n<ul>\n<li class=\"parrafo\"><span style=\"color: #000000;\"><strong>Cookies propias: <\/strong>aqu\u00e9llas que se env\u00edan al equipo terminal del usuario desde un equipo o dominio gestionado por el propio editor y desde el que se presta el servicio solicitado por el usuario.<\/span><\/li>\n<li class=\"parrafo\"><span style=\"color: #000000;\"><strong>Cookies de an\u00e1lisis: <\/strong>nos permiten cuantificar el n\u00famero de usuarios y as\u00ed realizar la medici\u00f3n y an\u00e1lisis estad\u00edstico de la utilizaci\u00f3n que hacen los usuarios del servicio ofertado. Para ello se analiza su navegaci\u00f3n en nuestra p\u00e1gina web con el fin de mejorar la oferta de productos o servicios que le ofrecemos.<\/span><\/li>\n<\/ul>\n<p>&nbsp;<\/p>\n<h3><strong><span style=\"color: #000000;\">Configuraci\u00f3n de cookies en los navegadores:<\/span><\/strong><\/h3>\n<p>&nbsp;<\/p>\n<p class=\"parrafo\"><span style=\"color: #000000;\">Encontrar\u00e1s la forma de hacerlo para cada navegador en las siguientes referencias:<\/span><\/p>\n<ul>\n<li class=\"parrafo\"><span style=\"color: #000000;\">Chrome: <a style=\"color: #000000;\" href=\"http:\/\/support.google.com\/chrome\/bin\/answer.py?hl=es&amp;answer=95647\" target=\"_blank\" rel=\"nofollow\">http:\/\/support.google.com\/chrome\/bin\/answer.py?hl=es&amp;answer=95647<\/a><\/span><\/li>\n<li class=\"parrafo\"><span style=\"color: #000000;\">Explorer: <a style=\"color: #000000;\" href=\"http:\/\/windows.microsoft.com\/es-es\/windows7\/how-to-manage-cookies-in-internet-explorer-9\" target=\"_blank\" rel=\"nofollow\">http:\/\/windows.microsoft.com\/es-es\/windows7\/how-to-manage-cookies-in-internet-explorer-9<\/a><\/span><\/li>\n<li class=\"parrafo\"><span style=\"color: #000000;\">Firefox: <a style=\"color: #000000;\" href=\"http:\/\/support.mozilla.org\/es\/products\/firefox\/cookies\" target=\"_blank\" rel=\"nofollow\">http:\/\/support.mozilla.org\/es\/products\/firefox\/cookies<\/a><\/span><\/li>\n<li class=\"parrafo\"><span style=\"color: #000000;\">Safari: <a style=\"color: #000000;\" href=\"http:\/\/support.apple.com\/kb\/ph5042\" target=\"_blank\" rel=\"nofollow\">http:\/\/support.apple.com\/kb\/ph5042<\/a><\/span><\/li>\n<\/ul>\n","protected":false},"excerpt":{"rendered":"<p>Una cookie es un peque\u00f1o archivo de texto que se transfiere al equipo, tel\u00e9fono inteligente o tableta del usuario a trav\u00e9s del navegador web. Nuestro sistema transfiere cookies al almacenamiento permanente de su dispositivo cuando visita nuestro sitio web, para poder reconocerle cuando vuelva a&#8230;<\/p>\n","protected":false},"author":1,"featured_media":0,"parent":0,"menu_order":0,"comment_status":"closed","ping_status":"closed","template":"","meta":{"footnotes":""},"class_list":["post-949","page","type-page","status-publish","hentry"],"_links":{"self":[{"href":"https:\/\/blog.cofan.es\/blog-turismo-vinasoro-es\/wp-json\/wp\/v2\/pages\/949","targetHints":{"allow":["GET"]}}],"collection":[{"href":"https:\/\/blog.cofan.es\/blog-turismo-vinasoro-es\/wp-json\/wp\/v2\/pages"}],"about":[{"href":"https:\/\/blog.cofan.es\/blog-turismo-vinasoro-es\/wp-json\/wp\/v2\/types\/page"}],"author":[{"embeddable":true,"href":"https:\/\/blog.cofan.es\/blog-turismo-vinasoro-es\/wp-json\/wp\/v2\/users\/1"}],"replies":[{"embeddable":true,"href":"https:\/\/blog.cofan.es\/blog-turismo-vinasoro-es\/wp-json\/wp\/v2\/comments?post=949"}],"version-history":[{"count":2,"href":"https:\/\/blog.cofan.es\/blog-turismo-vinasoro-es\/wp-json\/wp\/v2\/pages\/949\/revisions"}],"predecessor-version":[{"id":2854,"href":"https:\/\/blog.cofan.es\/blog-turismo-vinasoro-es\/wp-json\/wp\/v2\/pages\/949\/revisions\/2854"}],"wp:attachment":[{"href":"https:\/\/blog.cofan.es\/blog-turismo-vinasoro-es\/wp-json\/wp\/v2\/media?parent=949"}],"curies":[{"name":"wp","href":"https:\/\/api.w.org\/{rel}","templated":true}]}}