{"id":2977,"date":"2022-02-10T10:06:04","date_gmt":"2022-02-10T10:06:04","guid":{"rendered":"https:\/\/blog.cofan.es\/blog-turismo-vinasoro-es\/?page_id=2977"},"modified":"2022-02-10T10:06:05","modified_gmt":"2022-02-10T10:06:05","slug":"celebraciones","status":"publish","type":"page","link":"https:\/\/blog.cofan.es\/blog-turismo-vinasoro-es\/celebraciones\/","title":{"rendered":"Celebraciones"},"content":{"rendered":"\n<p>En Hotel Ch\u00e2teau Vi\u00f1asoro celebramos las BBC (Bodas, Bautizos y Comuniones). En este apartado encontrar\u00e1s ideas para todo tipo de eventos, incluidos aniversarios, bodas de plata, bodas de oro, cumplea\u00f1os&#8230; Un\u00a0<em>Blog<\/em>\u00a0lleno de tips, consejos e inspiraci\u00f3n para que tus eventos sean como siempre has so\u00f1ado.<\/p>\n","protected":false},"excerpt":{"rendered":"<p>En Hotel Ch\u00e2teau Vi\u00f1asoro celebramos las BBC (Bodas, Bautizos y Comuniones). En este apartado encontrar\u00e1s ideas para todo tipo de eventos, incluidos aniversarios, bodas de plata, bodas de oro, cumplea\u00f1os&#8230; Un\u00a0Blog\u00a0lleno de tips, consejos e inspiraci\u00f3n para que tus eventos sean como siempre has so\u00f1ado.<\/p>\n","protected":false},"author":15,"featured_media":0,"parent":0,"menu_order":0,"comment_status":"closed","ping_status":"closed","template":"","meta":{"footnotes":""},"class_list":["post-2977","page","type-page","status-publish","hentry"],"_links":{"self":[{"href":"https:\/\/blog.cofan.es\/blog-turismo-vinasoro-es\/wp-json\/wp\/v2\/pages\/2977","targetHints":{"allow":["GET"]}}],"collection":[{"href":"https:\/\/blog.cofan.es\/blog-turismo-vinasoro-es\/wp-json\/wp\/v2\/pages"}],"about":[{"href":"https:\/\/blog.cofan.es\/blog-turismo-vinasoro-es\/wp-json\/wp\/v2\/types\/page"}],"author":[{"embeddable":true,"href":"https:\/\/blog.cofan.es\/blog-turismo-vinasoro-es\/wp-json\/wp\/v2\/users\/15"}],"replies":[{"embeddable":true,"href":"https:\/\/blog.cofan.es\/blog-turismo-vinasoro-es\/wp-json\/wp\/v2\/comments?post=2977"}],"version-history":[{"count":1,"href":"https:\/\/blog.cofan.es\/blog-turismo-vinasoro-es\/wp-json\/wp\/v2\/pages\/2977\/revisions"}],"predecessor-version":[{"id":2978,"href":"https:\/\/blog.cofan.es\/blog-turismo-vinasoro-es\/wp-json\/wp\/v2\/pages\/2977\/revisions\/2978"}],"wp:attachment":[{"href":"https:\/\/blog.cofan.es\/blog-turismo-vinasoro-es\/wp-json\/wp\/v2\/media?parent=2977"}],"curies":[{"name":"wp","href":"https:\/\/api.w.org\/{rel}","templated":true}]}}