{"id":2975,"date":"2022-02-10T10:00:57","date_gmt":"2022-02-10T10:00:57","guid":{"rendered":"https:\/\/blog.cofan.es\/blog-turismo-vinasoro-es\/?page_id=2975"},"modified":"2022-02-10T10:00:58","modified_gmt":"2022-02-10T10:00:58","slug":"enoturismo","status":"publish","type":"page","link":"https:\/\/blog.cofan.es\/blog-turismo-vinasoro-es\/enoturismo\/","title":{"rendered":"Enoturismo"},"content":{"rendered":"\n<p>Todo lo que necesitas saber sobre enoturismo en nuestro Hotel Bodega Vi\u00f1asoro. Contamos con Bodega, visita guiada y catas comentadas por un en\u00f3logo. En medio de la campi\u00f1a manchega, Vi\u00f1asoro ofrece una experiencia \u00fanica para los sentidos. Vive. Vino. Vi\u00f1asoro.<\/p>\n","protected":false},"excerpt":{"rendered":"<p>Todo lo que necesitas saber sobre enoturismo en nuestro Hotel Bodega Vi\u00f1asoro. Contamos con Bodega, visita guiada y catas comentadas por un en\u00f3logo. En medio de la campi\u00f1a manchega, Vi\u00f1asoro ofrece una experiencia \u00fanica para los sentidos. Vive. Vino. Vi\u00f1asoro.<\/p>\n","protected":false},"author":15,"featured_media":0,"parent":0,"menu_order":0,"comment_status":"closed","ping_status":"closed","template":"","meta":{"footnotes":""},"class_list":["post-2975","page","type-page","status-publish","hentry"],"_links":{"self":[{"href":"https:\/\/blog.cofan.es\/blog-turismo-vinasoro-es\/wp-json\/wp\/v2\/pages\/2975","targetHints":{"allow":["GET"]}}],"collection":[{"href":"https:\/\/blog.cofan.es\/blog-turismo-vinasoro-es\/wp-json\/wp\/v2\/pages"}],"about":[{"href":"https:\/\/blog.cofan.es\/blog-turismo-vinasoro-es\/wp-json\/wp\/v2\/types\/page"}],"author":[{"embeddable":true,"href":"https:\/\/blog.cofan.es\/blog-turismo-vinasoro-es\/wp-json\/wp\/v2\/users\/15"}],"replies":[{"embeddable":true,"href":"https:\/\/blog.cofan.es\/blog-turismo-vinasoro-es\/wp-json\/wp\/v2\/comments?post=2975"}],"version-history":[{"count":1,"href":"https:\/\/blog.cofan.es\/blog-turismo-vinasoro-es\/wp-json\/wp\/v2\/pages\/2975\/revisions"}],"predecessor-version":[{"id":2976,"href":"https:\/\/blog.cofan.es\/blog-turismo-vinasoro-es\/wp-json\/wp\/v2\/pages\/2975\/revisions\/2976"}],"wp:attachment":[{"href":"https:\/\/blog.cofan.es\/blog-turismo-vinasoro-es\/wp-json\/wp\/v2\/media?parent=2975"}],"curies":[{"name":"wp","href":"https:\/\/api.w.org\/{rel}","templated":true}]}}