{"id":10,"date":"2012-03-21T16:12:38","date_gmt":"2012-03-21T16:12:38","guid":{"rendered":"http:\/\/blog.cofan.es\/master\/?page_id=10"},"modified":"2025-01-07T08:06:49","modified_gmt":"2025-01-07T08:06:49","slug":"empresa","status":"publish","type":"page","link":"https:\/\/blog.cofan.es\/blog-turismo-vinasoro-es\/empresa\/","title":{"rendered":"Empresa"},"content":{"rendered":"<div class=\"wpb-content-wrapper\"><p>[vc_row css_animation=&#8221;&#8221; row_type=&#8221;row&#8221; use_row_as_full_screen_section=&#8221;no&#8221; type=&#8221;full_width&#8221; angled_section=&#8221;no&#8221; text_align=&#8221;left&#8221; background_image_as_pattern=&#8221;without_pattern&#8221; css=&#8221;.vc_custom_1483440789543{margin-bottom: 30px !important;}&#8221;][vc_column][vc_column_text css=&#8221;&#8221;]<\/p>\n<h3 style=\"color: #772f30;\">HOTEL CH\u00c2TEAU VI\u00d1ASORO<\/h3>\n<p>&nbsp;<\/p>\n<p><strong>Hotel Ch\u00e2teau Vi\u00f1asoro es el lugar ideal para hacer turismo<\/strong>, ya que est\u00e1 situado en pleno coraz\u00f3n La Mancha, lo que lo convierte en una experiencia \u00fanica. Aqu\u00ed, cada detalle es cuidadosamente atendido para garantizar que su estancia o evento sea excepcional.<\/p>\n<p>Ubicado en Alc\u00e1zar de San Juan, Hotel Ch\u00e2teau Vi\u00f1asoro nace de la pasi\u00f3n por el vino y la experiencia inigualable de la hospitalidad manchega.<\/p>\n<p>&nbsp;<\/p>\n<p><strong>Hotel Vi\u00f1asoro<\/strong><\/p>\n<p>Nuestro hotel est\u00e1 dise\u00f1ado para ser su hogar lejos de casa. Con 24 habitaciones dobles: 7 ejecutivas, 14 superiores y 3 Deluxe, cada una decorada de forma \u00fanica, <strong>ofrecemos un retiro personalizado para cada visitante.<\/strong><\/p>\n<p>&nbsp;<\/p>\n<p><strong>Restaurante Panor\u00e1mico<\/strong><\/p>\n<p>El restaurante de Vi\u00f1asoro es <strong>una joya culinaria donde los sabores de la tierra se encuentran con la innovaci\u00f3n<\/strong>. Con vistas panor\u00e1micas de nuestros extensos jardines, el restaurante se transforma desde un luminoso y acogedor espacio durante el d\u00eda, hasta un \u00edntimo y rom\u00e1ntico enclave por la noche.<\/p>\n<p>&nbsp;<\/p>\n<p><strong>Bodas en Vi\u00f1asoro<\/strong><\/p>\n<p>Imag\u00ednese su boda en un entorno id\u00edlico, rodeado de jardines y amplias instalaciones. Nuestro equipo especializado en bodas har\u00e1 realidad sus sue\u00f1os, <strong>con opciones para celebrar ceremonias civiles y religiosas, ofreci\u00e9ndole exclusividad para su gran d\u00eda.<\/strong><\/p>\n<p>&nbsp;<\/p>\n<p><strong>Celebraciones y Eventos<\/strong><\/p>\n<p>Nuestras instalaciones ofrecen el escenario perfecto para eventos como conferencias o reuniones corporativas. <strong>Contamos con espacios y servicios vers\u00e1tiles que se pueden adaptar a cualquier necesidad<\/strong>, para asegurar que cada evento sea un \u00e9xito rotundo.<\/p>\n<p>&nbsp;<\/p>\n<p><strong>Turismo en Castilla-La Mancha<\/strong><\/p>\n<p>Hotel Ch\u00e2teau Vi\u00f1asoro es su <strong>punto de partida ideal para explorar la riqueza cultural y natural de Castilla-La Mancha<\/strong>. Desde los ic\u00f3nicos <strong>molinos de viento de Campo de Criptana<\/strong>, hasta los majestuosos paisajes naturales como el <strong>Parque Nacional de las Tablas de Daimiel<\/strong>. Hay mucho por descubrir en esta regi\u00f3n.<\/p>\n<p>&nbsp;<\/p>\n<p><strong>\u00bfPor Qu\u00e9 Elegirnos?<\/strong><\/p>\n<p>Elegir Vi\u00f1asoro significa optar por una experiencia aut\u00e9ntica, especial y profundamente arraigada en el amor por el buen hacer. Ya sea que busque una escapada de enoturismo, un lugar espectacular para celebrar su boda o simplemente un punto c\u00f3modo y tranquilo donde explorar La Mancha, estamos aqu\u00ed para asegurar que cada momento sea inolvidable.<\/p>\n<p>Para m\u00e1s informaci\u00f3n o realizar reservas, no dude en visitar nuestra <a href=\"https:\/\/www.bodegasvinasoro.com\/\">p\u00e1gina web<\/a> y descubrir todo lo que tenemos para ofrecerle. Estamos aqu\u00ed para darle la bienvenida y hacer que su estancia sea excepcional.<\/p>\n<p>&nbsp;<\/p>\n<div style=\"margin: 30px 125px;\"><img decoding=\"async\" title=\"\" src=\"\/wp-content\/uploads\/sites\/127\/2015\/11\/img-quienes-somos.jpg\" alt=\"\" \/><\/div>\n<h3 style=\"color: #772f30;\">\u00bfD\u00f3nde estamos?<\/h3>\n<p>&nbsp;<\/p>\n<div><iframe loading=\"lazy\" style=\"border: 0;\" src=\"https:\/\/www.google.com\/maps\/embed?pb=!1m18!1m12!1m3!1d3086.508075298189!2d-3.2368271846370655!3d39.322072879507516!2m3!1f0!2f0!3f0!3m2!1i1024!2i768!4f13.1!3m3!1m2!1s0xd69a85feb9a7ee3%3A0x390406f3eef65606!2sHotel+Chateau+Vi%C3%B1asoro!5e0!3m2!1ses!2ses!4v1446653269200\" width=\"100%\" height=\"300\" frameborder=\"0\" allowfullscreen=\"allowfullscreen\"><\/iframe><\/div>\n<div><\/div>\n<p class=\"font-parrafo\"><span style=\"color: #000000;\">Apenas hora y media la separa de Madrid, lo que hace que para el mayor mercado de la pen\u00ednsula (consumidores, empresas y visitantes) sea f\u00e1cilmente accesible por la autov\u00eda A-4 en el Km 120, a la altura de Tomelloso, se coge la autov\u00eda de los vi\u00f1edos, salida 92, Alc\u00e1zar de San Juan, direcci\u00f3n Manzanares.<\/span><\/p>\n<p>[\/vc_column_text][\/vc_column][\/vc_row]<\/p>\n<\/div>","protected":false},"excerpt":{"rendered":"<p>[vc_row css_animation=&#8221;&#8221; row_type=&#8221;row&#8221; use_row_as_full_screen_section=&#8221;no&#8221; type=&#8221;full_width&#8221; angled_section=&#8221;no&#8221; text_align=&#8221;left&#8221; background_image_as_pattern=&#8221;without_pattern&#8221; css=&#8221;.vc_custom_1483440789543{margin-bottom: 30px !important;}&#8221;][vc_column][vc_column_text css=&#8221;&#8221;] HOTEL CH\u00c2TEAU VI\u00d1ASORO &nbsp; Hotel Ch\u00e2teau Vi\u00f1asoro es el lugar ideal para hacer turismo, ya que est\u00e1 situado en pleno coraz\u00f3n La Mancha, lo que lo convierte en una experiencia \u00fanica. Aqu\u00ed, cada&#8230;<\/p>\n","protected":false},"author":1,"featured_media":0,"parent":0,"menu_order":0,"comment_status":"closed","ping_status":"closed","template":"","meta":{"footnotes":""},"class_list":["post-10","page","type-page","status-publish","hentry"],"_links":{"self":[{"href":"https:\/\/blog.cofan.es\/blog-turismo-vinasoro-es\/wp-json\/wp\/v2\/pages\/10","targetHints":{"allow":["GET"]}}],"collection":[{"href":"https:\/\/blog.cofan.es\/blog-turismo-vinasoro-es\/wp-json\/wp\/v2\/pages"}],"about":[{"href":"https:\/\/blog.cofan.es\/blog-turismo-vinasoro-es\/wp-json\/wp\/v2\/types\/page"}],"author":[{"embeddable":true,"href":"https:\/\/blog.cofan.es\/blog-turismo-vinasoro-es\/wp-json\/wp\/v2\/users\/1"}],"replies":[{"embeddable":true,"href":"https:\/\/blog.cofan.es\/blog-turismo-vinasoro-es\/wp-json\/wp\/v2\/comments?post=10"}],"version-history":[{"count":6,"href":"https:\/\/blog.cofan.es\/blog-turismo-vinasoro-es\/wp-json\/wp\/v2\/pages\/10\/revisions"}],"predecessor-version":[{"id":3240,"href":"https:\/\/blog.cofan.es\/blog-turismo-vinasoro-es\/wp-json\/wp\/v2\/pages\/10\/revisions\/3240"}],"wp:attachment":[{"href":"https:\/\/blog.cofan.es\/blog-turismo-vinasoro-es\/wp-json\/wp\/v2\/media?parent=10"}],"curies":[{"name":"wp","href":"https:\/\/api.w.org\/{rel}","templated":true}]}}