{"id":7,"date":"2012-03-21T16:10:33","date_gmt":"2012-03-21T16:10:33","guid":{"rendered":"http:\/\/blog.cofan.es\/master\/?page_id=5"},"modified":"2025-03-03T07:35:54","modified_gmt":"2025-03-03T07:35:54","slug":"inicio","status":"publish","type":"page","link":"https:\/\/blog.cofan.es\/almaconlaestrella\/","title":{"rendered":"Inicio"},"content":{"rendered":"<div class=\"wpb-content-wrapper\"><p>[vc_row css_animation=&#8221;&#8221; row_type=&#8221;row&#8221; use_row_as_full_screen_section=&#8221;no&#8221; type=&#8221;full_width&#8221; angled_section=&#8221;no&#8221; text_align=&#8221;left&#8221; background_image_as_pattern=&#8221;without_pattern&#8221;][vc_column][rev_slider_vc alias=&#8221;slider2007&#8243;][vc_column_text css=&#8221;.vc_custom_1603460686939{padding-top: 45px !important;padding-bottom: 45px !important;}&#8221;]<\/p>\n<h3 style=\"text-align: center;\"><em>\u201cLa clave de nuestro \u00e9xito es la dedicaci\u00f3n, profesionalidad y servicio que ofrecemos a nuestros clientes.\u201d<\/em><\/h3>\n<p>[\/vc_column_text][\/vc_column][vc_column][\/vc_column][\/vc_row][vc_row css_animation=&#8221;&#8221; row_type=&#8221;row&#8221; use_row_as_full_screen_section=&#8221;no&#8221; type=&#8221;full_width&#8221; angled_section=&#8221;no&#8221; text_align=&#8221;left&#8221; background_image_as_pattern=&#8221;without_pattern&#8221; css=&#8221;.vc_custom_1603444114401{padding-top: 30px !important;}&#8221; el_class=&#8221;d-none&#8221; z_index=&#8221;&#8221;][vc_column][vc_column_text]<\/p>\n<h1>Sobre Almacon La Estrella<\/h1>\n<hr \/>\n<p>[\/vc_column_text][vc_row_inner row_type=&#8221;row&#8221; type=&#8221;full_width&#8221; text_align=&#8221;left&#8221; css_animation=&#8221;&#8221; css=&#8221;.vc_custom_1482164768302{padding-top: 20px !important;}&#8221;][vc_column_inner width=&#8221;1\/2&#8243;][vc_column_text]<\/p>\n<p style=\"text-align: center;\"><a href=\"\/empresa\/\"><img loading=\"lazy\" decoding=\"async\" class=\"alignnone size-full wp-image-391\" src=\"\/wp-content\/uploads\/sites\/108\/2012\/03\/img-home-empresa.jpg\" alt=\"img-home-empresa\" width=\"260\" height=\"161\" \/><\/a><\/p>\n<p>[\/vc_column_text][vc_empty_space height=&#8221;10px&#8221;][\/vc_column_inner][vc_column_inner width=&#8221;1\/2&#8243;][vc_column_text]<\/p>\n<p class=\"parrafo\"><span style=\"color: #000000;\">Almac\u00f3n La Estrella, S.L., una empresa especializada en la venta de \u00fatiles y maquinaria para la construcci\u00f3n.<\/span><\/p>\n<p class=\"parrafo\"><span style=\"color: #000000;\">En 2010 en Almac\u00f3n la Estrella iniciamos un proceso de diversificaci\u00f3n de productos como consecuencia del crecimiento de nuestra cartera de clientes y la demanda que ellos nos realizan.<\/span><\/p>\n<p>[\/vc_column_text][\/vc_column_inner][\/vc_row_inner][\/vc_column][\/vc_row][vc_row css_animation=&#8221;&#8221; row_type=&#8221;row&#8221; use_row_as_full_screen_section=&#8221;no&#8221; type=&#8221;full_width&#8221; angled_section=&#8221;no&#8221; text_align=&#8221;left&#8221; background_image_as_pattern=&#8221;without_pattern&#8221; z_index=&#8221;&#8221; el_class=&#8221;iconos-fa&#8221;][vc_column width=&#8221;1\/4&#8243; css=&#8221;.vc_custom_1602687005810{padding: 20px !important;background-color: #b5b5b5 !important;}&#8221;][vc_column_text]<\/p>\n<h2 style=\"text-align: center;\"><span style=\"color: #ffffff;\"><br \/>\n<i class=\"fa fa-shopping-cart\"><\/i><br \/>\n<strong>VENTA<\/strong><\/span><\/h2>\n<p>[\/vc_column_text][vc_column_text css=&#8221;.vc_custom_1603446527934{padding-top: 30px !important;padding-right: 30px !important;padding-bottom: 30px !important;padding-left: 30px !important;}&#8221;]<strong><span style=\"color: #ffffff;\">Le ofrecemos una amplia gama de productos: ferreter\u00eda, pinturas bricolaje&#8230;<\/span><\/strong>[\/vc_column_text][vc_empty_space height=&#8221;145px&#8221;]<a  itemprop=\"url\" href=\"https:\/\/www.almaconlaestrella.es\/productos\/\" target=\"_self\"  class=\"qbutton  large center white default d-grid\" style=\"margin: 0px auto 0px auto; \">Ver m\u00e1s<\/a>[\/vc_column][vc_column width=&#8221;1\/4&#8243; css=&#8221;.vc_custom_1602687061791{padding: 20px !important;background-color: #6b6b6b !important;}&#8221;][vc_column_text]<\/p>\n<h2 style=\"text-align: center;\"><span style=\"color: #ffffff;\"><br \/>\n<i class=\"fa fa-truck\"><\/i><br \/>\n<strong>ALQUILER<\/strong><\/span><\/h2>\n<p>[\/vc_column_text][vc_column_text css=&#8221;.vc_custom_1603462801165{padding-top: 30px !important;padding-right: 30px !important;padding-bottom: 30px !important;padding-left: 30px !important;}&#8221;]<strong><span style=\"color: #ffffff;\">Gran variedad de servicios para lo que necesites: Cortadoras, jardiner\u00eda, hormigoneras&#8230;<\/span><\/strong>[\/vc_column_text][vc_empty_space height=&#8221;145px&#8221;]<a  itemprop=\"url\" href=\"https:\/\/www.almaconlaestrella.es\/alquiler-de-maquinaria\/\" target=\"_self\"  class=\"qbutton  large center white default d-grid\" style=\"margin: 0px auto 0px auto; \">Ver m\u00e1s<\/a>[\/vc_column][vc_column width=&#8221;1\/4&#8243; css=&#8221;.vc_custom_1602688398564{padding: 20px !important;background-color: #a5a5a5 !important;}&#8221;][vc_column_text]<\/p>\n<h2 style=\"text-align: center;\"><span style=\"color: #ffffff;\"><br \/>\n<i class=\"fa fa-image\"><\/i><br \/>\n<strong>GALER\u00cdA<\/strong><\/span><\/h2>\n<p>[\/vc_column_text][vc_column_text css=&#8221;.vc_custom_1603462744181{padding-top: 30px !important;padding-right: 30px !important;padding-bottom: 30px !important;padding-left: 30px !important;}&#8221;]<strong><span style=\"color: #ffffff;\">Visite nuestra galer\u00eda para ver m\u00e1s de nuestros productos, instalaciones<\/span><\/strong>[\/vc_column_text][vc_empty_space height=&#8221;145px&#8221;]<a  itemprop=\"url\" href=\"https:\/\/www.almaconlaestrella.es\/galeria\/\" target=\"_self\"  class=\"qbutton  large center white default d-grid\" style=\"margin: 0px auto 0px auto; \">Ver m\u00e1s<\/a>[\/vc_column][vc_column width=&#8221;1\/4&#8243; css=&#8221;.vc_custom_1603446970952{padding-top: 20px !important;padding-right: 20px !important;padding-bottom: 20px !important;padding-left: 20px !important;background-color: #898989 !important;}&#8221; el_class=&#8221;form-custom&#8221;][vc_column_text]<\/p>\n<h2 style=\"text-align: center;\"><span style=\"color: #ffffff;\"><br \/>\n<i class=\"fa fa-address-card\"><\/i><br \/>\n<strong>CONTACTO<\/strong><\/span><\/h2>\n<p>[\/vc_column_text]\n<div class=\"wpcf7 no-js\" id=\"wpcf7-f549-o1\" lang=\"es-ES\" dir=\"ltr\" data-wpcf7-id=\"549\">\n<div class=\"screen-reader-response\"><p role=\"status\" aria-live=\"polite\" aria-atomic=\"true\"><\/p> <ul><\/ul><\/div>\n<form action=\"\/almaconlaestrella\/wp-json\/wp\/v2\/pages\/7#wpcf7-f549-o1\" method=\"post\" class=\"wpcf7-form init cf7_custom_style_3\" aria-label=\"Formulario de contacto\" novalidate=\"novalidate\" data-status=\"init\">\n<fieldset class=\"hidden-fields-container\"><input type=\"hidden\" name=\"_wpcf7\" value=\"549\" \/><input type=\"hidden\" name=\"_wpcf7_version\" value=\"6.1.5\" \/><input type=\"hidden\" name=\"_wpcf7_locale\" value=\"es_ES\" \/><input type=\"hidden\" name=\"_wpcf7_unit_tag\" value=\"wpcf7-f549-o1\" \/><input type=\"hidden\" name=\"_wpcf7_container_post\" value=\"0\" \/><input type=\"hidden\" name=\"_wpcf7_posted_data_hash\" value=\"\" \/><input type=\"hidden\" name=\"_wpcf7_recaptcha_response\" value=\"\" \/>\n<\/fieldset>\n<p>Nombre (requerido)<br \/>\n<span class=\"wpcf7-form-control-wrap\" data-name=\"your-name\"><input size=\"40\" maxlength=\"400\" class=\"wpcf7-form-control wpcf7-text wpcf7-validates-as-required\" aria-required=\"true\" aria-invalid=\"false\" value=\"\" type=\"text\" name=\"your-name\" \/><\/span>\n<\/p>\n<p>Correo electr\u00f3nico (requerido)<br \/>\n<span class=\"wpcf7-form-control-wrap\" data-name=\"your-email\"><input size=\"40\" maxlength=\"400\" class=\"wpcf7-form-control wpcf7-email wpcf7-validates-as-required wpcf7-text wpcf7-validates-as-email\" aria-required=\"true\" aria-invalid=\"false\" value=\"\" type=\"email\" name=\"your-email\" \/><\/span>\n<\/p>\n<p>Mensaje\n<\/p>\n<p><span class=\"wpcf7-form-control-wrap\" data-name=\"your-message\"><textarea cols=\"40\" rows=\"10\" maxlength=\"2000\" class=\"wpcf7-form-control wpcf7-textarea\" aria-invalid=\"false\" name=\"your-message\"><\/textarea><\/span>\n<\/p>\n<p><input class=\"wpcf7-form-control wpcf7-submit has-spinner\" type=\"submit\" value=\"Enviar\" \/>\n<\/p>\n<div class=\"wpcf7-response-output\" aria-hidden=\"true\"><\/div>\n<\/form>\n<\/div>\n[vc_empty_space height=&#8221;10px&#8221;][\/vc_column][\/vc_row][vc_row css_animation=&#8221;&#8221; row_type=&#8221;row&#8221; use_row_as_full_screen_section=&#8221;no&#8221; type=&#8221;full_width&#8221; angled_section=&#8221;no&#8221; text_align=&#8221;left&#8221; background_image_as_pattern=&#8221;without_pattern&#8221; css=&#8221;.vc_custom_1526466860580{margin-top: 30px !important;margin-bottom: 30px !important;}&#8221;][vc_column width=&#8221;1\/6&#8243;][\/vc_column][vc_column width=&#8221;2\/3&#8243;][vc_column_text css=&#8221;&#8221;]<a href=\"https:\/\/www.cofan.es\/es\/privatearea\/login\/i9uhihscy\/\" target=\"_blank\" rel=\"noopener noreferrer\"><br \/>\n<img loading=\"lazy\" decoding=\"async\" class=\"aligncenter size-full\" src=\"\/wp-content\/uploads\/sites\/108\/2024\/09\/banner-cofan-nuevo.jpg\" alt=\"Compra Online Cofan\" width=\"1200\" height=\"200\" \/><br \/>\n<\/a>[\/vc_column_text][\/vc_column][vc_column width=&#8221;1\/6&#8243;][\/vc_column][\/vc_row]<\/p>\n<\/div>","protected":false},"excerpt":{"rendered":"<p>[vc_row css_animation=&#8221;&#8221; row_type=&#8221;row&#8221; use_row_as_full_screen_section=&#8221;no&#8221; type=&#8221;full_width&#8221; angled_section=&#8221;no&#8221; text_align=&#8221;left&#8221; background_image_as_pattern=&#8221;without_pattern&#8221;][vc_column][rev_slider_vc alias=&#8221;slider2007&#8243;][vc_column_text css=&#8221;.vc_custom_1603460686939{padding-top: 45px !important;padding-bottom: 45px !important;}&#8221;] \u201cLa clave de nuestro \u00e9xito es la dedicaci\u00f3n, profesionalidad y servicio que ofrecemos a nuestros clientes.\u201d [\/vc_column_text][\/vc_column][vc_column][\/vc_column][\/vc_row][vc_row css_animation=&#8221;&#8221; row_type=&#8221;row&#8221; use_row_as_full_screen_section=&#8221;no&#8221; type=&#8221;full_width&#8221; angled_section=&#8221;no&#8221; text_align=&#8221;left&#8221; background_image_as_pattern=&#8221;without_pattern&#8221; css=&#8221;.vc_custom_1603444114401{padding-top: 30px !important;}&#8221; el_class=&#8221;d-none&#8221; z_index=&#8221;&#8221;][vc_column][vc_column_text] Sobre Almacon&#8230;<\/p>\n","protected":false},"author":1,"featured_media":0,"parent":0,"menu_order":0,"comment_status":"closed","ping_status":"closed","template":"full_width.php","meta":{"footnotes":""},"class_list":["post-7","page","type-page","status-publish","hentry"],"_links":{"self":[{"href":"https:\/\/blog.cofan.es\/almaconlaestrella\/wp-json\/wp\/v2\/pages\/7","targetHints":{"allow":["GET"]}}],"collection":[{"href":"https:\/\/blog.cofan.es\/almaconlaestrella\/wp-json\/wp\/v2\/pages"}],"about":[{"href":"https:\/\/blog.cofan.es\/almaconlaestrella\/wp-json\/wp\/v2\/types\/page"}],"author":[{"embeddable":true,"href":"https:\/\/blog.cofan.es\/almaconlaestrella\/wp-json\/wp\/v2\/users\/1"}],"replies":[{"embeddable":true,"href":"https:\/\/blog.cofan.es\/almaconlaestrella\/wp-json\/wp\/v2\/comments?post=7"}],"version-history":[{"count":56,"href":"https:\/\/blog.cofan.es\/almaconlaestrella\/wp-json\/wp\/v2\/pages\/7\/revisions"}],"predecessor-version":[{"id":961,"href":"https:\/\/blog.cofan.es\/almaconlaestrella\/wp-json\/wp\/v2\/pages\/7\/revisions\/961"}],"wp:attachment":[{"href":"https:\/\/blog.cofan.es\/almaconlaestrella\/wp-json\/wp\/v2\/media?parent=7"}],"curies":[{"name":"wp","href":"https:\/\/api.w.org\/{rel}","templated":true}]}}