{"id":576,"date":"2020-10-23T13:37:59","date_gmt":"2020-10-23T13:37:59","guid":{"rendered":"http:\/\/blog.cofan.es\/almaconlaestrella\/?page_id=576"},"modified":"2021-07-12T09:39:38","modified_gmt":"2021-07-12T09:39:38","slug":"alquiler-de-maquinaria","status":"publish","type":"page","link":"https:\/\/blog.cofan.es\/almaconlaestrella\/alquiler-de-maquinaria\/","title":{"rendered":"Alquiler de maquinaria"},"content":{"rendered":"<div class=\"wpb-content-wrapper\"><p>[vc_row css_animation=&#8221;&#8221; row_type=&#8221;row&#8221; use_row_as_full_screen_section=&#8221;no&#8221; type=&#8221;full_width&#8221; angled_section=&#8221;no&#8221; text_align=&#8221;left&#8221; background_image_as_pattern=&#8221;without_pattern&#8221;][vc_column][vc_column_text]<\/p>\n<h2>En <strong>Almac\u00f3n La Estrella<\/strong> ponemos a tu disposici\u00f3n alquiler de maquinaria y \u00fatiles de construcci\u00f3n, pregunta sin compromiso, te ayudamos a elegir lo que necesitas.<\/h2>\n<p>[\/vc_column_text][vc_empty_space height=&#8221;75px&#8221;][\/vc_column][\/vc_row][vc_row css_animation=&#8221;&#8221; row_type=&#8221;row&#8221; use_row_as_full_screen_section=&#8221;no&#8221; type=&#8221;full_width&#8221; angled_section=&#8221;no&#8221; text_align=&#8221;left&#8221; background_image_as_pattern=&#8221;without_pattern&#8221;][vc_column width=&#8221;1\/2&#8243;][vc_column_text]<\/p>\n<h4 style=\"text-align: center;\"><a href=\"\/martillos-electricos\/\">MARTILLOS EL\u00c9CTRICOS<\/a><\/h4>\n<p>&nbsp;<\/p>\n<h4 style=\"text-align: center;\"><a href=\"\/compactacion\/\">COMPACTACI\u00d3N<\/a><\/h4>\n<p>&nbsp;<\/p>\n<h4 style=\"text-align: center;\"><a href=\"\/hormigoneras\/\">HORMIGONERAS<\/a><\/h4>\n<p>&nbsp;<\/p>\n<h4 style=\"text-align: center;\"><a href=\"\/vibracion\/\">VIBRACI\u00d3N<\/a><\/h4>\n<p>&nbsp;<\/p>\n<h4 style=\"text-align: center;\"><a href=\"\/cortadoras-y-mesas-de-corte\/\">CORTADAORAS Y MESAS DE CORTE<\/a><\/h4>\n<p>&nbsp;<\/p>\n<h4 style=\"text-align: center;\"><a href=\"\/bombas-de-agua\/\">BOMBAS DE AGUA<\/a><\/h4>\n<p>&nbsp;<\/p>\n<h4 style=\"text-align: center;\"><a href=\"\/grupos-electronicos\/\">GRUPOS ELECTR\u00d3NICOS<\/a><\/h4>\n<p>&nbsp;<\/p>\n<h4 style=\"text-align: center;\"><a href=\"\/elevadores\/\">ELEVADORES<\/a><\/h4>\n<p>[\/vc_column_text][\/vc_column][vc_column width=&#8221;1\/2&#8243;][vc_column_text]<\/p>\n<h4 style=\"text-align: center;\"><a href=\"\/soldadura\/\">SOLDADURA<\/a><\/h4>\n<p>&nbsp;<\/p>\n<h4 style=\"text-align: center;\"><a href=\"https:\/\/blog.cofan.es\/almaconlaestrella\/productos-jardineria\/\">JARDINER\u00cdA<\/a><\/h4>\n<p>&nbsp;<\/p>\n<h4 style=\"text-align: center;\"><a href=\"\/limpieza\/\">LIMPIEZA<\/a><\/h4>\n<p>&nbsp;<\/p>\n<h4 style=\"text-align: center;\"><a href=\"\/maquinaria-electrica-de-construccion\/\">MAQUINARIA EL\u00c9CTRICA DE CONSTRUCCI\u00d3N<\/a><\/h4>\n<p>&nbsp;<\/p>\n<h4 style=\"text-align: center;\"><a href=\"\/herramienta-manual\/\">HERRAMIENTA MANUAL<\/a><\/h4>\n<p>&nbsp;<\/p>\n<h4 style=\"text-align: center;\"><a href=\"\/pintura-maquinaria\/\">PINTURA( MAQUINARIA)<\/a><\/h4>\n<p>&nbsp;<\/p>\n<h4 style=\"text-align: center;\"><a href=\"\/andamios-y-escaleras\/\">ANDAMIOS Y ESCALERAS<\/a><\/h4>\n<p>&nbsp;<\/p>\n<h4 style=\"text-align: center;\"><a href=\"\/utiles-para-la-construccion\/\">\u00daTILES PARA LA CONSTRUCCI\u00d3N<\/a><\/h4>\n<p>&nbsp;<\/p>\n<h4 style=\"text-align: center;\"><a href=\"\/varios\/\">VARIOS<\/a><\/h4>\n<p>[\/vc_column_text][\/vc_column][\/vc_row]<\/p>\n<\/div>","protected":false},"excerpt":{"rendered":"<p>[vc_row css_animation=&#8221;&#8221; row_type=&#8221;row&#8221; use_row_as_full_screen_section=&#8221;no&#8221; type=&#8221;full_width&#8221; angled_section=&#8221;no&#8221; text_align=&#8221;left&#8221; background_image_as_pattern=&#8221;without_pattern&#8221;][vc_column][vc_column_text] En Almac\u00f3n La Estrella ponemos a tu disposici\u00f3n alquiler de maquinaria y \u00fatiles de construcci\u00f3n, pregunta sin compromiso, te ayudamos a elegir lo que necesitas. [\/vc_column_text][vc_empty_space height=&#8221;75px&#8221;][\/vc_column][\/vc_row][vc_row css_animation=&#8221;&#8221; row_type=&#8221;row&#8221; use_row_as_full_screen_section=&#8221;no&#8221; type=&#8221;full_width&#8221; angled_section=&#8221;no&#8221; text_align=&#8221;left&#8221; background_image_as_pattern=&#8221;without_pattern&#8221;][vc_column width=&#8221;1\/2&#8243;][vc_column_text] MARTILLOS EL\u00c9CTRICOS&#8230;<\/p>\n","protected":false},"author":1,"featured_media":0,"parent":0,"menu_order":0,"comment_status":"closed","ping_status":"closed","template":"","meta":{"footnotes":""},"class_list":["post-576","page","type-page","status-publish","hentry"],"_links":{"self":[{"href":"https:\/\/blog.cofan.es\/almaconlaestrella\/wp-json\/wp\/v2\/pages\/576","targetHints":{"allow":["GET"]}}],"collection":[{"href":"https:\/\/blog.cofan.es\/almaconlaestrella\/wp-json\/wp\/v2\/pages"}],"about":[{"href":"https:\/\/blog.cofan.es\/almaconlaestrella\/wp-json\/wp\/v2\/types\/page"}],"author":[{"embeddable":true,"href":"https:\/\/blog.cofan.es\/almaconlaestrella\/wp-json\/wp\/v2\/users\/1"}],"replies":[{"embeddable":true,"href":"https:\/\/blog.cofan.es\/almaconlaestrella\/wp-json\/wp\/v2\/comments?post=576"}],"version-history":[{"count":19,"href":"https:\/\/blog.cofan.es\/almaconlaestrella\/wp-json\/wp\/v2\/pages\/576\/revisions"}],"predecessor-version":[{"id":668,"href":"https:\/\/blog.cofan.es\/almaconlaestrella\/wp-json\/wp\/v2\/pages\/576\/revisions\/668"}],"wp:attachment":[{"href":"https:\/\/blog.cofan.es\/almaconlaestrella\/wp-json\/wp\/v2\/media?parent=576"}],"curies":[{"name":"wp","href":"https:\/\/api.w.org\/{rel}","templated":true}]}}