{"id":182,"date":"2013-03-21T14:26:05","date_gmt":"2013-03-21T14:26:05","guid":{"rendered":"http:\/\/blog.cofan.es\/almaconlaestrella-es\/?page_id=182"},"modified":"2021-07-12T10:46:17","modified_gmt":"2021-07-12T10:46:17","slug":"productos-quimicos-y-aislantes","status":"publish","type":"page","link":"https:\/\/blog.cofan.es\/almaconlaestrella\/productos-quimicos-y-aislantes\/","title":{"rendered":"Productos qu\u00edmicos y aislantes"},"content":{"rendered":"<div class=\"wpb-content-wrapper\"><p>[vc_row css_animation=&#8221;&#8221; row_type=&#8221;row&#8221; use_row_as_full_screen_section=&#8221;no&#8221; type=&#8221;full_width&#8221; angled_section=&#8221;no&#8221; text_align=&#8221;left&#8221; background_image_as_pattern=&#8221;without_pattern&#8221;][vc_column][vc_column_text]<\/p>\n<p style=\"text-align: center;\"><img loading=\"lazy\" decoding=\"async\" class=\"alignnone size-full wp-image-412\" src=\"\/wp-content\/uploads\/sites\/108\/2012\/03\/background-quimic.jpg\" alt=\"background-quimic\" width=\"314\" height=\"46\" srcset=\"https:\/\/blog.cofan.es\/almaconlaestrella\/wp-content\/uploads\/sites\/108\/2012\/03\/background-quimic.jpg 314w, https:\/\/blog.cofan.es\/almaconlaestrella\/wp-content\/uploads\/sites\/108\/2012\/03\/background-quimic-300x44.jpg 300w\" sizes=\"auto, (max-width: 314px) 100vw, 314px\" \/><\/p>\n<p>[\/vc_column_text][vc_row_inner row_type=&#8221;row&#8221; type=&#8221;full_width&#8221; text_align=&#8221;left&#8221; css_animation=&#8221;&#8221;][vc_column_inner width=&#8221;2\/3&#8243;][vc_column_text css=&#8221;.vc_custom_1482166886309{padding-top: 20px !important;}&#8221;]<span style=\"color: #000000;\"><strong>Almacon la Estrella<\/strong> pone a su disposici\u00f3n una amplia gama de productos qu\u00edmicos y aislantes.<\/span><\/p>\n<ul>\n<li><span style=\"color: #000000;\">Impermeabilizantes<\/span><\/li>\n<li><span style=\"color: #000000;\">L\u00e1minas de aislamiento t\u00e9rmico y ac\u00fastico<\/span><\/li>\n<li><span style=\"color: #000000;\">Drenajes<\/span><\/li>\n<li><span style=\"color: #000000;\">Adhesivos<\/span><\/li>\n<li><span style=\"color: #000000;\">Hidr\u00f3fugos<\/span><\/li>\n<li><span style=\"color: #000000;\">Desatascadores<\/span><\/li>\n<li><span style=\"color: #000000;\">Desincrustantes<\/span><\/li>\n<li><span style=\"color: #000000;\">Morteros<\/span><\/li>\n<li><span style=\"color: #000000;\">Desencofrantes<\/span><\/li>\n<li><span style=\"color: #000000;\">Selladores<\/span><\/li>\n<li><span style=\"color: #000000;\">[\u2026]<\/span><\/li>\n<\/ul>\n<p>[\/vc_column_text][\/vc_column_inner][vc_column_inner width=&#8221;1\/3&#8243;][vc_single_image image=&#8221;781&#8243; img_size=&#8221;large&#8221; qode_css_animation=&#8221;&#8221;][\/vc_column_inner][\/vc_row_inner][\/vc_column][\/vc_row]<\/p>\n<\/div>","protected":false},"excerpt":{"rendered":"<p>[vc_row css_animation=&#8221;&#8221; row_type=&#8221;row&#8221; use_row_as_full_screen_section=&#8221;no&#8221; type=&#8221;full_width&#8221; angled_section=&#8221;no&#8221; text_align=&#8221;left&#8221; background_image_as_pattern=&#8221;without_pattern&#8221;][vc_column][vc_column_text] [\/vc_column_text][vc_row_inner row_type=&#8221;row&#8221; type=&#8221;full_width&#8221; text_align=&#8221;left&#8221; css_animation=&#8221;&#8221;][vc_column_inner width=&#8221;2\/3&#8243;][vc_column_text css=&#8221;.vc_custom_1482166886309{padding-top: 20px !important;}&#8221;]Almacon la Estrella pone a su disposici\u00f3n una amplia gama de productos qu\u00edmicos y aislantes. Impermeabilizantes L\u00e1minas de aislamiento t\u00e9rmico y ac\u00fastico Drenajes Adhesivos Hidr\u00f3fugos Desatascadores Desincrustantes Morteros Desencofrantes&#8230;<\/p>\n","protected":false},"author":1,"featured_media":0,"parent":0,"menu_order":0,"comment_status":"closed","ping_status":"closed","template":"","meta":{"footnotes":""},"class_list":["post-182","page","type-page","status-publish","hentry"],"_links":{"self":[{"href":"https:\/\/blog.cofan.es\/almaconlaestrella\/wp-json\/wp\/v2\/pages\/182","targetHints":{"allow":["GET"]}}],"collection":[{"href":"https:\/\/blog.cofan.es\/almaconlaestrella\/wp-json\/wp\/v2\/pages"}],"about":[{"href":"https:\/\/blog.cofan.es\/almaconlaestrella\/wp-json\/wp\/v2\/types\/page"}],"author":[{"embeddable":true,"href":"https:\/\/blog.cofan.es\/almaconlaestrella\/wp-json\/wp\/v2\/users\/1"}],"replies":[{"embeddable":true,"href":"https:\/\/blog.cofan.es\/almaconlaestrella\/wp-json\/wp\/v2\/comments?post=182"}],"version-history":[{"count":4,"href":"https:\/\/blog.cofan.es\/almaconlaestrella\/wp-json\/wp\/v2\/pages\/182\/revisions"}],"predecessor-version":[{"id":783,"href":"https:\/\/blog.cofan.es\/almaconlaestrella\/wp-json\/wp\/v2\/pages\/182\/revisions\/783"}],"wp:attachment":[{"href":"https:\/\/blog.cofan.es\/almaconlaestrella\/wp-json\/wp\/v2\/media?parent=182"}],"curies":[{"name":"wp","href":"https:\/\/api.w.org\/{rel}","templated":true}]}}