{"id":174,"date":"2013-03-21T12:11:41","date_gmt":"2013-03-21T12:11:41","guid":{"rendered":"http:\/\/blog.cofan.es\/almaconlaestrella-es\/?page_id=174"},"modified":"2016-12-19T16:44:12","modified_gmt":"2016-12-19T16:44:12","slug":"construccion","status":"publish","type":"page","link":"https:\/\/blog.cofan.es\/almaconlaestrella\/construccion\/","title":{"rendered":"Construcci\u00f3n"},"content":{"rendered":"<div class=\"wpb-content-wrapper\"><p>[vc_row css_animation=&#8221;&#8221; row_type=&#8221;row&#8221; use_row_as_full_screen_section=&#8221;no&#8221; type=&#8221;full_width&#8221; angled_section=&#8221;no&#8221; text_align=&#8221;left&#8221; background_image_as_pattern=&#8221;without_pattern&#8221;][vc_column][vc_column_text]<\/p>\n<p style=\"text-align: center;\"><img loading=\"lazy\" decoding=\"async\" class=\"alignnone size-full wp-image-408\" src=\"\/wp-content\/uploads\/sites\/108\/2012\/03\/background-constr.jpg\" alt=\"background-constr\" width=\"314\" height=\"46\" srcset=\"https:\/\/blog.cofan.es\/almaconlaestrella\/wp-content\/uploads\/sites\/108\/2012\/03\/background-constr.jpg 314w, https:\/\/blog.cofan.es\/almaconlaestrella\/wp-content\/uploads\/sites\/108\/2012\/03\/background-constr-300x44.jpg 300w\" sizes=\"auto, (max-width: 314px) 100vw, 314px\" \/><\/p>\n<p>[\/vc_column_text][vc_column_text css=&#8221;.vc_custom_1482165849453{padding-top: 20px !important;}&#8221;]<span style=\"color: #000000;\">Somos especialistas en herramientas, \u00fatiles y maquinaria para construcci\u00f3n.<\/span><\/p>\n<p><span style=\"color: #000000;\">En <strong>Almacon la Estrella<\/strong> encontrar\u00e1 todo lo necesario para sus proyectos de obra, reforma y bricolaje, tanto para el profesional de la construcci\u00f3n como para el particular. Disponemos del mayor y m\u00e1s completo almac\u00e9n para obra y reforma de Sevilla.<\/span><\/p>\n<ul>\n<li><span style=\"color: #000000;\">Puntales<\/span><\/li>\n<li><span style=\"color: #000000;\">Tablerillos<\/span><\/li>\n<li><span style=\"color: #000000;\">Hormigoneras<\/span><\/li>\n<li><span style=\"color: #000000;\">Andamios europeos y convencionales<\/span><\/li>\n<li><span style=\"color: #000000;\">Martillos el\u00e9ctricos<\/span><\/li>\n<li><span style=\"color: #000000;\">Mezcladoras<\/span><\/li>\n<li><span style=\"color: #000000;\">Mesas de corte<\/span><\/li>\n<li><span style=\"color: #000000;\">Soldadoras<\/span><\/li>\n<li><span style=\"color: #000000;\">Vallas de cerramiento<\/span><\/li>\n<li><span style=\"color: #000000;\">[\u2026]<\/span><\/li>\n<\/ul>\n<p>[\/vc_column_text][\/vc_column][\/vc_row]<\/p>\n<\/div>","protected":false},"excerpt":{"rendered":"<p>[vc_row css_animation=&#8221;&#8221; row_type=&#8221;row&#8221; use_row_as_full_screen_section=&#8221;no&#8221; type=&#8221;full_width&#8221; angled_section=&#8221;no&#8221; text_align=&#8221;left&#8221; background_image_as_pattern=&#8221;without_pattern&#8221;][vc_column][vc_column_text] [\/vc_column_text][vc_column_text css=&#8221;.vc_custom_1482165849453{padding-top: 20px !important;}&#8221;]Somos especialistas en herramientas, \u00fatiles y maquinaria para construcci\u00f3n. En Almacon la Estrella encontrar\u00e1 todo lo necesario para sus proyectos de obra, reforma y bricolaje, tanto para el profesional de la construcci\u00f3n como para&#8230;<\/p>\n","protected":false},"author":1,"featured_media":0,"parent":0,"menu_order":0,"comment_status":"closed","ping_status":"closed","template":"","meta":{"footnotes":""},"class_list":["post-174","page","type-page","status-publish","hentry"],"_links":{"self":[{"href":"https:\/\/blog.cofan.es\/almaconlaestrella\/wp-json\/wp\/v2\/pages\/174","targetHints":{"allow":["GET"]}}],"collection":[{"href":"https:\/\/blog.cofan.es\/almaconlaestrella\/wp-json\/wp\/v2\/pages"}],"about":[{"href":"https:\/\/blog.cofan.es\/almaconlaestrella\/wp-json\/wp\/v2\/types\/page"}],"author":[{"embeddable":true,"href":"https:\/\/blog.cofan.es\/almaconlaestrella\/wp-json\/wp\/v2\/users\/1"}],"replies":[{"embeddable":true,"href":"https:\/\/blog.cofan.es\/almaconlaestrella\/wp-json\/wp\/v2\/comments?post=174"}],"version-history":[{"count":2,"href":"https:\/\/blog.cofan.es\/almaconlaestrella\/wp-json\/wp\/v2\/pages\/174\/revisions"}],"predecessor-version":[{"id":452,"href":"https:\/\/blog.cofan.es\/almaconlaestrella\/wp-json\/wp\/v2\/pages\/174\/revisions\/452"}],"wp:attachment":[{"href":"https:\/\/blog.cofan.es\/almaconlaestrella\/wp-json\/wp\/v2\/media?parent=174"}],"curies":[{"name":"wp","href":"https:\/\/api.w.org\/{rel}","templated":true}]}}