{"id":10,"date":"2012-03-21T16:12:38","date_gmt":"2012-03-21T16:12:38","guid":{"rendered":"http:\/\/blog.cofan.es\/master\/?page_id=10"},"modified":"2021-07-20T09:12:14","modified_gmt":"2021-07-20T09:12:14","slug":"empresa","status":"publish","type":"page","link":"https:\/\/blog.cofan.es\/almaconlaestrella\/empresa\/","title":{"rendered":"Empresa"},"content":{"rendered":"<div class=\"wpb-content-wrapper\"><p>[vc_row css_animation=&#8221;&#8221; row_type=&#8221;row&#8221; use_row_as_full_screen_section=&#8221;no&#8221; type=&#8221;full_width&#8221; angled_section=&#8221;no&#8221; text_align=&#8221;left&#8221; background_image_as_pattern=&#8221;without_pattern&#8221;][vc_column width=&#8221;1\/4&#8243;][vc_single_image image=&#8221;648&#8243; img_size=&#8221;large&#8221; qode_css_animation=&#8221;&#8221;][\/vc_column][vc_column width=&#8221;3\/4&#8243;][vc_column_text]<\/p>\n<h4><span style=\"color: #000000;\">Nuestros or\u00edgenes se remontan a principios de los 90, pero es en el a\u00f1o 2005 cuando nace <strong>Almacon La Estrella, S.L<\/strong>., una empresa especializada en la venta de \u00fatiles y maquinaria para la construcci\u00f3n.<\/span><\/h4>\n<h4><span style=\"color: #000000;\">En 2005 en Almacon la Estrella iniciamos un proceso de diversificaci\u00f3n de productos como consecuencia del crecimiento de nuestra cartera de clientes y la demanda que ellos nos realizan.<\/span><\/h4>\n<h4><\/h4>\n<p>[\/vc_column_text][\/vc_column][vc_column][vc_empty_space][\/vc_column][\/vc_row][vc_row css_animation=&#8221;&#8221; row_type=&#8221;row&#8221; use_row_as_full_screen_section=&#8221;no&#8221; type=&#8221;full_width&#8221; angled_section=&#8221;no&#8221; text_align=&#8221;left&#8221; background_image_as_pattern=&#8221;without_pattern&#8221;][vc_column][vc_empty_space][vc_column_text]<\/p>\n<h4><span style=\"color: #000000;\">Hoy en d\u00eda disponemos de m\u00e1s de 1000 m2 de instalaciones y unas 20.000 referencias en stock permanente, lo que nos permite cubrir cualquier necesidad al instante que tengan nuestros clientes, tanto a nivel profesional o de empresas como particular.<\/span><\/h4>\n<p>&nbsp;<\/p>\n<h4><span style=\"color: #000000;\"><strong>Almac\u00f3n la Estrella<\/strong> da cobertura de servicios en todo lo referente a maquinaria y \u00fatiles de construcci\u00f3n, vestuario laboral, material de seguridad EPIS, bricolaje y ferreter\u00eda general, jardiner\u00eda, impermeabilizantes, pintura y decoraci\u00f3n, todo ello con la garant\u00eda de las principales marcas del mercado y bajo la supervisi\u00f3n y el asesoramiento de personal altamente cualificado avalado por m\u00e1s de 20 a\u00f1os de experiencia.<\/span><\/h4>\n<h4><span style=\"color: #000000;\">La clave de nuestro \u00e9xito es la dedicaci\u00f3n, profesionalidad y servicio que ofrecemos a nuestros clientes.<\/span><\/h4>\n<p>[\/vc_column_text][vc_empty_space][\/vc_column][\/vc_row][vc_row css_animation=&#8221;&#8221; row_type=&#8221;row&#8221; use_row_as_full_screen_section=&#8221;no&#8221; type=&#8221;full_width&#8221; angled_section=&#8221;no&#8221; text_align=&#8221;left&#8221; background_image_as_pattern=&#8221;without_pattern&#8221; css=&#8221;.vc_custom_1482165606358{padding-top: 15px !important;}&#8221;][vc_column][vc_column_text]<\/p>\n<h1>\u00bfD\u00f3nde estamos?<\/h1>\n<hr \/>\n<p>[\/vc_column_text][vc_column_text]POL\u00cdGONO INDUSTRIAL LA ESTRELLA, Calle MEC\u00c1NICOS NAVE F 6-7, 41100 Coria del R\u00edo, Sevilla[\/vc_column_text][vc_column_text css=&#8221;.vc_custom_1626074278291{padding-top: 15px !important;}&#8221;]<iframe loading=\"lazy\" style=\"border: 0;\" src=\"https:\/\/www.google.com\/maps\/embed?pb=!1m18!1m12!1m3!1d561.0757912192863!2d-6.058417017335841!3d37.29693563081785!2m3!1f0!2f0!3f0!3m2!1i1024!2i768!4f13.1!3m3!1m2!1s0xd1272b75054b10b%3A0xb18d567bd02e786a!2zQWxtYWPDs24!5e0!3m2!1ses!2ses!4v1626074169564!5m2!1ses!2ses\" width=\"100%\" height=\"250\" frameborder=\"0\" allowfullscreen=\"allowfullscreen\"><\/iframe>[\/vc_column_text][\/vc_column][\/vc_row][vc_row css_animation=&#8221;&#8221; row_type=&#8221;row&#8221; use_row_as_full_screen_section=&#8221;no&#8221; type=&#8221;full_width&#8221; angled_section=&#8221;no&#8221; text_align=&#8221;left&#8221; background_image_as_pattern=&#8221;without_pattern&#8221;][vc_column][vc_empty_space height=&#8221;50px&#8221;][vc_column_text]<\/p>\n<h1>Nuestros horarios:<\/h1>\n<hr \/>\n<p>[\/vc_column_text][vc_column_text]<\/p>\n<h4>Lunes a viernes: 07:00 a 14:00 y de 16:00 a 20:00<\/h4>\n<h4>S\u00e1bados: 08:00 a 13:00<\/h4>\n<p>[\/vc_column_text][vc_empty_space][vc_column_text]<\/p>\n<h3>Horario de verano:<\/h3>\n<h4>Lunes a Viernes:<\/h4>\n<h4>De 07:00 a 14:00 y de 17:00 a 20:00<\/h4>\n<h4>S\u00e1bados:<\/h4>\n<h4>De 08:00 a 13:00<\/h4>\n<h4><\/h4>\n<p>[\/vc_column_text][\/vc_column][\/vc_row]<\/p>\n<\/div>","protected":false},"excerpt":{"rendered":"<p>[vc_row css_animation=&#8221;&#8221; row_type=&#8221;row&#8221; use_row_as_full_screen_section=&#8221;no&#8221; type=&#8221;full_width&#8221; angled_section=&#8221;no&#8221; text_align=&#8221;left&#8221; background_image_as_pattern=&#8221;without_pattern&#8221;][vc_column width=&#8221;1\/4&#8243;][vc_single_image image=&#8221;648&#8243; img_size=&#8221;large&#8221; qode_css_animation=&#8221;&#8221;][\/vc_column][vc_column width=&#8221;3\/4&#8243;][vc_column_text] Nuestros or\u00edgenes se remontan a principios de los 90, pero es en el a\u00f1o 2005 cuando nace Almacon La Estrella, S.L., una empresa especializada en la venta de \u00fatiles y maquinaria para&#8230;<\/p>\n","protected":false},"author":1,"featured_media":0,"parent":0,"menu_order":0,"comment_status":"closed","ping_status":"closed","template":"","meta":{"footnotes":""},"class_list":["post-10","page","type-page","status-publish","hentry"],"_links":{"self":[{"href":"https:\/\/blog.cofan.es\/almaconlaestrella\/wp-json\/wp\/v2\/pages\/10","targetHints":{"allow":["GET"]}}],"collection":[{"href":"https:\/\/blog.cofan.es\/almaconlaestrella\/wp-json\/wp\/v2\/pages"}],"about":[{"href":"https:\/\/blog.cofan.es\/almaconlaestrella\/wp-json\/wp\/v2\/types\/page"}],"author":[{"embeddable":true,"href":"https:\/\/blog.cofan.es\/almaconlaestrella\/wp-json\/wp\/v2\/users\/1"}],"replies":[{"embeddable":true,"href":"https:\/\/blog.cofan.es\/almaconlaestrella\/wp-json\/wp\/v2\/comments?post=10"}],"version-history":[{"count":9,"href":"https:\/\/blog.cofan.es\/almaconlaestrella\/wp-json\/wp\/v2\/pages\/10\/revisions"}],"predecessor-version":[{"id":809,"href":"https:\/\/blog.cofan.es\/almaconlaestrella\/wp-json\/wp\/v2\/pages\/10\/revisions\/809"}],"wp:attachment":[{"href":"https:\/\/blog.cofan.es\/almaconlaestrella\/wp-json\/wp\/v2\/media?parent=10"}],"curies":[{"name":"wp","href":"https:\/\/api.w.org\/{rel}","templated":true}]}}